{"id":64204,"date":"2024-08-23T11:11:14","date_gmt":"2024-08-23T09:11:14","guid":{"rendered":"https:\/\/www.raschvin.com\/produkt\/corte-alta-amarone-camparol-della-valpolicella-classico-d-o-c-g-2018-75-cl\/"},"modified":"2024-08-23T11:11:14","modified_gmt":"2024-08-23T09:11:14","slug":"corte-alta-amarone-camparol-della-valpolicella-classico-d-o-c-g-2018-75-cl","status":"publish","type":"product","link":"https:\/\/www.raschvin.com\/sv\/produkt\/corte-alta-amarone-camparol-della-valpolicella-classico-d-o-c-g-2018-75-cl\/","title":{"rendered":"Corte Alta Amarone Camparol Della Valpolicella Classico D.O.C.G. 2018 75 cl."},"content":{"rendered":"<p>Uts\u00f6kt Amarone. Det kanske mest sj\u00e4lvklara vinet till julafton!<\/p>\n<p>Italienarna har ett koncept f\u00f6r viner som ska avnjutas kalla kv\u00e4llar framf\u00f6r brasan. De kallar det &#8217;vino meditazione&#8217; &#8211; meditationsvin. Det \u00e4r en kategori som ofta faller f\u00f6r viner med s\u00f6tma och h\u00f6g alkohol, precis som en Amarone.<\/p>\n<p>Vinet passar alldeles utm\u00e4rkt till julafton, men det kan f\u00f6rst\u00e5s ocks\u00e5 avnjutas till stor del p\u00e5 egen hand, utan annat tillbeh\u00f6r \u00e4n l\u00e5gornas sprakande.<\/p>\n<p>Om Tenuta Corte Alta<br \/>\nEn av Valpolicellas skickligaste vinmakare g\u00f6r balanserade och fr\u00e4scha Valpolicella-viner fr\u00e5n h\u00f6gt bel\u00e4gna f\u00e4lt. Accordini-br\u00f6derna Tiziano och Daniele \u00e4r k\u00e4nda som n\u00e5gra av Venetoregionens skickligaste vinmakare. De driver familjef\u00f6retaget Stefano Accordini i Fumane, som har producerat viner i appellationen Valpolicella sedan tidigt 1900-tal.<\/p>\n<p>Intill driver Tiziano Accordini Corte Alta med sin son Giacomo. Detta lyxprojekt tog verkligen fart n\u00e4r Tiziano \u00e5r 2000 k\u00f6pte 8 ha av den b\u00e4st bel\u00e4gna marken i omr\u00e5det. Ving\u00e5rdarna ligger n\u00e4ra Cavalo och Mazzurega p\u00e5 5-600 meters h\u00f6jd och \u00e4r d\u00e4rmed n\u00e5gra av Valpolicellas h\u00f6gsta.<\/p>\n<p>Friskhet, balans och koncentrerad frukt<\/p>\n<p>F\u00f6r Corte Alta-vinerna \u00e4r balans och fr\u00e4sch\u00f6r i samspel med den koncentrerade frukten alfa och omega. Och just f\u00f6r att vinstockarna odlas p\u00e5 h\u00f6gt bel\u00e4gna f\u00e4lt ger det vinerna en fr\u00e4schare fruktsyra. Druvorna mognar helt enkelt 10-14 dagar senare \u00e4n de som odlas p\u00e5 l\u00e4gre h\u00f6jder. Vinerna \u00e4r gjorda p\u00e5 den lokala Corvina-druvan, kompletterad med lite Rondinella och en nypa Molinara. De \u00e4r saftiga och drickbara med en m\u00e5ttlig alkoholhalt.<\/p>\n","protected":false},"excerpt":{"rendered":"<p>Veneto \u2013 Italy<\/p>\n","protected":false},"featured_media":64364,"template":"","meta":{"_acf_changed":false,"rs_blank_template":"","rs_page_bg_color":"","slide_template_v7":""},"product_brand":[],"product_cat":[2788,2798],"product_tag":[],"class_list":{"0":"post-64204","1":"product","2":"type-product","3":"status-publish","4":"has-post-thumbnail","6":"product_cat-vin-sv","7":"product_cat-roedvin-sv","8":"pa_aargang-2018-sv","9":"pa_drue-corvina-sv","10":"pa_drue-rondinella-sv","11":"pa_drue-molinara-sv","12":"pa_land-italien-sv","13":"pa_procent-16-5-sv","14":"pa_producent-tenuta-corte-alta-sv","15":"pa_region-valpolicella-sv","16":"pa_serveringstemperatur-18-20-sv","17":"pa_volume-75-sv","19":"first","20":"outofstock","21":"sale","22":"taxable","23":"shipping-taxable","24":"purchasable","25":"product-type-simple"},"bundled_by":[],"bundle_stock_status":"outofstock","bundle_stock_quantity":null,"bundle_virtual":false,"bundle_layout":"","bundle_add_to_cart_form_location":"","bundle_editable_in_cart":false,"bundle_sold_individually_context":"","bundle_item_grouping":"","bundle_min_size":"","bundle_max_size":"","bundle_price":[],"bundled_items":[],"bundle_sell_ids":[],"acf":[],"_links":{"self":[{"href":"https:\/\/www.raschvin.com\/sv\/wp-json\/wp\/v2\/product\/64204","targetHints":{"allow":["GET"]}}],"collection":[{"href":"https:\/\/www.raschvin.com\/sv\/wp-json\/wp\/v2\/product"}],"about":[{"href":"https:\/\/www.raschvin.com\/sv\/wp-json\/wp\/v2\/types\/product"}],"wp:featuredmedia":[{"embeddable":true,"href":"https:\/\/www.raschvin.com\/sv\/wp-json\/wp\/v2\/media\/64364"}],"wp:attachment":[{"href":"https:\/\/www.raschvin.com\/sv\/wp-json\/wp\/v2\/media?parent=64204"}],"wp:term":[{"taxonomy":"product_brand","embeddable":true,"href":"https:\/\/www.raschvin.com\/sv\/wp-json\/wp\/v2\/product_brand?post=64204"},{"taxonomy":"product_cat","embeddable":true,"href":"https:\/\/www.raschvin.com\/sv\/wp-json\/wp\/v2\/product_cat?post=64204"},{"taxonomy":"product_tag","embeddable":true,"href":"https:\/\/www.raschvin.com\/sv\/wp-json\/wp\/v2\/product_tag?post=64204"}],"curies":[{"name":"wp","href":"https:\/\/api.w.org\/{rel}","templated":true}]}}