{"id":64035,"date":"2024-08-22T11:10:27","date_gmt":"2024-08-22T09:10:27","guid":{"rendered":"https:\/\/www.raschvin.com\/produkt\/navimer-alcohol-pur-100-cl-96\/"},"modified":"2024-08-22T11:10:27","modified_gmt":"2024-08-22T09:10:27","slug":"navimer-alcohol-pur-100-cl-96","status":"publish","type":"product","link":"https:\/\/www.raschvin.com\/sv\/produkt\/navimer-alcohol-pur-100-cl-96\/","title":{"rendered":"Navimer Alcohol Pur 100 cl. 96%"},"content":{"rendered":"<p>Sprit 96% anv\u00e4nds fr\u00e4mst f\u00f6r att g\u00f6ra din egen konjak, genom att extrahera b\u00e4r och \u00f6rter.<\/p>\n<p>Navimer Alcohol Pur \u00e4r ett rent destillat som inneh\u00e5ller 96 % alkohol. P\u00e5 grund av den h\u00f6ga alkoholhalten \u00e4r den inte l\u00e4mplig f\u00f6r ren konsumtion. Navimer Alcohol Pur och ren alkohol i allm\u00e4nhet \u00e4r s\u00e4rskilt l\u00e4mpliga f\u00f6r att bearbeta r\u00e4tter eller blanda.<\/p>\n<p>I grund och botten \u00e4r Navimer Alcohol Pur en vodka. Eftersom den har destillerats flera g\u00e5nger \u00e4r den starkare \u00e4n vanlig vodka. Den har ingen lukt, f\u00e4rg eller smak p\u00e5 grund av de m\u00e5nga destillationerna.<\/p>\n<p>Navimer \u00e4r popul\u00e4rt f\u00f6r att g\u00f6ra sin egen limoncello. Den anv\u00e4nds ocks\u00e5 som efterr\u00e4tt eller f\u00f6r att g\u00f6ra andra lik\u00f6rer. 96 % alkohol \u00e4r den h\u00f6gsta andelen som kan erh\u00e5llas. Navimer tillverkas i Belgien.<\/p>\n","protected":false},"excerpt":{"rendered":"<p>Pure Alcohol<\/p>\n","protected":false},"featured_media":64071,"template":"","meta":{"_acf_changed":false,"rs_blank_template":"","rs_page_bg_color":"","slide_template_v7":""},"product_brand":[],"product_cat":[4609,2402,2409],"product_tag":[],"class_list":{"0":"post-64035","1":"product","2":"type-product","3":"status-publish","4":"has-post-thumbnail","6":"product_cat-plain-sv","7":"product_cat-sprit-sv","8":"product_cat-vodka-sv","9":"pa_land-nederlaenderna","10":"pa_procent-96-sv","11":"pa_volume-100-sv","13":"first","14":"instock","15":"taxable","16":"shipping-taxable","17":"purchasable","18":"product-type-simple"},"bundled_by":[],"bundle_stock_status":"instock","bundle_stock_quantity":null,"bundle_virtual":false,"bundle_layout":"","bundle_add_to_cart_form_location":"","bundle_editable_in_cart":false,"bundle_sold_individually_context":"","bundle_item_grouping":"","bundle_min_size":"","bundle_max_size":"","bundle_price":[],"bundled_items":[],"bundle_sell_ids":[],"acf":[],"_links":{"self":[{"href":"https:\/\/www.raschvin.com\/sv\/wp-json\/wp\/v2\/product\/64035","targetHints":{"allow":["GET"]}}],"collection":[{"href":"https:\/\/www.raschvin.com\/sv\/wp-json\/wp\/v2\/product"}],"about":[{"href":"https:\/\/www.raschvin.com\/sv\/wp-json\/wp\/v2\/types\/product"}],"wp:featuredmedia":[{"embeddable":true,"href":"https:\/\/www.raschvin.com\/sv\/wp-json\/wp\/v2\/media\/64071"}],"wp:attachment":[{"href":"https:\/\/www.raschvin.com\/sv\/wp-json\/wp\/v2\/media?parent=64035"}],"wp:term":[{"taxonomy":"product_brand","embeddable":true,"href":"https:\/\/www.raschvin.com\/sv\/wp-json\/wp\/v2\/product_brand?post=64035"},{"taxonomy":"product_cat","embeddable":true,"href":"https:\/\/www.raschvin.com\/sv\/wp-json\/wp\/v2\/product_cat?post=64035"},{"taxonomy":"product_tag","embeddable":true,"href":"https:\/\/www.raschvin.com\/sv\/wp-json\/wp\/v2\/product_tag?post=64035"}],"curies":[{"name":"wp","href":"https:\/\/api.w.org\/{rel}","templated":true}]}}