{"id":64028,"date":"2024-08-22T10:33:54","date_gmt":"2024-08-22T08:33:54","guid":{"rendered":"https:\/\/www.raschvin.com\/produkt\/selection-delas-viognier-2023-75-cl\/"},"modified":"2024-08-22T10:33:54","modified_gmt":"2024-08-22T08:33:54","slug":"selection-delas-viognier-2023-75-cl","status":"publish","type":"product","link":"https:\/\/www.raschvin.com\/sv\/produkt\/selection-delas-viognier-2023-75-cl\/","title":{"rendered":"Selection Delas Viognier 2023 75 cl."},"content":{"rendered":"<p>Superelegant doft av f\u00e4rska \u00e4pplen, syltade p\u00e4ron och en fin mineralitet. Fyllig p\u00e5 tungan med toner av exotisk frukt och en l\u00e5ng, kryddig eftersmak.<\/p>\n<p>Kallj\u00e4sning i 24 timmar. J\u00e4sning i rostfria tankar vid max. 18 grader.<\/p>\n<p>Om Maison Delas Freres<br \/>\nMaison Delas Fr\u00e8res grundades 1835 i Saint Jean Muzols, bel\u00e4get i hj\u00e4rtat av Saint-Joseph. 1977 \u00f6vertogs huset av v\u00e4lrenommerade Champagne Deutz och med en bra kapitaltillskott har all vinifieringsutrustning och liknande f\u00f6rnyats under ett antal \u00e5r s\u00e5 att Delas Fr\u00e8res idag framst\u00e5r som en av de modernaste ving\u00e5rdarna i Rh\u00f4nedalen.<\/p>\n<p>Delas Fr\u00e8res eftertraktade toppviner fr\u00e5n Rh\u00f4nedalen<br \/>\nHos Delas Fr\u00e8res har kapaciteten ut\u00f6kats f\u00f6r att b\u00e4ttre m\u00f6ta den st\u00e4ndigt \u00f6kande efterfr\u00e5gan. Det har gjort att det \u2013 trots husets m\u00e5nga innehav av ving\u00e5rdar i n\u00e5gra av Rh\u00f4nedalens mest k\u00e4nda kommuner \u2013 \u00e4ven k\u00f6per en viss m\u00e4ngd druvor fr\u00e5n de mest kvalitetsmedvetna vinodlarna i omr\u00e5dena. Det \u00e4r just det stora innehavet av ving\u00e5rdar som Delas Fr\u00e8res har i Rh\u00f4nedalen som bidrar till att huset har beslutat att de varierande terroirerna i de olika appellationerna ska komma till uttryck s\u00e5 bra som m\u00f6jligt i de olika vinerna. En av anledningarna till Delas Fr\u00e8res stora framg\u00e5ngar g\u00e5r tillbaka till 1997, d\u00e5 den unge oenologen Jacques Grange anst\u00e4lldes. Jacques Grange \u00e4r f\u00f6dd och uppvuxen i Bourgogne och har under sin relativt korta karri\u00e4r varit en stor bidragande orsak till den ren\u00e4ssans som Rh\u00f4ne-distriktet har f\u00e5tt, och han \u00e4r ocks\u00e5 mannen bakom flera av distriktets 100 po\u00e4ngs viner. Sedan Jacques int\u00e5g i Delas Fr\u00e8res k\u00e4llare har det n\u00e4stan skett en revolution med vinerna och efter att tidigare ha st\u00e5tt i skuggan av stora hus som Guigal har Delas Fr\u00e8res senaste \u00e5rg\u00e5ngar anslutit sig till Rh\u00f4neomr\u00e5dets f\u00f6rn\u00e4msta vinelit. Och inte nog med det \u2013 de ligger ocks\u00e5 i en mycket rimligare prisklass.<\/p>\n","protected":false},"excerpt":{"rendered":"<p>Maison Delas Freres &#8211; Rh\u00f4ne France<\/p>\n","protected":false},"featured_media":64050,"template":"","meta":{"_acf_changed":false,"rs_blank_template":"","rs_page_bg_color":"","slide_template_v7":""},"product_brand":[],"product_cat":[2788,2792],"product_tag":[],"class_list":{"0":"post-64028","1":"product","2":"type-product","3":"status-publish","4":"has-post-thumbnail","6":"product_cat-vin-sv","7":"product_cat-vitt-vin","8":"pa_aargang-2023-sv","9":"pa_drue-viognier-sv","10":"pa_land-frankrike","11":"pa_procent-13-sv","12":"pa_producent-maison-delas-freres-sv","13":"pa_region-rhone-sv","14":"pa_serveringstemperatur-10-12-sv-2","15":"pa_volume-75-sv","17":"first","18":"instock","19":"taxable","20":"shipping-taxable","21":"purchasable","22":"product-type-simple"},"bundled_by":[],"bundle_stock_status":"instock","bundle_stock_quantity":null,"bundle_virtual":false,"bundle_layout":"","bundle_add_to_cart_form_location":"","bundle_editable_in_cart":false,"bundle_sold_individually_context":"","bundle_item_grouping":"","bundle_min_size":"","bundle_max_size":"","bundle_price":[],"bundled_items":[],"bundle_sell_ids":[],"acf":[],"_links":{"self":[{"href":"https:\/\/www.raschvin.com\/sv\/wp-json\/wp\/v2\/product\/64028","targetHints":{"allow":["GET"]}}],"collection":[{"href":"https:\/\/www.raschvin.com\/sv\/wp-json\/wp\/v2\/product"}],"about":[{"href":"https:\/\/www.raschvin.com\/sv\/wp-json\/wp\/v2\/types\/product"}],"wp:featuredmedia":[{"embeddable":true,"href":"https:\/\/www.raschvin.com\/sv\/wp-json\/wp\/v2\/media\/64050"}],"wp:attachment":[{"href":"https:\/\/www.raschvin.com\/sv\/wp-json\/wp\/v2\/media?parent=64028"}],"wp:term":[{"taxonomy":"product_brand","embeddable":true,"href":"https:\/\/www.raschvin.com\/sv\/wp-json\/wp\/v2\/product_brand?post=64028"},{"taxonomy":"product_cat","embeddable":true,"href":"https:\/\/www.raschvin.com\/sv\/wp-json\/wp\/v2\/product_cat?post=64028"},{"taxonomy":"product_tag","embeddable":true,"href":"https:\/\/www.raschvin.com\/sv\/wp-json\/wp\/v2\/product_tag?post=64028"}],"curies":[{"name":"wp","href":"https:\/\/api.w.org\/{rel}","templated":true}]}}