{"id":63528,"date":"2024-08-16T08:23:54","date_gmt":"2024-08-16T06:23:54","guid":{"rendered":"https:\/\/www.raschvin.com\/produkt\/longrow-red-7-years-pinot-noir-cask-matured-2024-release-70-cl-571\/"},"modified":"2024-11-26T16:46:25","modified_gmt":"2024-11-26T15:46:25","slug":"longrow-red-7-years-pinot-noir-cask-matured-2024-release-70-cl-571","status":"publish","type":"product","link":"https:\/\/www.raschvin.com\/sv\/produkt\/longrow-red-7-years-pinot-noir-cask-matured-2024-release-70-cl-571\/","title":{"rendered":"Longrow Red 7 Years Pinot Noir Cask Matured 2024 Release 70 cl. 57,1%"},"content":{"rendered":"<p>Denna Longrow RED 7 Year Old mognade p\u00e5 ex-bourbonfat under de f\u00f6rsta 4 \u00e5ren, men flyttades sedan till f\u00e4rska Pinot Noir-vinfat i ytterligare 3 \u00e5r. Longrow RED kommer fr\u00e5n Springbank Distillery i Skottland. Campbeltown-regionen som denna Longrow 7 Year Old Scotch Whisky kommer fr\u00e5n var en g\u00e5ng whiskymetropolen i Skottland. Med f\u00f6r\u00e4ndringen av blandproducenterna mot Speyside-regionen f\u00f6rlorade regionen allt mer sin betydelse f\u00f6r whiskyproduktion. S\u00e5 1935 fanns det bara 2 whiskydestillerier som fortfarande producerade i denna region. Den ena var Springbank och den andra var Glen Scotia. \u00c5r 1973 beslutade Springbank destilleriet att l\u00e4gga till en r\u00f6kig version till sitt sortiment ut\u00f6ver de mycket framg\u00e5ngsrika skotska malterna. F\u00f6r att inte f\u00f6rvr\u00e4nga destilleriets karakt\u00e4r valdes namnet p\u00e5 Longrow-destilleriet som l\u00e5g intill. Den strikt begr\u00e4nsade Longrow 7 Years Pinot Noir Edition buteljerades i Skottland med en fatstyrka p\u00e5 57,1% vol. Detta \u00e4r 2024 \u00e5rs release.<\/p>\n<p>Smakanteckningen f\u00f6r Longrow 7 \u00e5r gamla Pinot Noir Cask:<\/p>\n<p>NOSA: Kr\u00e4mig och fruktig p\u00e5 n\u00e4san, med toner av pudding, bj\u00f6rnb\u00e4rsgel\u00e9, r\u00f6da \u00e4pplen och k\u00f6rsb\u00e4r. Den l\u00e5nga karakt\u00e4ren presenterar sig i en r\u00f6kig gl\u00f6d, tillsammans med en antydan av m\u00f6rdegskaka.<\/p>\n<p>SMAK: R\u00f6kigheten forts\u00e4tter i gommen och garvsyrasmaker utvecklas. En balanserad ton av s\u00f6ta aromer med tranb\u00e4r och hallon och en delikat ton av malt.<\/p>\n<p>AVSLUTNING: L\u00e5ng, varm och kraftfull.<\/p>\n<p>Den 7-\u00e5riga Longrow har en vacker variation av aromer som understryks av fina, torviga accenter. Springbank-destilleriet, som destillerar denna longrow, har lyckats producera en skotsk single malt med upplagan av torvmalt, som har f\u00e5tt internationell uppm\u00e4rksamhet<\/p>\n","protected":false},"excerpt":{"rendered":"<p>Peated Campbeltown Single Malt Scotch Whisky<\/p>\n","protected":false},"featured_media":63545,"template":"","meta":{"_acf_changed":false,"rs_blank_template":"","rs_page_bg_color":"","slide_template_v7":""},"product_brand":[],"product_cat":[2387,4651,2392],"product_tag":[],"class_list":{"0":"post-63528","1":"product","2":"type-product","3":"status-publish","4":"has-post-thumbnail","6":"product_cat-avec-sv","7":"product_cat-single-malt-sv","8":"product_cat-whisky-sv","9":"pa_land-skottland","10":"pa_procent-57-1-sv","11":"pa_producent-springbank-sv","12":"pa_region-campbeltown-sv","13":"pa_vintage-2024-sv","14":"pa_volume-70-sv-2","16":"first","17":"instock","18":"taxable","19":"shipping-taxable","20":"purchasable","21":"product-type-simple"},"bundled_by":[],"bundle_stock_status":"instock","bundle_stock_quantity":5,"bundle_virtual":false,"bundle_layout":"","bundle_add_to_cart_form_location":"","bundle_editable_in_cart":false,"bundle_sold_individually_context":"","bundle_item_grouping":"","bundle_min_size":"","bundle_max_size":"","bundle_price":[],"bundled_items":[],"bundle_sell_ids":[],"acf":[],"_links":{"self":[{"href":"https:\/\/www.raschvin.com\/sv\/wp-json\/wp\/v2\/product\/63528","targetHints":{"allow":["GET"]}}],"collection":[{"href":"https:\/\/www.raschvin.com\/sv\/wp-json\/wp\/v2\/product"}],"about":[{"href":"https:\/\/www.raschvin.com\/sv\/wp-json\/wp\/v2\/types\/product"}],"wp:featuredmedia":[{"embeddable":true,"href":"https:\/\/www.raschvin.com\/sv\/wp-json\/wp\/v2\/media\/63545"}],"wp:attachment":[{"href":"https:\/\/www.raschvin.com\/sv\/wp-json\/wp\/v2\/media?parent=63528"}],"wp:term":[{"taxonomy":"product_brand","embeddable":true,"href":"https:\/\/www.raschvin.com\/sv\/wp-json\/wp\/v2\/product_brand?post=63528"},{"taxonomy":"product_cat","embeddable":true,"href":"https:\/\/www.raschvin.com\/sv\/wp-json\/wp\/v2\/product_cat?post=63528"},{"taxonomy":"product_tag","embeddable":true,"href":"https:\/\/www.raschvin.com\/sv\/wp-json\/wp\/v2\/product_tag?post=63528"}],"curies":[{"name":"wp","href":"https:\/\/api.w.org\/{rel}","templated":true}]}}