{"id":63520,"date":"2024-08-16T08:06:26","date_gmt":"2024-08-16T06:06:26","guid":{"rendered":"https:\/\/www.raschvin.com\/?post_type=product&#038;p=63520"},"modified":"2026-01-18T11:42:56","modified_gmt":"2026-01-18T10:42:56","slug":"chateau-la-fleur-petrus-pomerol-2018-75-cl-kopier","status":"publish","type":"product","link":"https:\/\/www.raschvin.com\/sv\/produkt\/chateau-la-fleur-petrus-pomerol-2018-75-cl-kopier\/","title":{"rendered":"Ch\u00e2teau La Fleur-P\u00e9trus Pomerol 2019 75 cl."},"content":{"rendered":"<p>Denna ber\u00f6mda egendom Pomerol har drivits av familjen Moueix sedan 1950-talet och producerar ett vin som alltid \u00e4r en klassiker av appellationen och mycket eftertraktat. Ving\u00e5rden \u00e4r nu 18,7 hektar efter att flera skiften k\u00f6pts p\u00e5 Pomerolplat\u00e5n och Chateau Providence tillsammans. De mindre tomterna &#8211; runt 5 hektar &#8211; h\u00e4nvisas till Lagrange Pomerol. Ving\u00e5rden \u00e4r planterad med 91% Merlot, 6% Cabernet Franc och (s\u00e4llan f\u00f6r Pomerol) 3% Petit Verdot.<\/p>\n<p>Jeb Dunnuck &#8211; &#8221;2019 Ch\u00e2teau La Fleur-P\u00e9trus \u00e4r ett bra exempel p\u00e5 vad som g\u00f6r en fantastisk Pomerol &#8211; rikedom utan vikt, otrolig elegans, komplexitet och l\u00e4ngd, allt som finns i \u00f6verfl\u00f6d. Ger upp m\u00f6rkare, kraftfulla aromer av svarta vinb\u00e4r, m\u00f6rkare k\u00f6rsb\u00e4r, tobak , choklad och bara inslag av v\u00e5rblommor, det tr\u00e4ffar gommen med rik rikedom, en lager, koncentrerad, otroligt sexig munk\u00e4nsla, perfekta tanniner och en fantastisk finish. Det \u00e4r ett av \u00e5rg\u00e5ngens mest \u00f6verd\u00e5diga, s\u00f6ml\u00f6sa, imponerande viner, \u00e4ven om det m\u00e5ste ha minst 7-8 \u00e5rs flask\u00e5lder.<\/p>\n<p>Vinentusiast &#8211; &#8221;M\u00f6rkt, t\u00e4tt och fullt av tanniner, detta \u00e4r ett kraftfullt vin. Koncentrationen i detta vin ger det en torr, strukturerad karakt\u00e4r, men rikedomen i bj\u00f6rnb\u00e4rsfrukterna och inslag av syra kommer sannolikt att sl\u00e5 in attraktivt n\u00e4r det \u00e4r \u00e5ldrar fatprov: 95-97&#8221;<\/p>\n<p>James Suckling &#8211; &#8221;Detta \u00e4r en riktig gammaldags Pomerol med bl\u00e5b\u00e4r, v\u00e5t jord och svart teblad. Den \u00e4r fyllig men \u00e4nd\u00e5 balanserad och vacker. Traditionell och s\u00e5 attraktiv med en modern ton. Barrel Sample: 96-97&#8221;<\/p>\n<p>Robert Parker&#8217;s Wine Advocate &#8211; &#8221;La Fleur-P\u00e9trus 2019 v\u00e5gar \u00f6vergl\u00e4nsa Trotanoy i \u00e5r, str\u00f6mmande fr\u00e5n glaset med aromer av rik b\u00e4rfrukt, plommonkonserver, m\u00f6rk choklad, cigarrl\u00e5da och krydda. Fyllig, rik och omslutande, det \u00e4r bred och lager, med vackra polerade tanniner, en mogen k\u00e4rna av frukt och en s\u00f6ml\u00f6s, omslutande profil Detta \u00e4r en elegant muskul\u00f6s, gener\u00f6s Pomerol vars \u00f6verd\u00e5diga personlighet \u00e5terspeglar den varma, torra \u00e5rg\u00e5ngen.<\/p>\n","protected":false},"excerpt":{"rendered":"<p>Bordeaux &#8211; France<\/p>\n","protected":false},"featured_media":40391,"template":"","meta":{"_acf_changed":false,"rs_blank_template":"","rs_page_bg_color":"","slide_template_v7":""},"product_brand":[],"product_cat":[7705,2788,2798],"product_tag":[],"class_list":{"0":"post-63520","1":"product","2":"type-product","3":"status-publish","4":"has-post-thumbnail","6":"product_cat-fine-wine-sv","7":"product_cat-vin-sv","8":"product_cat-roedvin-sv","9":"pa_aargang-2019-sv","10":"pa_drue-cabernet-franc-sv","11":"pa_drue-merlot-sv","12":"pa_drue-petit-verdot-sv","13":"pa_land-frankrike","14":"pa_procent-14-5-sv","15":"pa_producent-chateau-la-fleur-petrus-sv","16":"pa_region-bordeaux-sv","17":"pa_serveringstemperatur-16-18-sv","18":"pa_volume-75-sv","20":"first","21":"outofstock","22":"sale","23":"taxable","24":"shipping-taxable","25":"purchasable","26":"product-type-simple"},"bundled_by":[],"bundle_stock_status":"outofstock","bundle_stock_quantity":0,"bundle_virtual":false,"bundle_layout":"","bundle_add_to_cart_form_location":"","bundle_editable_in_cart":false,"bundle_sold_individually_context":"","bundle_item_grouping":"","bundle_min_size":"","bundle_max_size":"","bundle_price":[],"bundled_items":[],"bundle_sell_ids":[],"acf":[],"_links":{"self":[{"href":"https:\/\/www.raschvin.com\/sv\/wp-json\/wp\/v2\/product\/63520","targetHints":{"allow":["GET"]}}],"collection":[{"href":"https:\/\/www.raschvin.com\/sv\/wp-json\/wp\/v2\/product"}],"about":[{"href":"https:\/\/www.raschvin.com\/sv\/wp-json\/wp\/v2\/types\/product"}],"wp:featuredmedia":[{"embeddable":true,"href":"https:\/\/www.raschvin.com\/sv\/wp-json\/wp\/v2\/media\/40391"}],"wp:attachment":[{"href":"https:\/\/www.raschvin.com\/sv\/wp-json\/wp\/v2\/media?parent=63520"}],"wp:term":[{"taxonomy":"product_brand","embeddable":true,"href":"https:\/\/www.raschvin.com\/sv\/wp-json\/wp\/v2\/product_brand?post=63520"},{"taxonomy":"product_cat","embeddable":true,"href":"https:\/\/www.raschvin.com\/sv\/wp-json\/wp\/v2\/product_cat?post=63520"},{"taxonomy":"product_tag","embeddable":true,"href":"https:\/\/www.raschvin.com\/sv\/wp-json\/wp\/v2\/product_tag?post=63520"}],"curies":[{"name":"wp","href":"https:\/\/api.w.org\/{rel}","templated":true}]}}