{"id":62441,"date":"2024-08-04T13:48:42","date_gmt":"2024-08-04T11:48:42","guid":{"rendered":"https:\/\/www.raschvin.com\/produkt\/nicolas-feuillatte-reserve-exclusive-demi-sec-champagne-75-cl\/"},"modified":"2024-08-04T13:48:42","modified_gmt":"2024-08-04T11:48:42","slug":"nicolas-feuillatte-reserve-exclusive-demi-sec-champagne-75-cl","status":"publish","type":"product","link":"https:\/\/www.raschvin.com\/sv\/produkt\/nicolas-feuillatte-reserve-exclusive-demi-sec-champagne-75-cl\/","title":{"rendered":"Nicolas Feuillatte R\u00e9serve Exclusive Demi-Sec Champagne 75 cl."},"content":{"rendered":"<p>GENER\u00d6SA OCH MYCKET<br \/>\nFull av finess, s\u00f6t Champagne med en fin dos av blommor och frukt \u2013 fin i balansen mellan f\u00e4rska och kanderade frukter som persika och aprikos. Vanilj, rostat br\u00f6d och lagert\u00e5rtsbotten \u00e4r sekund\u00e4ra delikata aromer och smaken \u00e4r rund och balanserad.<\/p>\n<p>20% Chardonnay, 40% Pinot Noir &#038; 40% Pinot Meunier<\/p>\n<p>Etikett och logotyp: Etiketten b\u00e4r en kompass, den universella symbolen f\u00f6r resor, utforskning och upplevelse.<br \/>\nVinifiering: M\u00e9thode Champenoise.<br \/>\nSmaknoter: Raffinerad, s\u00f6t champagne med delikata toner av persika och aprikos.<br \/>\nRekommenderas f\u00f6r: Choklad, Dessert, Ost, V\u00e4lkommen, asiatisk mat<\/p>\n<p>Monsieur Nicolas Feuillatte f\u00f6ddes i en familj som livn\u00e4rde sig p\u00e5 importaff\u00e4rer, s\u00e5 det var naturligt att f\u00f6lja den v\u00e4gen. Men innan dess tog han v\u00e4rvning i den franska arm\u00e9n och gjorde en modig insats under andra v\u00e4rldskriget. Han \u00e5terv\u00e4nde hem oskadd och vid 21 \u00e5rs \u00e5lder. I b\u00f6rjan av 1950-talet emigrerade han till USA, till en b\u00f6rjan som kaffeimport\u00f6r. Han hade en naturlig talang f\u00f6r aff\u00e4rer och hade f\u00e5tt en stor v\u00e4nkrets i det internationella jetsetet i New York n\u00e4r ett helt nytt kapitel i hans liv startade. Fadern dog och l\u00e4mnade honom en ving\u00e5rd i Bouleuse i Champagne och den Champagne\u00e4lskande Nicolas gav sig i kast med att sj\u00e4lv bli champagneproducent, fadern hade bara mer blygsamt levererat sina druvor till de stora champagnehusen. Nicolas f\u00f6rsta Champagne d\u00f6ptes till &#8221;R\u00e9serve Particuli\u00e8re&#8221; 1978 och, som namnet antyder, var den endast reserverad f\u00f6r v\u00e4nner, som p\u00e5 den tiden inkluderade n\u00e5gra av New Yorks ber\u00f6mda sk\u00e5despelerskor, som blev utm\u00e4rkta ambassad\u00f6rer f\u00f6r Nicolas Feuillatte.<\/p>\n<p>Champagne \u00e4r Frankrikes nordligaste vinregion Vinstilsm\u00e4ssigt inneb\u00e4r det att vinerna h\u00e4rifr\u00e5n aldrig \u00e4r alkoholtunga, utan snarare pr\u00e4glas av syra och mineralitet. Och \u00e4ven om det g\u00f6rs stilla viner h\u00e4r \u00e4r det naturligtvis det mousserande vinet Champagne som omr\u00e5det \u00e4r k\u00e4nt och k\u00e4nt f\u00f6r. Champagnef\u00e4lten t\u00e4cker en yta p\u00e5 35 000 ha, varav 30 500 planteras. Huvudst\u00e4derna \u00e4r Reims, Epernay och grannstaden Ay och druvorna f\u00f6r och i Champagne \u00e4r fr\u00e4mst Pinot Noir, Pinot Meunier och Chardonnay.<\/p>\n","protected":false},"excerpt":{"rendered":"<p>Chouilly France<\/p>\n","protected":false},"featured_media":62493,"template":"","meta":{"_acf_changed":false,"rs_blank_template":"","rs_page_bg_color":"","slide_template_v7":""},"product_brand":[],"product_cat":[2745,2747],"product_tag":[],"class_list":{"0":"post-62441","1":"product","2":"type-product","3":"status-publish","4":"has-post-thumbnail","6":"product_cat-champagne-sv","7":"product_cat-non-vintage-sv","8":"pa_drue-chardonnay-sv","9":"pa_drue-pinot-meunier-sv","10":"pa_drue-pinot-noir-sv","11":"pa_land-frankrike","12":"pa_procent-12-sv","13":"pa_producent-nicolas-feuillatte-sv","14":"pa_region-champagne-sv","15":"pa_serveringstemperatur-10-12-sv-2","16":"pa_vintage-none-vintage-nv-sv","17":"pa_volume-75-sv","19":"first","20":"instock","21":"taxable","22":"shipping-taxable","23":"purchasable","24":"product-type-simple"},"bundled_by":["120912"],"bundle_stock_status":"instock","bundle_stock_quantity":null,"bundle_virtual":false,"bundle_layout":"","bundle_add_to_cart_form_location":"","bundle_editable_in_cart":false,"bundle_sold_individually_context":"","bundle_item_grouping":"","bundle_min_size":"","bundle_max_size":"","bundle_price":[],"bundled_items":[],"bundle_sell_ids":[],"acf":[],"_links":{"self":[{"href":"https:\/\/www.raschvin.com\/sv\/wp-json\/wp\/v2\/product\/62441","targetHints":{"allow":["GET"]}}],"collection":[{"href":"https:\/\/www.raschvin.com\/sv\/wp-json\/wp\/v2\/product"}],"about":[{"href":"https:\/\/www.raschvin.com\/sv\/wp-json\/wp\/v2\/types\/product"}],"wp:featuredmedia":[{"embeddable":true,"href":"https:\/\/www.raschvin.com\/sv\/wp-json\/wp\/v2\/media\/62493"}],"wp:attachment":[{"href":"https:\/\/www.raschvin.com\/sv\/wp-json\/wp\/v2\/media?parent=62441"}],"wp:term":[{"taxonomy":"product_brand","embeddable":true,"href":"https:\/\/www.raschvin.com\/sv\/wp-json\/wp\/v2\/product_brand?post=62441"},{"taxonomy":"product_cat","embeddable":true,"href":"https:\/\/www.raschvin.com\/sv\/wp-json\/wp\/v2\/product_cat?post=62441"},{"taxonomy":"product_tag","embeddable":true,"href":"https:\/\/www.raschvin.com\/sv\/wp-json\/wp\/v2\/product_tag?post=62441"}],"curies":[{"name":"wp","href":"https:\/\/api.w.org\/{rel}","templated":true}]}}