{"id":62414,"date":"2024-08-04T10:53:42","date_gmt":"2024-08-04T08:53:42","guid":{"rendered":"https:\/\/www.raschvin.com\/produkt\/chateau-trotanoy-pomerol-2018-75-cl\/"},"modified":"2024-08-04T10:53:42","modified_gmt":"2024-08-04T08:53:42","slug":"chateau-trotanoy-pomerol-2018-75-cl","status":"publish","type":"product","link":"https:\/\/www.raschvin.com\/sv\/produkt\/chateau-trotanoy-pomerol-2018-75-cl\/","title":{"rendered":"Ch\u00e2teau Trotanoy Pomerol 2018 75 cl."},"content":{"rendered":"<p>F\u00f6rf\u00f6riskt intensiv och lysande r\u00f6d f\u00e4rg.<br \/>\nN\u00e4san, med s\u00e4llsynt briljans och precision, avsl\u00f6jar fruktiga aromer av mogna svarta vinb\u00e4r och bl\u00e5b\u00e4r; sedan, efter luftning, kompletterar de blommiga och blonda tobaksnoterna denna rika och komplexa aromatiska palett.<br \/>\nAngreppet p\u00e5 gommen \u00e4r fyllig, t\u00e4t och avsl\u00f6jar exceptionellt belagda och silkeslen tanniner. Strukturen \u00e4r kontinuerlig, djup, l\u00e5ng, fast, perfekt omslutande och rik p\u00e5 aromer av svarta frukter och kryddiga nyanser.<br \/>\nDen mycket distingerade strukturen hos denna Trotanoy str\u00e4cker sig till en o\u00e4ndlig, krispig finish som beh\u00e5ller all sin fr\u00e4sch\u00f6r.<br \/>\nStorheten i \u00e5rg\u00e5ngen 2018 f\u00f6rkroppsligas h\u00e4r i enast\u00e5ende harmoni.<\/p>\n<p>Smakanteckningar:<br \/>\nVinadvokat: 97-99\/100; Karaff: 98-100\/100<br \/>\nWine Spectator: 97-100\/100; Servering: 98-99\/100<br \/>\nQuarin: 99\/100; RVF: 18-19\/20<\/p>\n<p>93% Merlot &#8211; 7% Cabernet Franc<\/p>\n<p>Om Ch\u00e2teau Trotanoy<br \/>\nCh\u00e2teau Trotanoy ligger bara ett (l\u00e5ngt) stenkast fr\u00e5n v\u00e4rldsber\u00f6mda Petrus \u2013 ett av de riktigt, riktigt stora vinerna i Pomerol. Ch\u00e2teau Trotanoy skapar viner som \u00e4r vackert fylliga med en n\u00e4stan kr\u00e4mig fyllighet och inslag av choklad. De \u00e4r ocks\u00e5 garvviner, s\u00e5 vinerna b\u00f6r lagras i minst 8-10 \u00e5r innan de dricks. Det \u00e4r sv\u00e5rt, vi vet.<\/p>\n<p>Ch\u00e2teau Trotanoy \u00e4r inte s\u00e5 v\u00e4lk\u00e4nt bland allm\u00e4nheten, men vinerna f\u00e5r genomg\u00e5ende skyh\u00f6gt betyg och ofta h\u00f6gre \u00e4n Petrus.<\/p>\n<p>Druvorna sk\u00f6rdas f\u00f6r hand och j\u00e4ser i sm\u00e5 temperaturkontrollerade betongkar. Vinet lagras sedan p\u00e5 ekfat (60-90% nya) i 18-20 m\u00e5nader. Vinet \u00e4r ofiltrerat i flaskan.<\/p>\n","protected":false},"excerpt":{"rendered":"<p>Bordeaux &#8211; France<\/p>\n","protected":false},"featured_media":62520,"template":"","meta":{"_acf_changed":false,"rs_blank_template":"","rs_page_bg_color":"","slide_template_v7":""},"product_brand":[],"product_cat":[2788,2798],"product_tag":[],"class_list":{"0":"post-62414","1":"product","2":"type-product","3":"status-publish","4":"has-post-thumbnail","6":"product_cat-vin-sv","7":"product_cat-roedvin-sv","8":"pa_aargang-2018-sv","9":"pa_drue-cabernet-franc-sv","10":"pa_drue-merlot-sv","11":"pa_land-frankrike","12":"pa_procent-14-sv","13":"pa_producent-chateau-trotanoy-sv","14":"pa_region-bordeaux-sv","15":"pa_serveringstemperatur-17-18-sv","16":"pa_volume-75-sv","18":"first","19":"instock","20":"sale","21":"taxable","22":"shipping-taxable","23":"purchasable","24":"product-type-simple"},"bundled_by":[],"bundle_stock_status":"instock","bundle_stock_quantity":null,"bundle_virtual":false,"bundle_layout":"","bundle_add_to_cart_form_location":"","bundle_editable_in_cart":false,"bundle_sold_individually_context":"","bundle_item_grouping":"","bundle_min_size":"","bundle_max_size":"","bundle_price":[],"bundled_items":[],"bundle_sell_ids":[],"acf":[],"_links":{"self":[{"href":"https:\/\/www.raschvin.com\/sv\/wp-json\/wp\/v2\/product\/62414","targetHints":{"allow":["GET"]}}],"collection":[{"href":"https:\/\/www.raschvin.com\/sv\/wp-json\/wp\/v2\/product"}],"about":[{"href":"https:\/\/www.raschvin.com\/sv\/wp-json\/wp\/v2\/types\/product"}],"wp:featuredmedia":[{"embeddable":true,"href":"https:\/\/www.raschvin.com\/sv\/wp-json\/wp\/v2\/media\/62520"}],"wp:attachment":[{"href":"https:\/\/www.raschvin.com\/sv\/wp-json\/wp\/v2\/media?parent=62414"}],"wp:term":[{"taxonomy":"product_brand","embeddable":true,"href":"https:\/\/www.raschvin.com\/sv\/wp-json\/wp\/v2\/product_brand?post=62414"},{"taxonomy":"product_cat","embeddable":true,"href":"https:\/\/www.raschvin.com\/sv\/wp-json\/wp\/v2\/product_cat?post=62414"},{"taxonomy":"product_tag","embeddable":true,"href":"https:\/\/www.raschvin.com\/sv\/wp-json\/wp\/v2\/product_tag?post=62414"}],"curies":[{"name":"wp","href":"https:\/\/api.w.org\/{rel}","templated":true}]}}