{"id":62409,"date":"2024-08-04T10:39:05","date_gmt":"2024-08-04T08:39:05","guid":{"rendered":"https:\/\/www.raschvin.com\/produkt\/chateau-latour-a-pomerol-2018-75-cl\/"},"modified":"2024-08-04T10:39:05","modified_gmt":"2024-08-04T08:39:05","slug":"chateau-latour-a-pomerol-2018-75-cl","status":"publish","type":"product","link":"https:\/\/www.raschvin.com\/sv\/produkt\/chateau-latour-a-pomerol-2018-75-cl\/","title":{"rendered":"Ch\u00e2teau Latour \u00e0 Pomerol 2018 75 cl."},"content":{"rendered":"<p>Ch\u00e2teau Latour \u00e0 Pomerol 2018, Pomerol<br \/>\nP\u00e5litlig och utm\u00e4rkt med aromer av m\u00f6rka b\u00e4r, choklad och nymalet kaffe, samt inslag av myntablad, kryddnejlika och muskotn\u00f6t. Mycket komplext och vackert vin.<\/p>\n<p>Recensioner<br \/>\n\u00c5r 2018:<br \/>\n92 po\u00e4ng \/ WineSpectator.<br \/>\n92 po\u00e4ng \/ Robert Parker.<br \/>\n91 po\u00e4ng \/ Vinous.<\/p>\n<p>Vinet har lagrats i 18 m\u00e5nader p\u00e5 franska ekfat (50% nya).<\/p>\n<p>90% Merlot och 10% Cabernet Franc.<\/p>\n<p>Ett S. Jean-Pierre Moueix grundades 1937 av Jean-Pierre Moueix. I b\u00f6rjan byggde han upp f\u00f6retaget som ett renodlat n\u00e9gociantf\u00f6retag, men i b\u00f6rjan av 1950-talet b\u00f6rjade han satsa p\u00e5 slott och ving\u00e5rdar. Jean-Pierre Moueix son Christian Moueix (f\u00f6dd 1946) b\u00f6rjade i familjef\u00f6retaget 1970 och 1991 blev han vd. Chef.<\/p>\n<p>Idag \u00e4gs Ets. Jean-Pierre Moueix av Christian Moueix, samt hans tv\u00e5 barn: Edouard (f\u00f6dd 1977 \/ f\u00f6rs\u00e4ljningsdirekt\u00f6r 2003 och nuvarande vice adm. direkt\u00f6r) och Charlotte (f\u00f6dd 1978). Ett S. Jean-Pierre Moueix ligger i staden Libourne \u00e4nda ner till den vackra floden Dordogne. Idag \u00e4ger de bl.a. f\u00f6ljande slott: Ch. B\u00e9lair Monange Premier Grand Cru Class\u00e9 Saint Emilion, Ch. Trotanoy Pomerol och Ch. La Fleur P\u00e9trus Pomerol. Dessutom s\u00e4ljer de p\u00e5 exklusiv basis bl.a. Ch. Bourgneuf Pomerol, Ch. Chantalouette och L&#8217;Hospitalet de Gazin Pomerol.<\/p>\n<p>P\u00e5 1800-talet \u00e4gdes Latour-\u00e0-Pomerol av paret Chambaud, vars dotter gifte sig med Louis Garitey 1875. Efter Gariteys d\u00f6d 1914 \u00e4rvde hans tre d\u00f6ttrar slottet, varav en, Madame Loubat, senare f\u00f6rv\u00e4rvade P\u00e9trus. Under de f\u00f6ljande 15 \u00e5ren \u00f6kar Loubat sin andel med tv\u00e5 betydande skiften, ett i mitten av Pomerolplat\u00e5n, som idag utg\u00f6r den st\u00f6rsta delen av godset, och det andra n\u00e4ra Ch\u00e2teau Trotanoy. Efter Loubats d\u00f6d 1961 \u00e4rvdes fastigheten av Madame Lacoste, som 1962 ingick ett avtal med Ets. Jean-Pierre Moueix om att driva fastigheten, som senare ut\u00f6kades till att \u00e4ven omfatta vinifiering, tappning och f\u00f6rs\u00e4ljning. Jordm\u00e5nen p\u00e5 Ch\u00e2teau Latour \u00e0 Pomerol \u00e4r ganska varierad. Mellanskiftet p\u00e5 5 hektar best\u00e5r av grus och lera och ligger p\u00e5 Pomerols j\u00e4rnhaltiga lerundergrund. Vinet h\u00e4rifr\u00e5n \u00e4r strukturerat, kompakt och ganska kraftfullt. D\u00e4remot \u00e4r de andra skiftena i norr och v\u00e4ster mer sandiga, vilket bidrar till ett mjukare och charmigare vin. N\u00e4r de olika paketen blandas sm\u00e4lter de komplexa egenskaperna samman till en h\u00f6gre enhet.<\/p>\n","protected":false},"excerpt":{"rendered":"<p>Bordeaux &#8211; France<\/p>\n","protected":false},"featured_media":62460,"template":"","meta":{"_acf_changed":false,"rs_blank_template":"","rs_page_bg_color":"","slide_template_v7":""},"product_brand":[],"product_cat":[2788,2798],"product_tag":[],"class_list":{"0":"post-62409","1":"product","2":"type-product","3":"status-publish","4":"has-post-thumbnail","6":"product_cat-vin-sv","7":"product_cat-roedvin-sv","8":"pa_aargang-2018-sv","9":"pa_drue-cabernet-franc-sv","10":"pa_drue-merlot-sv","11":"pa_land-frankrike","12":"pa_procent-14-sv","13":"pa_producent-ets-jean-pierre-moueix-sv","14":"pa_region-bordeaux-sv","15":"pa_serveringstemperatur-17-18-sv","16":"pa_volume-75-sv","18":"first","19":"instock","20":"sale","21":"taxable","22":"shipping-taxable","23":"purchasable","24":"product-type-simple"},"bundled_by":[],"bundle_stock_status":"instock","bundle_stock_quantity":null,"bundle_virtual":false,"bundle_layout":"","bundle_add_to_cart_form_location":"","bundle_editable_in_cart":false,"bundle_sold_individually_context":"","bundle_item_grouping":"","bundle_min_size":"","bundle_max_size":"","bundle_price":[],"bundled_items":[],"bundle_sell_ids":[],"acf":[],"_links":{"self":[{"href":"https:\/\/www.raschvin.com\/sv\/wp-json\/wp\/v2\/product\/62409","targetHints":{"allow":["GET"]}}],"collection":[{"href":"https:\/\/www.raschvin.com\/sv\/wp-json\/wp\/v2\/product"}],"about":[{"href":"https:\/\/www.raschvin.com\/sv\/wp-json\/wp\/v2\/types\/product"}],"wp:featuredmedia":[{"embeddable":true,"href":"https:\/\/www.raschvin.com\/sv\/wp-json\/wp\/v2\/media\/62460"}],"wp:attachment":[{"href":"https:\/\/www.raschvin.com\/sv\/wp-json\/wp\/v2\/media?parent=62409"}],"wp:term":[{"taxonomy":"product_brand","embeddable":true,"href":"https:\/\/www.raschvin.com\/sv\/wp-json\/wp\/v2\/product_brand?post=62409"},{"taxonomy":"product_cat","embeddable":true,"href":"https:\/\/www.raschvin.com\/sv\/wp-json\/wp\/v2\/product_cat?post=62409"},{"taxonomy":"product_tag","embeddable":true,"href":"https:\/\/www.raschvin.com\/sv\/wp-json\/wp\/v2\/product_tag?post=62409"}],"curies":[{"name":"wp","href":"https:\/\/api.w.org\/{rel}","templated":true}]}}