{"id":61682,"date":"2024-07-28T07:48:51","date_gmt":"2024-07-28T05:48:51","guid":{"rendered":"https:\/\/www.raschvin.com\/produkt\/chateau-certan-de-may-pomerol-2015-75-cl\/"},"modified":"2026-02-04T09:20:51","modified_gmt":"2026-02-04T08:20:51","slug":"chateau-certan-de-may-pomerol-2015-75-cl","status":"publish","type":"product","link":"https:\/\/www.raschvin.com\/sv\/produkt\/chateau-certan-de-may-pomerol-2015-75-cl\/","title":{"rendered":"Ch\u00e2teau Certan de May Pomerol 2021 75 cl."},"content":{"rendered":"<p data-start=\"1084\" data-end=\"1406\">Ch\u00e2teau Certan de May ligger i hj\u00e4rtat av den prestigefyllda appellationen Pomerol p\u00e5 Bordeauxs h\u00f6gra strand, d\u00e4r det unika terroiret \u00e4r ber\u00f6mt f\u00f6r att skapa viner med djup och elegans. Vinmarkerna \u00e4r planterade p\u00e5 en mosaik av grus, lera och j\u00e4rnrik jord, vilket ger druvorna en perfekt balans mellan struktur och finess.<\/p>\n<p data-start=\"1408\" data-end=\"1897\"><strong data-start=\"1408\" data-end=\"1438\">2021 Ch\u00e2teau Certan de May<\/strong> presenterar sig med en djup rubinr\u00f6d f\u00e4rg i glaset. Doften \u00e4r f\u00f6rf\u00f6risk med aromer av mogen m\u00f6rk frukt som plommon och bj\u00f6rnb\u00e4r, ackompanjerade av subtila toner av viol, grafit och en antydan av ceder fr\u00e5n fatlagringen. I munnen \u00e4r vinet silkeslent, med en v\u00e4l integrerad tanninstruktur och en imponerande fr\u00e4sch\u00f6r som speglar det svala \u00e5ret. Smaken bjuder p\u00e5 lager av m\u00f6rka b\u00e4r, choklad och en mineralitet som ger en harmonisk och l\u00e5ng, ih\u00e5llande eftersmak.<\/p>\n<p data-start=\"1899\" data-end=\"1930\"><strong data-start=\"1899\" data-end=\"1911\">94 PO\u00c4NG<\/strong><br data-start=\"1911\" data-end=\"1914\" \/>James Suckling<\/p>\n<p data-start=\"1932\" data-end=\"1964\"><strong data-start=\"1932\" data-end=\"1944\">94 PO\u00c4NG<\/strong><br data-start=\"1944\" data-end=\"1947\" \/>Wine Enthusiast<\/p>\n<p data-start=\"1966\" data-end=\"1996\"><strong data-start=\"1966\" data-end=\"1978\">92 PO\u00c4NG<\/strong><br data-start=\"1978\" data-end=\"1981\" \/>Robert Parker<\/p>\n<p data-start=\"1998\" data-end=\"2021\" data-is-last-node=\"\" data-is-only-node=\"\"><strong data-start=\"1998\" data-end=\"2010\">92 PO\u00c4NG<\/strong><br data-start=\"2010\" data-end=\"2013\" \/>Decanter<\/p>\n","protected":false},"excerpt":{"rendered":"<p>De May de Certan &#8211; France<\/p>\n","protected":false},"featured_media":61691,"template":"","meta":{"_acf_changed":false,"rs_blank_template":"","rs_page_bg_color":"","slide_template_v7":""},"product_brand":[],"product_cat":[2788,2798],"product_tag":[],"class_list":{"0":"post-61682","1":"product","2":"type-product","3":"status-publish","4":"has-post-thumbnail","6":"product_cat-vin-sv","7":"product_cat-roedvin-sv","8":"pa_aargang-2021-sv","9":"pa_drue-cabernet-franc-sv","10":"pa_drue-cabernet-sauvignon-sv","11":"pa_drue-merlot-sv","12":"pa_land-frankrike","13":"pa_procent-13-5-sv","14":"pa_producent-chateau-certan-de-may-sv","15":"pa_region-bordeaux-sv","16":"pa_serveringstemperatur-17-18-sv","17":"pa_volume-75-sv","19":"first","20":"instock","21":"taxable","22":"shipping-taxable","23":"purchasable","24":"product-type-simple"},"bundled_by":[],"bundle_stock_status":"instock","bundle_stock_quantity":null,"bundle_virtual":false,"bundle_layout":"","bundle_add_to_cart_form_location":"","bundle_editable_in_cart":false,"bundle_sold_individually_context":"","bundle_item_grouping":"","bundle_min_size":"","bundle_max_size":"","bundle_price":[],"bundled_items":[],"bundle_sell_ids":[],"acf":[],"_links":{"self":[{"href":"https:\/\/www.raschvin.com\/sv\/wp-json\/wp\/v2\/product\/61682","targetHints":{"allow":["GET"]}}],"collection":[{"href":"https:\/\/www.raschvin.com\/sv\/wp-json\/wp\/v2\/product"}],"about":[{"href":"https:\/\/www.raschvin.com\/sv\/wp-json\/wp\/v2\/types\/product"}],"wp:featuredmedia":[{"embeddable":true,"href":"https:\/\/www.raschvin.com\/sv\/wp-json\/wp\/v2\/media\/61691"}],"wp:attachment":[{"href":"https:\/\/www.raschvin.com\/sv\/wp-json\/wp\/v2\/media?parent=61682"}],"wp:term":[{"taxonomy":"product_brand","embeddable":true,"href":"https:\/\/www.raschvin.com\/sv\/wp-json\/wp\/v2\/product_brand?post=61682"},{"taxonomy":"product_cat","embeddable":true,"href":"https:\/\/www.raschvin.com\/sv\/wp-json\/wp\/v2\/product_cat?post=61682"},{"taxonomy":"product_tag","embeddable":true,"href":"https:\/\/www.raschvin.com\/sv\/wp-json\/wp\/v2\/product_tag?post=61682"}],"curies":[{"name":"wp","href":"https:\/\/api.w.org\/{rel}","templated":true}]}}