{"id":61394,"date":"2024-07-26T07:41:46","date_gmt":"2024-07-26T05:41:46","guid":{"rendered":"https:\/\/www.raschvin.com\/produkt\/kummerling-50-cl-35\/"},"modified":"2024-07-26T07:47:03","modified_gmt":"2024-07-26T05:47:03","slug":"kummerling-50-cl-35","status":"publish","type":"product","link":"https:\/\/www.raschvin.com\/sv\/produkt\/kummerling-50-cl-35\/","title":{"rendered":"Kummerling 50 cl. 35%"},"content":{"rendered":"<p>Inte f\u00f6r bitter och inte f\u00f6r s\u00f6t \u00f6rtlik\u00f6r. M\u00f6rkbrun f\u00e4rg. Doft av \u00f6rter, kryddor, choklad, citrus och n\u00f6tter. Lite s\u00f6tma och smakar som att den doftar med en fin och balanserad bitter finish. En god beska f\u00f6r den som inte gillar f\u00f6r torr smak. Drycker som snaps eller &#8221;on the rocks&#8221;.<\/p>\n<p>K\u00fcmmerling \u00f6rtlik\u00f6r \u00e4r en av de mest popul\u00e4ra \u00f6rtlik\u00f6rerna i Tyskland. Och det med r\u00e4tta, f\u00f6r den \u00e4r varken f\u00f6r s\u00f6t eller f\u00f6r bitter, utan lagom. Den f\u00e5r sin underbara smak fr\u00e5n lakrits, kanelbark, kryddnejlika, pepparrot och gr\u00f6nmynta. Perfekt f\u00f6r sociala sammankomster.<br \/>\nDet tog Hugo Kuemmerling runt 17 \u00e5r att f\u00e4rdigst\u00e4lla receptet p\u00e5 K\u00fcmmerlinglik\u00f6ren. Men det var hans sv\u00e4rson som fick industriproduktionen i rullning p\u00e5 1950-talet. Idag produceras K\u00fcmmerling \u00f6rtlik\u00f6r fortfarande enligt ett bepr\u00f6vat recept och uteslutande med naturliga ingredienser. Och det dricks \u00f6ver hela v\u00e4rlden! Det b\u00e4sta s\u00e4ttet att njuta av K\u00fcmmerling \u00f6rtlik\u00f6r \u00e4r direkt fr\u00e5n frysen eller med tillsatt k\u00f6rsb\u00e4rsjuice.<\/p>\n","protected":false},"excerpt":{"rendered":"<p>German Kr\u00e4uterlik\u00f8r<\/p>\n","protected":false},"featured_media":61403,"template":"","meta":{"_acf_changed":false,"rs_blank_template":"","rs_page_bg_color":"","slide_template_v7":""},"product_brand":[],"product_cat":[2394,2743,2407,2402],"product_tag":[],"class_list":{"0":"post-61394","1":"product","2":"type-product","3":"status-publish","4":"has-post-thumbnail","6":"product_cat-bitter-sv","7":"product_cat-brannvin-sv","8":"product_cat-shots-sv","9":"product_cat-sprit-sv","10":"pa_land-tyskland-sv","11":"pa_procent-35-sv","12":"pa_producent-henkell-freixenet-sv","13":"pa_volume-50-sv","15":"first","16":"instock","17":"taxable","18":"shipping-taxable","19":"purchasable","20":"product-type-simple"},"bundled_by":[],"bundle_stock_status":"instock","bundle_stock_quantity":null,"bundle_virtual":false,"bundle_layout":"","bundle_add_to_cart_form_location":"","bundle_editable_in_cart":false,"bundle_sold_individually_context":"","bundle_item_grouping":"","bundle_min_size":"","bundle_max_size":"","bundle_price":[],"bundled_items":[],"bundle_sell_ids":[],"acf":[],"_links":{"self":[{"href":"https:\/\/www.raschvin.com\/sv\/wp-json\/wp\/v2\/product\/61394","targetHints":{"allow":["GET"]}}],"collection":[{"href":"https:\/\/www.raschvin.com\/sv\/wp-json\/wp\/v2\/product"}],"about":[{"href":"https:\/\/www.raschvin.com\/sv\/wp-json\/wp\/v2\/types\/product"}],"wp:featuredmedia":[{"embeddable":true,"href":"https:\/\/www.raschvin.com\/sv\/wp-json\/wp\/v2\/media\/61403"}],"wp:attachment":[{"href":"https:\/\/www.raschvin.com\/sv\/wp-json\/wp\/v2\/media?parent=61394"}],"wp:term":[{"taxonomy":"product_brand","embeddable":true,"href":"https:\/\/www.raschvin.com\/sv\/wp-json\/wp\/v2\/product_brand?post=61394"},{"taxonomy":"product_cat","embeddable":true,"href":"https:\/\/www.raschvin.com\/sv\/wp-json\/wp\/v2\/product_cat?post=61394"},{"taxonomy":"product_tag","embeddable":true,"href":"https:\/\/www.raschvin.com\/sv\/wp-json\/wp\/v2\/product_tag?post=61394"}],"curies":[{"name":"wp","href":"https:\/\/api.w.org\/{rel}","templated":true}]}}