{"id":61280,"date":"2024-07-25T08:00:26","date_gmt":"2024-07-25T06:00:26","guid":{"rendered":"https:\/\/www.raschvin.com\/produkt\/albert-bichot-charmes-chambertin-grand-cru-eco-2020-75-cl\/"},"modified":"2024-08-26T11:59:56","modified_gmt":"2024-08-26T09:59:56","slug":"albert-bichot-charmes-chambertin-grand-cru-eco-2020-75-cl","status":"publish","type":"product","link":"https:\/\/www.raschvin.com\/sv\/produkt\/albert-bichot-charmes-chambertin-grand-cru-eco-2020-75-cl\/","title":{"rendered":"Albert Bichot \u2013 Charmes-Chambertin Grand Cru (ECO) 2020 75 cl."},"content":{"rendered":"<p>&#8221;Charmes-Chambertin&#8221; \u00e4r en av Gevrey-Chambertins nio Grand Crus. Appellationsomr\u00e5dena &#8221;Charmes-Chambertin&#8221; och &#8221;Mazoy\u00e8res-Chambertin&#8221; \u00e4r desamma, men &#8221;Charmes-Chambertin&#8221; \u00e4r vanligare.<\/p>\n<p>N\u00e4san har stort djup och har toner av r\u00f6d frukt (hallon, r\u00f6da vinb\u00e4r) och blommor (pion, ros, viol&#8230;) tillsammans med en delikat inslag av ek som kommer att utvecklas med tiden till mer animaliska och kryddiga aromer. Kraft och elegans m\u00f6ts fantastiskt i gommen f\u00f6r v\u00e4llustig munk\u00e4nsla.<\/p>\n<p>Smaka av detta vin med fint tillagat rostat eller stuvat k\u00f6tt (n\u00f6tk\u00f6tt, lamm, fl\u00e4sk, vilt, anka) eller med medelstora till mogna ostar.<br \/>\nReceptf\u00f6rslag: oxfil\u00e9 serverad med r\u00f6dvinsreduktion<\/p>\n<p>Servera vid 16-17\u00b0C (60-62\u00b0F).<br \/>\nL\u00e5ng \u00e5ldringspotential: 7 till 10 \u00e5r och mer.<\/p>\n","protected":false},"excerpt":{"rendered":"<p>Maison Albert Bichot France<\/p>\n","protected":false},"featured_media":61301,"template":"","meta":{"_acf_changed":false,"rs_blank_template":"","rs_page_bg_color":"","slide_template_v7":""},"product_brand":[],"product_cat":[7776,2788,2798],"product_tag":[],"class_list":{"0":"post-61280","1":"product","2":"type-product","3":"status-publish","4":"has-post-thumbnail","6":"product_cat-sommer-pinot-noir-sv","7":"product_cat-vin-sv","8":"product_cat-roedvin-sv","9":"pa_aargang-2020-sv","10":"pa_drue-pinot-noir-sv","11":"pa_land-frankrike","12":"pa_oekologisk-yes-sv","13":"pa_procent-13-5-sv","14":"pa_producent-albert-bichot-sv","15":"pa_producent-maison-albert-bichot-sv","16":"pa_region-bourgogne-sv","17":"pa_serveringstemperatur-16-17-sv","18":"pa_volume-70-sv-2","20":"first","21":"instock","22":"sale","23":"taxable","24":"shipping-taxable","25":"purchasable","26":"product-type-simple"},"bundled_by":[],"bundle_stock_status":"instock","bundle_stock_quantity":null,"bundle_virtual":false,"bundle_layout":"","bundle_add_to_cart_form_location":"","bundle_editable_in_cart":false,"bundle_sold_individually_context":"","bundle_item_grouping":"","bundle_min_size":"","bundle_max_size":"","bundle_price":[],"bundled_items":[],"bundle_sell_ids":[],"acf":[],"_links":{"self":[{"href":"https:\/\/www.raschvin.com\/sv\/wp-json\/wp\/v2\/product\/61280","targetHints":{"allow":["GET"]}}],"collection":[{"href":"https:\/\/www.raschvin.com\/sv\/wp-json\/wp\/v2\/product"}],"about":[{"href":"https:\/\/www.raschvin.com\/sv\/wp-json\/wp\/v2\/types\/product"}],"wp:featuredmedia":[{"embeddable":true,"href":"https:\/\/www.raschvin.com\/sv\/wp-json\/wp\/v2\/media\/61301"}],"wp:attachment":[{"href":"https:\/\/www.raschvin.com\/sv\/wp-json\/wp\/v2\/media?parent=61280"}],"wp:term":[{"taxonomy":"product_brand","embeddable":true,"href":"https:\/\/www.raschvin.com\/sv\/wp-json\/wp\/v2\/product_brand?post=61280"},{"taxonomy":"product_cat","embeddable":true,"href":"https:\/\/www.raschvin.com\/sv\/wp-json\/wp\/v2\/product_cat?post=61280"},{"taxonomy":"product_tag","embeddable":true,"href":"https:\/\/www.raschvin.com\/sv\/wp-json\/wp\/v2\/product_tag?post=61280"}],"curies":[{"name":"wp","href":"https:\/\/api.w.org\/{rel}","templated":true}]}}