{"id":60247,"date":"2024-07-15T09:08:25","date_gmt":"2024-07-15T07:08:25","guid":{"rendered":"https:\/\/www.raschvin.com\/produkt\/a-h-riise-old-st-croix-xo-reserve-explorer-danmark-70-cl-40\/"},"modified":"2025-10-02T08:59:17","modified_gmt":"2025-10-02T06:59:17","slug":"a-h-riise-old-st-croix-xo-reserve-explorer-danmark-70-cl-40","status":"publish","type":"product","link":"https:\/\/www.raschvin.com\/sv\/produkt\/a-h-riise-old-st-croix-xo-reserve-explorer-danmark-70-cl-40\/","title":{"rendered":"Old St. Croix XO Reserve Explorer Danmark 70 cl. 40%"},"content":{"rendered":"<p>EN HYLLNING TILL \u00c4VENTYRARE<\/p>\n<p>Denna exklusiva XO Explorer-serie \u00e4r en hyllning till de modiga forskare och uppt\u00e4cktsresande som p\u00e5 A.H. Riises tid bidrog till kartl\u00e4ggningen och f\u00f6rst\u00e5elsen av v\u00e4rlden. En hyllning till \u00e4ventyrarna som struntade i sin egen s\u00e4kerhet och reste ut i v\u00e4rlden.<\/p>\n<p>XO Explorer-serien best\u00e5r av en serie Limited Editions utgivna i ett antal olika l\u00e4nder i ett extremt begr\u00e4nsat antal numrerade flaskor.<\/p>\n<p>Utg\u00e5vorna \u00e4r skapade speciellt f\u00f6r v\u00e5ra fans och samlare i dessa l\u00e4nder och de f\u00f6r de lokala pionj\u00e4rerna som, som A.H. Riise s\u00f6kte ny kunskap och satte sin nation p\u00e5 kartan. XO Explorer Denmark \u00e4r en exklusiv Limited Edition-blandning fr\u00e5n V\u00e4stindien och Centralamerika, komponerad av v\u00e5r masterblender.<\/p>\n<p>Den danska XO Explorer-utg\u00e5van \u00e4r begr\u00e4nsad till 6 960 numrerade flaskor.<\/p>\n<p>Doft<\/p>\n<p>Karamell och mogen frukt en sensommardag<\/p>\n<p>Smak<\/p>\n<p>Mycket stark umami fr\u00e5n ek, tobak och gammal ladug\u00e5rd. S\u00f6tman f\u00f6r tankarna till br\u00e4nda fikon och kanderat citrusskal<\/p>\n<p>Eftersmak<\/p>\n<p>Avslutningen \u00e4r djup och l\u00e5ngvarig, dominerad av gammal ek och torkad frukt<\/p>\n","protected":false},"excerpt":{"rendered":"<p>Premium Aged Spirit Drink<\/p>\n","protected":false},"featured_media":122773,"template":"","meta":{"_acf_changed":false,"rs_blank_template":"","rs_page_bg_color":"","slide_template_v7":""},"product_brand":[],"product_cat":[2387,2391,4634],"product_tag":[],"class_list":{"0":"post-60247","1":"product","2":"type-product","3":"status-publish","4":"has-post-thumbnail","6":"product_cat-avec-sv","7":"product_cat-rom-sv","8":"product_cat-premium-aged-sv","9":"pa_land-tyskland-sv","10":"pa_procent-40-sv-2","11":"pa_producent-a-h-riise-sv","12":"pa_volume-70-sv-2","14":"first","15":"instock","16":"sale","17":"taxable","18":"shipping-taxable","19":"purchasable","20":"product-type-simple"},"bundled_by":[],"bundle_stock_status":"instock","bundle_stock_quantity":null,"bundle_virtual":false,"bundle_layout":"","bundle_add_to_cart_form_location":"","bundle_editable_in_cart":false,"bundle_sold_individually_context":"","bundle_item_grouping":"","bundle_min_size":"","bundle_max_size":"","bundle_price":[],"bundled_items":[],"bundle_sell_ids":[],"acf":[],"_links":{"self":[{"href":"https:\/\/www.raschvin.com\/sv\/wp-json\/wp\/v2\/product\/60247","targetHints":{"allow":["GET"]}}],"collection":[{"href":"https:\/\/www.raschvin.com\/sv\/wp-json\/wp\/v2\/product"}],"about":[{"href":"https:\/\/www.raschvin.com\/sv\/wp-json\/wp\/v2\/types\/product"}],"wp:featuredmedia":[{"embeddable":true,"href":"https:\/\/www.raschvin.com\/sv\/wp-json\/wp\/v2\/media\/122773"}],"wp:attachment":[{"href":"https:\/\/www.raschvin.com\/sv\/wp-json\/wp\/v2\/media?parent=60247"}],"wp:term":[{"taxonomy":"product_brand","embeddable":true,"href":"https:\/\/www.raschvin.com\/sv\/wp-json\/wp\/v2\/product_brand?post=60247"},{"taxonomy":"product_cat","embeddable":true,"href":"https:\/\/www.raschvin.com\/sv\/wp-json\/wp\/v2\/product_cat?post=60247"},{"taxonomy":"product_tag","embeddable":true,"href":"https:\/\/www.raschvin.com\/sv\/wp-json\/wp\/v2\/product_tag?post=60247"}],"curies":[{"name":"wp","href":"https:\/\/api.w.org\/{rel}","templated":true}]}}