{"id":60243,"date":"2024-07-15T08:27:34","date_gmt":"2024-07-15T06:27:34","guid":{"rendered":"https:\/\/www.raschvin.com\/produkt\/dos-maderas-atlantic-double-aged-rum-70-cl-375\/"},"modified":"2024-07-15T08:27:34","modified_gmt":"2024-07-15T06:27:34","slug":"dos-maderas-atlantic-double-aged-rum-70-cl-375","status":"publish","type":"product","link":"https:\/\/www.raschvin.com\/sv\/produkt\/dos-maderas-atlantic-double-aged-rum-70-cl-375\/","title":{"rendered":"Dos Maderas \u2013 Atlantic Double Aged Rum 70 cl. 37,5%"},"content":{"rendered":"<p>Denna release fr\u00e5n Dos Maderas har, efter 5 \u00e5rs lagring i Karibien, haft ytterligare ett \u00e5r av lagring i Spanien p\u00e5 gamla sherryfat.<\/p>\n<p>Doft<\/p>\n<p>Mycket v\u00e4lbalanserad \u2013 toner av ek och kryddor, vanilj, honung, kola och rostade n\u00f6tter.<\/p>\n<p>Smak<\/p>\n<p>Elegant och silkeslen &#8211; ek och krydda, vanilj, honung, kola och rostade n\u00f6tter.<\/p>\n<p>Eftersmak<\/p>\n<p>Medell\u00e4ngd \u2013 med en l\u00e4tt touch av russin<\/p>\n<p>Om produkten<br \/>\nDos Maderas Atlantic \u00e4r en blandning av 5 \u00e5r gammal rom fr\u00e5n Barbados och 5 \u00e5r gammal rom fr\u00e5n Guyana. Efter blandning har rommen fraktats till William &#038; Humberts bodega i Jerez i s\u00f6dra Spanien, d\u00e4r den lagras ytterligare ett \u00e5r p\u00e5 gamla fat som tidigare inneh\u00f6ll s\u00f6t Pedro Ximenez sherry.<\/p>\n<p>Dos Maderas Atlantic buteljeras med 37,5 % alkohol.<\/p>\n<p>Smakanteckningar<br \/>\nMycket v\u00e4lbalanserad i b\u00e5de doft och smak, med toner av ek, krydda, vanilj, honung, kola och rostade n\u00f6tter. I eftersmaken finner du ocks\u00e5 en l\u00e4tt touch av russin, utan tvekan ett resultat av lagring p\u00e5 Pedro Ximenez-fat.<\/p>\n<p>Dos Maderas<br \/>\nDos Maderas \u00e4r ett lyckligt \u00e4ktenskap av tre l\u00e4nders kombinerade visdom \u2013 rommen produceras p\u00e5 Barbados och Guyana, d\u00e4r den l\u00e4ggs p\u00e5 fat och lagras i n\u00e5gra \u00e5r. Den skeppas sedan till Spanien, d\u00e4r den lagras ytterligare n\u00e5gra \u00e5r av William &#038; Humbert, som \u00e4r experter p\u00e5 sherry och lagring av sprit.<\/p>\n<p>Namnet &#8217;Dos Maderas&#8217; \u00e4r spanskt och betyder &#8221;Tv\u00e5 sorters tr\u00e4&#8221;. Detta \u00e4r en referens till lagringsmetoden, d\u00e4r rommen lagras i tv\u00e5 omg\u00e5ngar: F\u00f6rst lagras den n\u00e5gra \u00e5r i Karibien, d\u00e4r det tropiska klimatet ger rommen en stark och otroligt karakt\u00e4rsfull smak. Den transporteras sedan till Spanien, d\u00e4r den lagras ytterligare n\u00e5gra \u00e5r p\u00e5 noggrant utvalda sherryfat, vilket tillf\u00f6r s\u00f6tma och balans till den vilda karibiska tropiska kraften.<\/p>\n<p>Detsamma \u00e4r ocks\u00e5 anledningen till de lite lustiga namnen p\u00e5 flaskorna &#8221;5+5 \u00e5r&#8221;, &#8221;5+3 \u00e5r&#8221; etc. De syftar p\u00e5 hur m\u00e5nga \u00e5r den har lagrats i Karibien respektive Spanien.<\/p>\n<p>Om William &#038; Humberts Bodega<\/p>\n<p>Williams &#038; Humbert grundades 1877 av Alexander Williams tillsammans med sin sv\u00e5ger Arthur Humbert.<\/p>\n<p>Fr\u00e5n dag ett har f\u00f6retaget koncentrerat sig p\u00e5 att internationalisera sina sherryprodukter. Flaggskeppet Dry Sack, som blev ett registrerat varum\u00e4rke i USA s\u00e5 l\u00e5ngt tillbaka som 1906, \u00e4r nu ett v\u00e4lbekant varum\u00e4rke p\u00e5 m\u00e5nga hotell, barer och restauranger runt om i v\u00e4rlden.<\/p>\n<p>F\u00f6retaget deltog ocks\u00e5 i b\u00f6rjan av 1930-talet i att skapa den f\u00f6rsta Denominacion de Origen (en typ av kvalitetsst\u00e4mpel) av sherry i Spanien. F\u00f6retaget \u00e4gs till fullo av familjen Medina fr\u00e5n Jerez, som 1994 k\u00f6pte det ber\u00f6mda spanska konjakhuset &#8211; Gran Duque D&#8217;Alba.<\/p>\n<p>William &#038; Humbert har idag \u00f6ver 350 hektar f\u00f6rstklassiga ving\u00e5rdar i Jerez. Det \u00e4r den st\u00f6rsta Bodega i Europa under ett tak. Bodegan rymmer \u00f6ver 55 000 amerikanska ekfat som anv\u00e4nds f\u00f6r lagring av sherry, konjak och rom.<\/p>\n","protected":false},"excerpt":{"rendered":"<p>Premium Blended Caribbean Rum<\/p>\n","protected":false},"featured_media":60274,"template":"","meta":{"_acf_changed":false,"rs_blank_template":"","rs_page_bg_color":"","slide_template_v7":""},"product_brand":[],"product_cat":[2391,4634,9225],"product_tag":[],"class_list":{"0":"post-60243","1":"product","2":"type-product","3":"status-publish","4":"has-post-thumbnail","6":"product_cat-rom-sv","7":"product_cat-premium-aged-sv","8":"product_cat-alternativa-romtyper","9":"pa_land-barbados-guyana-sv","10":"pa_procent-37-5-sv","11":"pa_producent-dos-maderas-sv","12":"pa_volume-70-sv-2","14":"first","15":"instock","16":"taxable","17":"shipping-taxable","18":"purchasable","19":"product-type-simple"},"bundled_by":[],"bundle_stock_status":"instock","bundle_stock_quantity":null,"bundle_virtual":false,"bundle_layout":"","bundle_add_to_cart_form_location":"","bundle_editable_in_cart":false,"bundle_sold_individually_context":"","bundle_item_grouping":"","bundle_min_size":"","bundle_max_size":"","bundle_price":[],"bundled_items":[],"bundle_sell_ids":[],"acf":[],"_links":{"self":[{"href":"https:\/\/www.raschvin.com\/sv\/wp-json\/wp\/v2\/product\/60243","targetHints":{"allow":["GET"]}}],"collection":[{"href":"https:\/\/www.raschvin.com\/sv\/wp-json\/wp\/v2\/product"}],"about":[{"href":"https:\/\/www.raschvin.com\/sv\/wp-json\/wp\/v2\/types\/product"}],"wp:featuredmedia":[{"embeddable":true,"href":"https:\/\/www.raschvin.com\/sv\/wp-json\/wp\/v2\/media\/60274"}],"wp:attachment":[{"href":"https:\/\/www.raschvin.com\/sv\/wp-json\/wp\/v2\/media?parent=60243"}],"wp:term":[{"taxonomy":"product_brand","embeddable":true,"href":"https:\/\/www.raschvin.com\/sv\/wp-json\/wp\/v2\/product_brand?post=60243"},{"taxonomy":"product_cat","embeddable":true,"href":"https:\/\/www.raschvin.com\/sv\/wp-json\/wp\/v2\/product_cat?post=60243"},{"taxonomy":"product_tag","embeddable":true,"href":"https:\/\/www.raschvin.com\/sv\/wp-json\/wp\/v2\/product_tag?post=60243"}],"curies":[{"name":"wp","href":"https:\/\/api.w.org\/{rel}","templated":true}]}}