{"id":60105,"date":"2024-07-13T19:38:20","date_gmt":"2024-07-13T17:38:20","guid":{"rendered":"https:\/\/www.raschvin.com\/produkt\/tempus-fugit-spirits-fernet-del-frate-angelico-70-cl-44\/"},"modified":"2024-07-13T19:38:20","modified_gmt":"2024-07-13T17:38:20","slug":"tempus-fugit-spirits-fernet-del-frate-angelico-70-cl-44","status":"publish","type":"product","link":"https:\/\/www.raschvin.com\/sv\/produkt\/tempus-fugit-spirits-fernet-del-frate-angelico-70-cl-44\/","title":{"rendered":"Tempus Fugit Spirits &#8211; Fernet del Frate Angelico 70 cl. 44%"},"content":{"rendered":"<p>Fernet del Frate \u00e4r Tempus Fugit Spirits&#8217; version av den bittra italienska lik\u00f6ren, ormbunke. Denna typ av bitter \u00e4r gjord med saffran, gentiana, kinabark, mynta, anis, quan och myrra. Och det \u00e4r bittert. Den starka smaken har toner av mentol och mynta, samt en god s\u00f6tma som h\u00e5ller beskan i schack. Den buteljeras med en alkoholprocent p\u00e5 44, och den m\u00f6rka f\u00e4rgen med den gyllene nyansen kommer fr\u00e5n saffran \u2013 inga konstgjorda f\u00e4rger tills\u00e4tts.<\/p>\n<p>F\u00e4rg: N\u00e4stan helt svart med en gyllene kant.<br \/>\nDoft: Stor och aromatisk med saffran, anis och torkad mynta.<br \/>\nSmaknoter: F\u00f6rst en fin s\u00f6tma och sedan stark beska med mentoltoner i eftersmaken.<\/p>\n<p>Serveringsf\u00f6rslag: Njut av snyggt eller i cocktails som en Toronto.<\/p>\n<p>Tempus Fugit Spirits \u00e4r den nostalgiske cocktailn\u00f6rdens v\u00e5ta dr\u00f6m. Namnet kommer fr\u00e5n latin och betyder &#8221;tiden g\u00e5r fort&#8221;, och som du kanske har gissat g\u00f6r de lik\u00f6rer och cocktailingredienser fr\u00e5n en svunnen tid. Ingredienserna som var vanliga komponenter i baren f\u00f6re f\u00f6rbudstiden i USA. Klassiker som Cr\u00e8me de Cacao, Cr\u00e8me de Menthe och Liqueur de Violettes dras ur 80-talets hemska neonnyans och f\u00e5r en rej\u00e4l makeover, d\u00e4r konstgjorda smak\u00e4mnen, industriella metoder och f\u00e4rg \u00e4r f\u00f6rbjudna. En cocktail \u00e4r trots allt bara s\u00e5 bra som ingredienserna du l\u00e4gger i den. Tempus Fugit Spirits \u00e4r en katalysator i revolutionen som har gett cocktailen \u00e4nnu en &#8221;Golden Age&#8221;. Tack vare kvalitets- och traditionsmedvetna f\u00f6retag som dem (och skickliga bartenders) \u00e4r Aviations och Grasshoppers tillbaka p\u00e5 menyn \u2013 inte l\u00e4ngre s\u00e5piga, kvalmiga och underl\u00e4gsna, utan skakas tillbaka till sin forna glans.<\/p>\n","protected":false},"excerpt":{"rendered":"<p>Tempus Fugit &#8211; USA<\/p>\n","protected":false},"featured_media":60130,"template":"","meta":{"_acf_changed":false,"rs_blank_template":"","rs_page_bg_color":"","slide_template_v7":""},"product_brand":[],"product_cat":[2394,2743],"product_tag":[],"class_list":{"0":"post-60105","1":"product","2":"type-product","3":"status-publish","4":"has-post-thumbnail","6":"product_cat-bitter-sv","7":"product_cat-brannvin-sv","8":"pa_land-usa-sv","9":"pa_procent-44-sv","10":"pa_producent-tempus-fugit-spirits-sv","11":"pa_volume-70-sv-2","13":"first","14":"instock","15":"taxable","16":"shipping-taxable","17":"purchasable","18":"product-type-simple"},"bundled_by":[],"bundle_stock_status":"instock","bundle_stock_quantity":null,"bundle_virtual":false,"bundle_layout":"","bundle_add_to_cart_form_location":"","bundle_editable_in_cart":false,"bundle_sold_individually_context":"","bundle_item_grouping":"","bundle_min_size":"","bundle_max_size":"","bundle_price":[],"bundled_items":[],"bundle_sell_ids":[],"acf":[],"_links":{"self":[{"href":"https:\/\/www.raschvin.com\/sv\/wp-json\/wp\/v2\/product\/60105","targetHints":{"allow":["GET"]}}],"collection":[{"href":"https:\/\/www.raschvin.com\/sv\/wp-json\/wp\/v2\/product"}],"about":[{"href":"https:\/\/www.raschvin.com\/sv\/wp-json\/wp\/v2\/types\/product"}],"wp:featuredmedia":[{"embeddable":true,"href":"https:\/\/www.raschvin.com\/sv\/wp-json\/wp\/v2\/media\/60130"}],"wp:attachment":[{"href":"https:\/\/www.raschvin.com\/sv\/wp-json\/wp\/v2\/media?parent=60105"}],"wp:term":[{"taxonomy":"product_brand","embeddable":true,"href":"https:\/\/www.raschvin.com\/sv\/wp-json\/wp\/v2\/product_brand?post=60105"},{"taxonomy":"product_cat","embeddable":true,"href":"https:\/\/www.raschvin.com\/sv\/wp-json\/wp\/v2\/product_cat?post=60105"},{"taxonomy":"product_tag","embeddable":true,"href":"https:\/\/www.raschvin.com\/sv\/wp-json\/wp\/v2\/product_tag?post=60105"}],"curies":[{"name":"wp","href":"https:\/\/api.w.org\/{rel}","templated":true}]}}