{"id":60012,"date":"2024-07-13T08:16:40","date_gmt":"2024-07-13T06:16:40","guid":{"rendered":"https:\/\/www.raschvin.com\/produkt\/albert-bichot-meursault-charmes-premier-cru-eco-2021-75-cl\/"},"modified":"2024-08-26T11:58:53","modified_gmt":"2024-08-26T09:58:53","slug":"albert-bichot-meursault-charmes-premier-cru-eco-2021-75-cl","status":"publish","type":"product","link":"https:\/\/www.raschvin.com\/sv\/produkt\/albert-bichot-meursault-charmes-premier-cru-eco-2021-75-cl\/","title":{"rendered":"Albert Bichot &#8211; Meursault Charmes Premier Cru (ECO) 2021 75 cl."},"content":{"rendered":"<p>Bel\u00e4get i hj\u00e4rtat av C\u00f4te de Beaune, \u00e4r Meursault en av flaggskeppsbyarna och bland de mest k\u00e4nda i Bourgogne. Den \u00e4r ih\u00e5gkommen som de stora vitas huvudstad.<br \/>\nPremier Cru &#8221;Les Charmes&#8221; \u00e4r ett klimat av h\u00f6gsta klass, d\u00e4r tv\u00e5 typer av terroir sticker ut: en lerjord i den nedre delen av Charmes-Dessous, som ger Meursault \u00f6verfl\u00f6d och generositet, och en finare och d\u00e4rf\u00f6r n\u00e4rmare kalkstenen. . moderrock, i Charmes-Dessus, vilket leder till luftigare, mineraliska och mejslade viner.<br \/>\nVi har turen att \u00e4ga tv\u00e5 tomter i Charmes-Dessus och en tomt i Charmes-Dessous. Deras kombination avsl\u00f6jar en s\u00e4rskilt komplex nektar med perfekt balans.<\/p>\n<p>Gener\u00f6s och charmig bukett med toner av kanderad citron, mandel, vita blommor, kryddor och br\u00f6d direkt ur ugnen. Komplex, fyllig och belagd smak, med en l\u00e4tt mineralsp\u00e4nning som ger den perfekt balans. L\u00e5ng, l\u00e4cker finish med accenter av brioche och kryddor.<\/p>\n<p>Njut av detta vin till finkokt fisk och skaldjur eller f\u00e5gel och vitt k\u00f6tt rostat eller i en kr\u00e4mig s\u00e5s.<br \/>\nIdealiskt recept: mellanm\u00e5lade pilgrimsmusslor, saffranss\u00e5s<\/p>\n<p>Servera mellan 12 och 14\u00b0C.<br \/>\nB\u00f6r avnjutas ung p\u00e5 frukten eller h\u00e5lla i 5 till 7 \u00e5r.<\/p>\n<p>Vinf\u00f6retaget Maison Albert Bichot grundades av Bernard Bichot 1831 i den lilla staden Monthelie. Idag driver den sj\u00e4tte generationen f\u00f6retaget, som har sitt s\u00e4te i Beaune strax utanf\u00f6r stadsmuren. Bichot representerar f\u00e4lt \u00f6ver hela Bourgogne och \u00e4r idag en av de st\u00f6rsta Bourgogne-export\u00f6rerna. Dessutom \u00e4ger Bichot de fyra h\u00f6gt respekterade Domaines: Domaine Ad\u00e9lie i Mercurey, Domaine Long-Depaquit i Chablis, Domaine du Clos Frantin i Nuits-Saint-Georges och Domaine du Pavillon i Pommard.<\/p>\n<p>Maison Albert Bichot har under de senaste \u00e5ren g\u00e5tt igenom ett generationsskifte, inte bara i ledningen av f\u00f6retaget, som idag sk\u00f6ts av Alberic Bichot, utan \u00e4ven i hela strukturen kring vinodling och vinifiering. Fr\u00e5n att tidigare ha odlat och producerat i stort sett alla viner centralt fr\u00e5n Beaune, har man idag skapat team av vinodlare som \u00e4r specialister p\u00e5 produktion av vin &#8211; oavsett om det \u00e4r i Chablis, C\u00f4te de Beaune, C\u00f4te de Nuits eller n\u00e5gon annanstans. Likas\u00e5 sker produktionen p\u00e5 dom\u00e4nerna innan de f\u00e4rdiga vinerna f\u00f6rs till k\u00e4llarna i Beaune, varifr\u00e5n de packas och skickas ut till v\u00e4rldens alla h\u00f6rn.<\/p>\n<p>Sedan Bichot k\u00f6pte Domaine du Pavillon i Pommard 1993 har dom\u00e4nen ut\u00f6kats till att idag \u00e4ga 17 hektar. Domaine du Pavillon med tillh\u00f6rande ving\u00e5rd ligger i hj\u00e4rtat av den 4 hektar stora ving\u00e5rden Clos des Ursulines. Liksom p\u00e5 Domaine du Clos Frantin har hela den mekaniska produktionsapparaten tagits bort till f\u00f6rm\u00e5n f\u00f6r manuellt precisionsarbete. P\u00e5 g\u00e5rdens ving\u00e5rdar har \u00e4ven kemiska tillv\u00e4xtfr\u00e4mjare tagits bort till f\u00f6rm\u00e5n f\u00f6r naturliga g\u00f6dselmedel. Vid behov anv\u00e4nds \u00e4ven gr\u00f6n sk\u00f6rd f\u00f6r att uppn\u00e5 h\u00f6g druvkvalitet med l\u00e5g avkastning. Den \u00e5rliga produktionen p\u00e5 Domaine du Pavillon \u00e4r endast 90 000 flaskor. Det kan ocks\u00e5 n\u00e4mnas att Bichots verkst\u00e4llande direkt\u00f6r Alberic Bichot (f\u00f6dd 1964) tillsammans med sin fru och tv\u00e5 barn till vardags bor p\u00e5 det mycket vackra Domaine du Pavillon.<\/p>\n","protected":false},"excerpt":{"rendered":"<p>Domaine du Pavillon &#8211; Maison Albert Bichot France<\/p>\n","protected":false},"featured_media":60015,"template":"","meta":{"_acf_changed":false,"rs_blank_template":"","rs_page_bg_color":"","slide_template_v7":""},"product_brand":[],"product_cat":[2788,2792],"product_tag":[],"class_list":{"0":"post-60012","1":"product","2":"type-product","3":"status-publish","4":"has-post-thumbnail","6":"product_cat-vin-sv","7":"product_cat-vitt-vin","8":"pa_aargang-2021-sv","9":"pa_drue-chardonnay-sv","10":"pa_land-frankrike","11":"pa_oekologisk-yes-sv","12":"pa_procent-13-sv","13":"pa_producent-albert-bichot-sv","14":"pa_producent-maison-albert-bichot-sv","15":"pa_region-bourgogne-sv","16":"pa_serveringstemperatur-12-14-sv","17":"pa_volume-75-sv","19":"first","20":"instock","21":"sale","22":"taxable","23":"shipping-taxable","24":"purchasable","25":"product-type-simple"},"bundled_by":[],"bundle_stock_status":"instock","bundle_stock_quantity":null,"bundle_virtual":false,"bundle_layout":"","bundle_add_to_cart_form_location":"","bundle_editable_in_cart":false,"bundle_sold_individually_context":"","bundle_item_grouping":"","bundle_min_size":"","bundle_max_size":"","bundle_price":[],"bundled_items":[],"bundle_sell_ids":[],"acf":[],"_links":{"self":[{"href":"https:\/\/www.raschvin.com\/sv\/wp-json\/wp\/v2\/product\/60012","targetHints":{"allow":["GET"]}}],"collection":[{"href":"https:\/\/www.raschvin.com\/sv\/wp-json\/wp\/v2\/product"}],"about":[{"href":"https:\/\/www.raschvin.com\/sv\/wp-json\/wp\/v2\/types\/product"}],"wp:featuredmedia":[{"embeddable":true,"href":"https:\/\/www.raschvin.com\/sv\/wp-json\/wp\/v2\/media\/60015"}],"wp:attachment":[{"href":"https:\/\/www.raschvin.com\/sv\/wp-json\/wp\/v2\/media?parent=60012"}],"wp:term":[{"taxonomy":"product_brand","embeddable":true,"href":"https:\/\/www.raschvin.com\/sv\/wp-json\/wp\/v2\/product_brand?post=60012"},{"taxonomy":"product_cat","embeddable":true,"href":"https:\/\/www.raschvin.com\/sv\/wp-json\/wp\/v2\/product_cat?post=60012"},{"taxonomy":"product_tag","embeddable":true,"href":"https:\/\/www.raschvin.com\/sv\/wp-json\/wp\/v2\/product_tag?post=60012"}],"curies":[{"name":"wp","href":"https:\/\/api.w.org\/{rel}","templated":true}]}}