{"id":59873,"date":"2024-07-12T08:01:03","date_gmt":"2024-07-12T06:01:03","guid":{"rendered":"https:\/\/www.raschvin.com\/produkt\/fanoe-coffee-puncher-imperial-dry-stout-115-50-cl\/"},"modified":"2024-07-13T09:04:24","modified_gmt":"2024-07-13T07:04:24","slug":"fanoe-coffee-puncher-imperial-dry-stout-115-50-cl","status":"publish","type":"product","link":"https:\/\/www.raschvin.com\/sv\/produkt\/fanoe-coffee-puncher-imperial-dry-stout-115-50-cl\/","title":{"rendered":"Fan\u00f8 Coffee Puncher &#8211; Imperial Dry Stout 10 cl. 11,5%"},"content":{"rendered":"<p>Ingen utekv\u00e4ll p\u00e5 \u00f6n Fan\u00f8 \u00e4r komplett utan en stark kopp Coffee Punch. Svart kaffe och Br\u00f8ndums Snaps \u00e4r de viktigaste ingredienserna f\u00f6r denna traditionella Fan\u00f8 nattm\u00f6ssa. Bryggad f\u00f6r att hedra Fan\u00f8s utvalda dryck och de m\u00e5nga sena n\u00e4tterna som tillbringas bland v\u00e4nner och njuta av den, &#8221;Coffee Puncher&#8221; \u00e4r en Imperial Dry Stout bryggd med kaffe och lagrad p\u00e5 Br\u00f8ndums-indr\u00e4nkta ekchips (och \u00e4nnu mer kaffe). Smaker och aromer av rostad malt, m\u00f6rk choklad och kaffe dominerar denna starka, bentorra stout.<\/p>\n","protected":false},"excerpt":{"rendered":"<p>Fan\u00f8 Bryghus \u2013 Denmark<\/p>\n","protected":false},"featured_media":59886,"template":"","meta":{"_acf_changed":false,"rs_blank_template":"","rs_page_bg_color":"","slide_template_v7":""},"product_brand":[],"product_cat":[2801,2802],"product_tag":[],"class_list":{"0":"post-59873","1":"product","2":"type-product","3":"status-publish","4":"has-post-thumbnail","6":"product_cat-oel-sv","7":"product_cat-ale-sv","8":"pa_land-danmark-sv","9":"pa_procent-11-5-sv","10":"pa_producent-fanoe-bryghus-sv","11":"pa_region-fanoe-sv","12":"pa_serveringstemperatur-8-10-sv","13":"pa_volume-50-sv","15":"first","16":"instock","17":"taxable","18":"shipping-taxable","19":"purchasable","20":"product-type-simple"},"bundled_by":[],"bundle_stock_status":"instock","bundle_stock_quantity":null,"bundle_virtual":false,"bundle_layout":"","bundle_add_to_cart_form_location":"","bundle_editable_in_cart":false,"bundle_sold_individually_context":"","bundle_item_grouping":"","bundle_min_size":"","bundle_max_size":"","bundle_price":[],"bundled_items":[],"bundle_sell_ids":[],"acf":[],"_links":{"self":[{"href":"https:\/\/www.raschvin.com\/sv\/wp-json\/wp\/v2\/product\/59873","targetHints":{"allow":["GET"]}}],"collection":[{"href":"https:\/\/www.raschvin.com\/sv\/wp-json\/wp\/v2\/product"}],"about":[{"href":"https:\/\/www.raschvin.com\/sv\/wp-json\/wp\/v2\/types\/product"}],"wp:featuredmedia":[{"embeddable":true,"href":"https:\/\/www.raschvin.com\/sv\/wp-json\/wp\/v2\/media\/59886"}],"wp:attachment":[{"href":"https:\/\/www.raschvin.com\/sv\/wp-json\/wp\/v2\/media?parent=59873"}],"wp:term":[{"taxonomy":"product_brand","embeddable":true,"href":"https:\/\/www.raschvin.com\/sv\/wp-json\/wp\/v2\/product_brand?post=59873"},{"taxonomy":"product_cat","embeddable":true,"href":"https:\/\/www.raschvin.com\/sv\/wp-json\/wp\/v2\/product_cat?post=59873"},{"taxonomy":"product_tag","embeddable":true,"href":"https:\/\/www.raschvin.com\/sv\/wp-json\/wp\/v2\/product_tag?post=59873"}],"curies":[{"name":"wp","href":"https:\/\/api.w.org\/{rel}","templated":true}]}}