{"id":59090,"date":"2026-03-04T14:44:18","date_gmt":"2026-03-04T13:44:18","guid":{"rendered":"https:\/\/www.raschvin.com\/produkt\/fattoria-coroncino-verdicchio-dei-castello-di-jesi-2023-75-cl\/"},"modified":"2026-03-04T14:47:37","modified_gmt":"2026-03-04T13:47:37","slug":"fattoria-coroncino-verdicchio-dei-castello-di-jesi-2023-75-cl","status":"publish","type":"product","link":"https:\/\/www.raschvin.com\/sv\/produkt\/fattoria-coroncino-verdicchio-dei-castello-di-jesi-2023-75-cl\/","title":{"rendered":"Fattoria Coroncino Verdicchio dei Castelli di Jesi 2024 75 cl."},"content":{"rendered":"<p>Fattoria Coroncino \u00e4r en av de legendariska hantverksproducenterna av Verdicchio. Ving\u00e5rden grundades av Lucio och Fiorella Canestrari 1981. Ving\u00e5rden ligger i Staffolo, i hj\u00e4rtat av<br \/>\nCastelli dei Jesi-zonen. Ekologiskt sedan starten, och nu biodynamiskt, forts\u00e4tter Lucios son Valerio att producera n\u00e5gra av de mest eftertraktade vinerna i regionen, varav majoriteten konsumeras lokalt i regionens b\u00e4sta restauranger. Ett Coroncino-vin \u00e4r alltid intensivt, livligt och mycket uttrycksfullt med smakklumpar, men speciellt i Il Bacco-tappningen alltid med stor syra. Mandelmassa, kryddor och en antydan av tropisk frukt kombineras f\u00f6r att skapa en imponerande, fyllig och rolig att dricka vit som smakar bra p\u00e5 egen hand men kommer att leva med grillad fisk, vilt eller f\u00e5gel. Ett under med den lokala Jesi-lasagnen som heter Vincisgrassi och ingen vit jag vet passar b\u00e4ttre till tryffelr\u00e4tter!<\/p>\n<p>Ljus halmgul. N\u00e4san \u00f6ppnar sig med fruktiga och vegetabiliska inslag av mogna \u00e4pplen, citrusfrukter och kamomill. Smaken \u00e4r mjuk, med vacker konsistens och citronsyra. Avslutningen \u00e4r l\u00e5ng och smakrik.<br \/>\nRik och omslutande, mjuk och v\u00e4lsmakande, denna Verdicchio dei Castelli di Jesi Classico Superiore DOC &#8221;Il Coroncino&#8221; av Fattoria Coroncino. Ett vin som sticker ut f\u00f6r sin personlighet och sortkarakt\u00e4r.<\/p>\n<p>Fattoria Coroncino grundades 1981 i Staffolo mellan Musone- och Esino-dalarna i hj\u00e4rtat av Vallesina, ett omr\u00e5de i provinsen Ancona. Det \u00e4r h\u00e4r som Lucio och hans fru Fiorella arbetar enligt principerna f\u00f6r ekologisk odling och biodynamik. p\u00e5 ving\u00e5rden och dess frukter f\u00f6r att s\u00e4kerst\u00e4lla det totala uttrycket av vinstocken och territoriet i deras viner. Faktum \u00e4r att detta f\u00f6retag tolkar Verdicchio med stor personlighet, ger liv \u00e5t viner av utm\u00e4rkt kvalitet, med fantastisk struktur, rik p\u00e5 mineralitet och aromatisk intensitet. Fattoria Coroncino \u00e4r utan tvekan en referenspunkt f\u00f6r \u00e4lskare av Verdicchio, och varje entusiast b\u00f6r uppleva dess karismatiska viner. N\u00e4r jag kommer s\u00e5 s\u00e4tter jag upp en skylt! Den ber\u00f6mda frasen som du hittar p\u00e5 alla dess etiketter! Verdicchio nummer 1!<\/p>\n","protected":false},"excerpt":{"rendered":"<p>Marche &#8211; Italy<\/p>\n","protected":false},"featured_media":117905,"template":"","meta":{"_acf_changed":false,"rs_blank_template":"","rs_page_bg_color":"","slide_template_v7":""},"product_brand":[],"product_cat":[2788,2792],"product_tag":[],"class_list":{"0":"post-59090","1":"product","2":"type-product","3":"status-publish","4":"has-post-thumbnail","6":"product_cat-vin-sv","7":"product_cat-vitt-vin","8":"pa_aargang-2024-sv","9":"pa_drue-verdicchio-sv","10":"pa_land-italien-sv","11":"pa_procent-14-5-sv","12":"pa_producent-fattoria-coroncino-sv","13":"pa_region-marche-sv","14":"pa_serveringstemperatur-10-12-sv-2","15":"pa_volume-75-sv","17":"first","18":"instock","19":"taxable","20":"shipping-taxable","21":"purchasable","22":"product-type-simple"},"bundled_by":["119668"],"bundle_stock_status":"instock","bundle_stock_quantity":null,"bundle_virtual":false,"bundle_layout":"","bundle_add_to_cart_form_location":"","bundle_editable_in_cart":false,"bundle_sold_individually_context":"","bundle_item_grouping":"","bundle_min_size":"","bundle_max_size":"","bundle_price":[],"bundled_items":[],"bundle_sell_ids":[],"acf":[],"_links":{"self":[{"href":"https:\/\/www.raschvin.com\/sv\/wp-json\/wp\/v2\/product\/59090","targetHints":{"allow":["GET"]}}],"collection":[{"href":"https:\/\/www.raschvin.com\/sv\/wp-json\/wp\/v2\/product"}],"about":[{"href":"https:\/\/www.raschvin.com\/sv\/wp-json\/wp\/v2\/types\/product"}],"wp:featuredmedia":[{"embeddable":true,"href":"https:\/\/www.raschvin.com\/sv\/wp-json\/wp\/v2\/media\/117905"}],"wp:attachment":[{"href":"https:\/\/www.raschvin.com\/sv\/wp-json\/wp\/v2\/media?parent=59090"}],"wp:term":[{"taxonomy":"product_brand","embeddable":true,"href":"https:\/\/www.raschvin.com\/sv\/wp-json\/wp\/v2\/product_brand?post=59090"},{"taxonomy":"product_cat","embeddable":true,"href":"https:\/\/www.raschvin.com\/sv\/wp-json\/wp\/v2\/product_cat?post=59090"},{"taxonomy":"product_tag","embeddable":true,"href":"https:\/\/www.raschvin.com\/sv\/wp-json\/wp\/v2\/product_tag?post=59090"}],"curies":[{"name":"wp","href":"https:\/\/api.w.org\/{rel}","templated":true}]}}