{"id":59081,"date":"2026-03-04T11:20:55","date_gmt":"2026-03-04T10:20:55","guid":{"rendered":"https:\/\/www.raschvin.com\/produkt\/schola-sarmenti-mesia-malvasia-bianco-salento-igt-75-cl\/"},"modified":"2026-03-04T11:21:36","modified_gmt":"2026-03-04T10:21:36","slug":"schola-sarmenti-mesia-malvasia-bianco-salento-igt-75-cl","status":"publish","type":"product","link":"https:\/\/www.raschvin.com\/sv\/produkt\/schola-sarmenti-mesia-malvasia-bianco-salento-igt-75-cl\/","title":{"rendered":"Schola Sarmenti \u2013 Mesia Malvasia Bianco Salento IGT 2025 75 cl."},"content":{"rendered":"<p>Schola Sarmentis Malvasia Bianca \u00e4r gjord p\u00e5 rena Malvasia Bianca-druvor. Druvorna sk\u00f6rdas f\u00f6r hand och placeras i ventilerade l\u00e5dor f\u00f6r att bevara sin integritet. F\u00f6r\u00e4dling och mognad i st\u00e5ltankar vid kontrollerade temperaturer.<\/p>\n<p>Egenskaper f\u00f6r Salento Bianco &#8221;Malvasia&#8221;<br \/>\nHalmgul f\u00e4rg med gyllene reflektioner. N\u00e4san \u00e4r bred och elegant med inslag av mogna p\u00e4ron, honung och kryddor i finishen. I munnen \u00e4r den harmonisk och balanserad.<\/p>\n<p>Rekommenderad parning medan du provar detta vita vin<br \/>\nUtm\u00e4rkt till fiskbaserade r\u00e4tter, men \u00e4ven till f\u00f6rr\u00e4tt. Serveras vid en temperatur av 12\u00b0C i ett inte s\u00e4rskilt stort glas.<\/p>\n<p>N\u00e4san \u00e4r bred och elegant; Den uttrycker sig med inslag av mogna p\u00e4ron och en nypa kryddor. Halmgul f\u00e4rg med gyllene reflektioner. I gommen \u00e4r den fyllig, v\u00e4lbalanserad och harmonisk. Perfekt till fisk och passar bra till f\u00f6rr\u00e4tter och andra r\u00e4tter.<\/p>\n","protected":false},"excerpt":{"rendered":"<p>Puglia \u2013 Italy<\/p>\n","protected":false},"featured_media":59154,"template":"","meta":{"_acf_changed":false,"rs_blank_template":"","rs_page_bg_color":"","slide_template_v7":""},"product_brand":[],"product_cat":[2788,2792],"product_tag":[],"class_list":{"0":"post-59081","1":"product","2":"type-product","3":"status-publish","4":"has-post-thumbnail","6":"product_cat-vin-sv","7":"product_cat-vitt-vin","8":"pa_aargang-2025-sv","9":"pa_drue-malvasia-bianca-sv","10":"pa_land-italien-sv","11":"pa_procent-12-5-sv","12":"pa_producent-schola-sarmenti-sv","13":"pa_region-puglia-sv","14":"pa_serveringstemperatur-10-12-sv-2","15":"pa_volume-75-sv","17":"first","18":"instock","19":"taxable","20":"shipping-taxable","21":"purchasable","22":"product-type-simple"},"bundled_by":["119698"],"bundle_stock_status":"instock","bundle_stock_quantity":null,"bundle_virtual":false,"bundle_layout":"","bundle_add_to_cart_form_location":"","bundle_editable_in_cart":false,"bundle_sold_individually_context":"","bundle_item_grouping":"","bundle_min_size":"","bundle_max_size":"","bundle_price":[],"bundled_items":[],"bundle_sell_ids":[],"acf":[],"_links":{"self":[{"href":"https:\/\/www.raschvin.com\/sv\/wp-json\/wp\/v2\/product\/59081","targetHints":{"allow":["GET"]}}],"collection":[{"href":"https:\/\/www.raschvin.com\/sv\/wp-json\/wp\/v2\/product"}],"about":[{"href":"https:\/\/www.raschvin.com\/sv\/wp-json\/wp\/v2\/types\/product"}],"wp:featuredmedia":[{"embeddable":true,"href":"https:\/\/www.raschvin.com\/sv\/wp-json\/wp\/v2\/media\/59154"}],"wp:attachment":[{"href":"https:\/\/www.raschvin.com\/sv\/wp-json\/wp\/v2\/media?parent=59081"}],"wp:term":[{"taxonomy":"product_brand","embeddable":true,"href":"https:\/\/www.raschvin.com\/sv\/wp-json\/wp\/v2\/product_brand?post=59081"},{"taxonomy":"product_cat","embeddable":true,"href":"https:\/\/www.raschvin.com\/sv\/wp-json\/wp\/v2\/product_cat?post=59081"},{"taxonomy":"product_tag","embeddable":true,"href":"https:\/\/www.raschvin.com\/sv\/wp-json\/wp\/v2\/product_tag?post=59081"}],"curies":[{"name":"wp","href":"https:\/\/api.w.org\/{rel}","templated":true}]}}