{"id":59076,"date":"2024-07-05T07:49:26","date_gmt":"2024-07-05T05:49:26","guid":{"rendered":"https:\/\/www.raschvin.com\/produkt\/schola-sarmenti-fiano-bianco-salento-igt-75-cl\/"},"modified":"2026-03-04T11:23:11","modified_gmt":"2026-03-04T10:23:11","slug":"schola-sarmenti-fiano-bianco-salento-igt-75-cl","status":"publish","type":"product","link":"https:\/\/www.raschvin.com\/sv\/produkt\/schola-sarmenti-fiano-bianco-salento-igt-75-cl\/","title":{"rendered":"Schola Sarmenti \u2013 V\u00e9spre Fiano Bianco Salento IGT 2025 75 cl."},"content":{"rendered":"<p>&#8221;Fiano&#8221; kommer fr\u00e5n rena Fiano-druvor som odlas som plantor i Nard\u00f2, i provinsen Lecce fr\u00e5n ving\u00e5rdar som \u00e4r mer \u00e4n 50 \u00e5r gamla. I k\u00e4llaren v\u00e4ljs de sedan vidare ut p\u00e5 ett modernt sorteringsbord. Detta f\u00f6ljs av j\u00e4sning i st\u00e5l vid kontrollerad temperatur innan buteljering.<\/p>\n<p>Egenskaper f\u00f6r detta vita vin fr\u00e5n ving\u00e5rden Schola Sarmenti<br \/>\nVinet har en intensiv halmgul f\u00e4rg; p\u00e5 n\u00e4san \u00e4r det l\u00e4tt att k\u00e4nna igen de typiska tonerna av sorten. Fr\u00e5n akaciablommor till den ofr\u00e5nkomliga doften av rostade hasseln\u00f6tter. I munnen avsl\u00f6jar det dock ett behagligt fr\u00e4scht vin, med inslag av mineraltoner och en smakrik och behaglig l\u00e5ng avslutning.<\/p>\n<p>Rekommenderad parning n\u00e4r du provar detta vita vin<br \/>\nUtm\u00e4rkt f\u00f6r aptitretare f\u00f6r skaldjur eller salta aptitretare. Serveras vid en temperatur av 10\u00b0C i ett inte s\u00e4rskilt stort glas.<\/p>\n<p>Druvor med \u00e4del arom och omissk\u00e4nnliga aromer som f\u00f6ljer varandra i en doft av friska inslag av akaciablommor med rostad hasseln\u00f6tsfinish. Den fr\u00e4scha klunken med inslag av mineraltoner bleknar till en v\u00e4lsmakande finish av god uth\u00e5llighet med en beundransv\u00e4rd, harmonisk och delikat smak.<\/p>\n","protected":false},"excerpt":{"rendered":"<p>Puglia \u2013 Italy<\/p>\n","protected":false},"featured_media":59166,"template":"","meta":{"_acf_changed":false,"rs_blank_template":"","rs_page_bg_color":"","slide_template_v7":""},"product_brand":[],"product_cat":[2788,2792],"product_tag":[],"class_list":{"0":"post-59076","1":"product","2":"type-product","3":"status-publish","4":"has-post-thumbnail","6":"product_cat-vin-sv","7":"product_cat-vitt-vin","8":"pa_aargang-2025-sv","9":"pa_drue-fiano-sv","10":"pa_land-italien-sv","11":"pa_procent-12-5-sv","12":"pa_producent-schola-sarmenti-sv","13":"pa_region-puglia-sv","14":"pa_serveringstemperatur-10-12-sv-2","15":"pa_volume-75-sv","17":"first","18":"instock","19":"taxable","20":"shipping-taxable","21":"purchasable","22":"product-type-simple"},"bundled_by":["119690"],"bundle_stock_status":"instock","bundle_stock_quantity":null,"bundle_virtual":false,"bundle_layout":"","bundle_add_to_cart_form_location":"","bundle_editable_in_cart":false,"bundle_sold_individually_context":"","bundle_item_grouping":"","bundle_min_size":"","bundle_max_size":"","bundle_price":[],"bundled_items":[],"bundle_sell_ids":[],"acf":[],"_links":{"self":[{"href":"https:\/\/www.raschvin.com\/sv\/wp-json\/wp\/v2\/product\/59076","targetHints":{"allow":["GET"]}}],"collection":[{"href":"https:\/\/www.raschvin.com\/sv\/wp-json\/wp\/v2\/product"}],"about":[{"href":"https:\/\/www.raschvin.com\/sv\/wp-json\/wp\/v2\/types\/product"}],"wp:featuredmedia":[{"embeddable":true,"href":"https:\/\/www.raschvin.com\/sv\/wp-json\/wp\/v2\/media\/59166"}],"wp:attachment":[{"href":"https:\/\/www.raschvin.com\/sv\/wp-json\/wp\/v2\/media?parent=59076"}],"wp:term":[{"taxonomy":"product_brand","embeddable":true,"href":"https:\/\/www.raschvin.com\/sv\/wp-json\/wp\/v2\/product_brand?post=59076"},{"taxonomy":"product_cat","embeddable":true,"href":"https:\/\/www.raschvin.com\/sv\/wp-json\/wp\/v2\/product_cat?post=59076"},{"taxonomy":"product_tag","embeddable":true,"href":"https:\/\/www.raschvin.com\/sv\/wp-json\/wp\/v2\/product_tag?post=59076"}],"curies":[{"name":"wp","href":"https:\/\/api.w.org\/{rel}","templated":true}]}}