{"id":59069,"date":"2024-07-05T07:16:13","date_gmt":"2024-07-05T05:16:13","guid":{"rendered":"https:\/\/www.raschvin.com\/?post_type=product&#038;p=59069"},"modified":"2024-07-05T07:22:45","modified_gmt":"2024-07-05T05:22:45","slug":"althea-prosecco-superiore-extra-dry-75-cl-kopier","status":"publish","type":"product","link":"https:\/\/www.raschvin.com\/sv\/produkt\/althea-prosecco-superiore-extra-dry-75-cl-kopier\/","title":{"rendered":"Althea Prosecco Superiore DOCG MAGNUM &#8211; Extra Dry 150 cl."},"content":{"rendered":"<p>Druvor: 100% glasyr<br \/>\nH\u00f6sttyp: Handplockning<br \/>\nSk\u00f6rdetid: Fr\u00e5n andra halvan av september<br \/>\nProduktionszon: \u00d6stra kullar i Conegliano Valdobbiadene-omr\u00e5det<br \/>\nProduktionsmetod: Charmat-metod<br \/>\n\u00c5terst\u00e5ende socker: 12 &#8211; 15 g \/ l<br \/>\nAlkoholniv\u00e5: 11% vol<br \/>\nF\u00f6rvaring och service: Flaskor ska f\u00f6rvaras p\u00e5 en sval och torr plats fr\u00e5n ljus och v\u00e4rme. Vi f\u00f6resl\u00e5r att vi serverar v\u00e5r Prosecco Superiore Althea vid en temperatur p\u00e5 6-8 \u00b0 C \/ 43-46 \u00b0 F i ett stort tulpanformat glas som g\u00f6r att du kan uppskatta dess rikedom av aromer.<\/p>\n<p>VINPROFIL<\/p>\n<p>Utseende: Halmgult med gr\u00f6na inslag. Fin och ih\u00e5llande perlage.<br \/>\nN\u00e4sa: Ren och elegant med inslag av gr\u00f6nt \u00e4pple, p\u00e4ron och vit persika, citrus och blommiga dofter.<br \/>\nGom: V\u00e4lbalanserad, salt och levande med en skarp syra.<\/p>\n<p>T\u00c4NDSTICKOR<\/p>\n<p>Den \u00e4r perfekt som aperitif och \u00e4r perfekt med l\u00e4tta f\u00f6rsta r\u00e4tter, f\u00e4rsk ost och vitt k\u00f6tt.<\/p>\n","protected":false},"excerpt":{"rendered":"<p>Valdodobbiadene D.O.C.G<\/p>\n","protected":false},"featured_media":18959,"template":"","meta":{"_acf_changed":false,"rs_blank_template":"","rs_page_bg_color":"","slide_template_v7":""},"product_brand":[],"product_cat":[2776,2784,2788,9529],"product_tag":[],"class_list":{"0":"post-59069","1":"product","2":"type-product","3":"status-publish","4":"has-post-thumbnail","6":"product_cat-mousserende-sv","7":"product_cat-prosecco-sv","8":"product_cat-vin-sv","9":"product_cat-raschs-egenimport","10":"pa_drue-glera-sv","11":"pa_land-italien-sv","12":"pa_procent-11-sv","13":"pa_producent-althea-sv","14":"pa_region-treviso-sv","15":"pa_serveringstemperatur-6-8-sv","16":"pa_volume-150-sv","18":"first","19":"instock","20":"taxable","21":"shipping-taxable","22":"purchasable","23":"product-type-simple"},"bundled_by":[],"bundle_stock_status":"instock","bundle_stock_quantity":null,"bundle_virtual":false,"bundle_layout":"","bundle_add_to_cart_form_location":"","bundle_editable_in_cart":false,"bundle_sold_individually_context":"","bundle_item_grouping":"","bundle_min_size":"","bundle_max_size":"","bundle_price":[],"bundled_items":[],"bundle_sell_ids":[],"acf":[],"_links":{"self":[{"href":"https:\/\/www.raschvin.com\/sv\/wp-json\/wp\/v2\/product\/59069","targetHints":{"allow":["GET"]}}],"collection":[{"href":"https:\/\/www.raschvin.com\/sv\/wp-json\/wp\/v2\/product"}],"about":[{"href":"https:\/\/www.raschvin.com\/sv\/wp-json\/wp\/v2\/types\/product"}],"wp:featuredmedia":[{"embeddable":true,"href":"https:\/\/www.raschvin.com\/sv\/wp-json\/wp\/v2\/media\/18959"}],"wp:attachment":[{"href":"https:\/\/www.raschvin.com\/sv\/wp-json\/wp\/v2\/media?parent=59069"}],"wp:term":[{"taxonomy":"product_brand","embeddable":true,"href":"https:\/\/www.raschvin.com\/sv\/wp-json\/wp\/v2\/product_brand?post=59069"},{"taxonomy":"product_cat","embeddable":true,"href":"https:\/\/www.raschvin.com\/sv\/wp-json\/wp\/v2\/product_cat?post=59069"},{"taxonomy":"product_tag","embeddable":true,"href":"https:\/\/www.raschvin.com\/sv\/wp-json\/wp\/v2\/product_tag?post=59069"}],"curies":[{"name":"wp","href":"https:\/\/api.w.org\/{rel}","templated":true}]}}