{"id":58615,"date":"2026-03-04T08:59:18","date_gmt":"2026-03-04T07:59:18","guid":{"rendered":"https:\/\/www.raschvin.com\/produkt\/chateau-feuillet-petite-arvine-doc-2023-75-cl\/"},"modified":"2026-03-04T09:51:10","modified_gmt":"2026-03-04T08:51:10","slug":"chateau-feuillet-petite-arvine-doc-2023-75-cl","status":"publish","type":"product","link":"https:\/\/www.raschvin.com\/sv\/produkt\/chateau-feuillet-petite-arvine-doc-2023-75-cl\/","title":{"rendered":"Chateau Feuillet Petite Arvine DOC 2023 75 cl."},"content":{"rendered":"<p>Ving\u00e5rden str\u00e4cker sig \u00f6ver 10 000 m2, f\u00f6rdelad p\u00e5 tv\u00e5 olika tomter p\u00e5 tv\u00e5 h\u00f6jder, en p\u00e5 700 m \u00f6ver havet. och den andra p\u00e5 800 m \u00f6ver havet.<br \/>\nF\u00f6r att f\u00f6rst\u00e4rka dess aromer och delikata arom \u00e4r Petite Arvine en druva som sk\u00f6rdats i slutet av oktober. Sk\u00f6rden utf\u00f6rs i sm\u00e5 l\u00e5dor, tas till k\u00e4llaren, pressas och l\u00e4mnas att macerera p\u00e5 skinnen i tv\u00e5 dagar.<\/p>\n<p>Den pressas sedan och den kontrollerade j\u00e4sningen b\u00f6rjar vid en temperatur som inte \u00f6verstiger 18\u00b0. Malolaktisk j\u00e4sning utf\u00f6rs inte. Efter n\u00e5gra m\u00e5naders mognad i rostfria tankar buteljeras vinet p\u00e5 v\u00e5ren, genomg\u00e5r ytterligare tv\u00e5 m\u00e5naders f\u00f6r\u00e4dling och marknadsf\u00f6rs i slutet av v\u00e5ren.<\/p>\n<p>Det h\u00e4r \u00e4r ett riktigt dj\u00e4rvt vin som kommer fr\u00e5n Valle d&#8217;Aosta i norra Italien, g\u00f6mt i Alperna. En texturerad vit som inte smakar som n\u00e5got annat. Det \u00e4r det inte &#8211; var annars har du haft en Petite Arvine? Att det \u00e4r en gr\u00e4nsregion syns p\u00e5 etiketten, d\u00e4r den v\u00e4xlar fr\u00e5n franska till italienska och tillbaka n\u00e5gra g\u00e5nger n\u00e4r man l\u00e4ser den.<\/p>\n<p>Provningen<\/p>\n<p>Petite Arvine fr\u00e5n Ch\u00e2teau Feuillet \u00e4r ett lent och fr\u00e4scht, fruktigt och blommigt vitt vin fr\u00e5n Aostadalen. Halmgul f\u00e4rg med gr\u00f6naktiga reflektioner; P\u00e5 n\u00e4san fruktiga toner av grapefrukt, passionsfrukt och vit melon med en delikat touch av vilda blommor. Balanserad, mjuk och v\u00e4lsmakande smak<\/p>\n","protected":false},"excerpt":{"rendered":"<p>Valle d&#8217;Aosta &#8211; Italy<\/p>\n","protected":false},"featured_media":117839,"template":"","meta":{"_acf_changed":false,"rs_blank_template":"","rs_page_bg_color":"","slide_template_v7":""},"product_brand":[],"product_cat":[2788,2792,9200,9529],"product_tag":[],"class_list":{"0":"post-58615","1":"product","2":"type-product","3":"status-publish","4":"has-post-thumbnail","6":"product_cat-vin-sv","7":"product_cat-vitt-vin","8":"product_cat-italienskt-vitt-vin","9":"product_cat-raschs-egenimport","10":"pa_aargang-2023-sv","11":"pa_drue-petite-arvine-sv","12":"pa_land-italien-sv","13":"pa_procent-13-5-sv","14":"pa_producent-chateau-feuillet-sv","15":"pa_region-valle-daosta-sv","16":"pa_serveringstemperatur-10-12-sv-2","17":"pa_volume-75-sv","19":"first","20":"instock","21":"taxable","22":"shipping-taxable","23":"purchasable","24":"product-type-simple"},"bundled_by":["119722","120157"],"bundle_stock_status":"instock","bundle_stock_quantity":null,"bundle_virtual":false,"bundle_layout":"","bundle_add_to_cart_form_location":"","bundle_editable_in_cart":false,"bundle_sold_individually_context":"","bundle_item_grouping":"","bundle_min_size":"","bundle_max_size":"","bundle_price":[],"bundled_items":[],"bundle_sell_ids":[],"acf":[],"_links":{"self":[{"href":"https:\/\/www.raschvin.com\/sv\/wp-json\/wp\/v2\/product\/58615","targetHints":{"allow":["GET"]}}],"collection":[{"href":"https:\/\/www.raschvin.com\/sv\/wp-json\/wp\/v2\/product"}],"about":[{"href":"https:\/\/www.raschvin.com\/sv\/wp-json\/wp\/v2\/types\/product"}],"wp:featuredmedia":[{"embeddable":true,"href":"https:\/\/www.raschvin.com\/sv\/wp-json\/wp\/v2\/media\/117839"}],"wp:attachment":[{"href":"https:\/\/www.raschvin.com\/sv\/wp-json\/wp\/v2\/media?parent=58615"}],"wp:term":[{"taxonomy":"product_brand","embeddable":true,"href":"https:\/\/www.raschvin.com\/sv\/wp-json\/wp\/v2\/product_brand?post=58615"},{"taxonomy":"product_cat","embeddable":true,"href":"https:\/\/www.raschvin.com\/sv\/wp-json\/wp\/v2\/product_cat?post=58615"},{"taxonomy":"product_tag","embeddable":true,"href":"https:\/\/www.raschvin.com\/sv\/wp-json\/wp\/v2\/product_tag?post=58615"}],"curies":[{"name":"wp","href":"https:\/\/api.w.org\/{rel}","templated":true}]}}