{"id":58609,"date":"2024-07-02T08:03:05","date_gmt":"2024-07-02T06:03:05","guid":{"rendered":"https:\/\/www.raschvin.com\/produkt\/g-d-vajra-langhe-riesling-petracine-doc-eco-2023-75-cl\/"},"modified":"2024-07-02T08:03:05","modified_gmt":"2024-07-02T06:03:05","slug":"g-d-vajra-langhe-riesling-petracine-doc-eco-2023-75-cl","status":"publish","type":"product","link":"https:\/\/www.raschvin.com\/sv\/produkt\/g-d-vajra-langhe-riesling-petracine-doc-eco-2023-75-cl\/","title":{"rendered":"G.D. Vajra Langhe Riesling P\u00e9tracine DOC (ECO) 2023 75 cl."},"content":{"rendered":"<p>Upplev persika och aprikos, som elegant f\u00f6ljs av delikata blom- och citrustoner, medan mineraliteten st\u00e5r i centrum n\u00e4r vinet mognar. Harmonisk, precis, snyggt strukturerad och n\u00e4stan tight. Underbart komplex med l\u00e5ng eftersmak och stor lagringspotential.<\/p>\n<p>Vajra Riesling skapades inspirerad av de tyska rieslingarna som modell. P\u00e5 s\u00e5 s\u00e4tt blev Aldo Vajra en italiensk pionj\u00e4r n\u00e4r det kommer till Riesling. M\u00e5let var att skapa ett vin som kunde erbjuda samma mineralkarakt\u00e4r och syra, samtidigt med en mer omedelbar frukt och en betydligt rikare kropp.<\/p>\n<p>BESKRIVNING: Vajra Langhe DOC Riesling P\u00e9tracine produceras med de \u00e4ldsta vinstockarna av Riesling som n\u00e5gonsin planterats i Piemonte, 1985. Ving\u00e5rdarna \u00e4r \u00f6st\/syd\u00f6st exponerade p\u00e5 420-480 m \u00f6ver havet. Dess namn kommer fr\u00e5n en gammal synonym f\u00f6r Riesling som betyder &#8221;r\u00f6tterna [in i] stenen&#8221;, vilket indikerar att den kunde v\u00e4xa bra i stenig jord.<br \/>\n2018 var en mycket begr\u00e4nsad \u00e5rg\u00e5ng f\u00f6r P\u00e9tracine, men det \u00e4r ett verkligt anm\u00e4rkningsv\u00e4rt uttryck f\u00f6r detta vin n\u00e4r det \u00e4r mest mineraliskt och elegant.<\/p>\n<p>Langhe DOC Riesling P\u00e9tracine visar citrusiga aromer och tropiska toner av mango och ingef\u00e4ra. Inslag av jasmin och lavendel berikas med en flinta underton som kompletterar buketten. Smaken \u00e4r l\u00e4tt och citrusig. Noter av fl\u00e4derblom och l\u00e4tt kanderat apelsinskal \u00e4r milda och ih\u00e5llande med en mineral och saftig komponent som lovar att utvecklas vackert.<\/p>\n","protected":false},"excerpt":{"rendered":"<p>Piemonte \u2013 Italy<\/p>\n","protected":false},"featured_media":58633,"template":"","meta":{"_acf_changed":false,"rs_blank_template":"","rs_page_bg_color":"","slide_template_v7":""},"product_brand":[],"product_cat":[2788,2792],"product_tag":[],"class_list":{"0":"post-58609","1":"product","2":"type-product","3":"status-publish","4":"has-post-thumbnail","6":"product_cat-vin-sv","7":"product_cat-vitt-vin","8":"pa_aargang-2023-sv","9":"pa_drue-riesling-sv","10":"pa_land-italien-sv","11":"pa_oekologisk-yes-sv","12":"pa_procent-12-5-sv","13":"pa_producent-g-d-vajra-sv","14":"pa_region-piemonte-sv","15":"pa_serveringstemperatur-10-12-sv-2","16":"pa_volume-75-sv","18":"first","19":"outofstock","20":"sale","21":"taxable","22":"shipping-taxable","23":"purchasable","24":"product-type-simple"},"bundled_by":[],"bundle_stock_status":"outofstock","bundle_stock_quantity":null,"bundle_virtual":false,"bundle_layout":"","bundle_add_to_cart_form_location":"","bundle_editable_in_cart":false,"bundle_sold_individually_context":"","bundle_item_grouping":"","bundle_min_size":"","bundle_max_size":"","bundle_price":[],"bundled_items":[],"bundle_sell_ids":[],"acf":[],"_links":{"self":[{"href":"https:\/\/www.raschvin.com\/sv\/wp-json\/wp\/v2\/product\/58609","targetHints":{"allow":["GET"]}}],"collection":[{"href":"https:\/\/www.raschvin.com\/sv\/wp-json\/wp\/v2\/product"}],"about":[{"href":"https:\/\/www.raschvin.com\/sv\/wp-json\/wp\/v2\/types\/product"}],"wp:featuredmedia":[{"embeddable":true,"href":"https:\/\/www.raschvin.com\/sv\/wp-json\/wp\/v2\/media\/58633"}],"wp:attachment":[{"href":"https:\/\/www.raschvin.com\/sv\/wp-json\/wp\/v2\/media?parent=58609"}],"wp:term":[{"taxonomy":"product_brand","embeddable":true,"href":"https:\/\/www.raschvin.com\/sv\/wp-json\/wp\/v2\/product_brand?post=58609"},{"taxonomy":"product_cat","embeddable":true,"href":"https:\/\/www.raschvin.com\/sv\/wp-json\/wp\/v2\/product_cat?post=58609"},{"taxonomy":"product_tag","embeddable":true,"href":"https:\/\/www.raschvin.com\/sv\/wp-json\/wp\/v2\/product_tag?post=58609"}],"curies":[{"name":"wp","href":"https:\/\/api.w.org\/{rel}","templated":true}]}}