{"id":58437,"date":"2026-03-18T15:40:27","date_gmt":"2026-03-18T14:40:27","guid":{"rendered":"https:\/\/www.raschvin.com\/produkt\/fontanabianca-barbaresco-serraboella-docg-75-cl\/"},"modified":"2026-03-12T08:43:36","modified_gmt":"2026-03-12T07:43:36","slug":"fontanabianca-barbaresco-serraboella-docg-75-cl","status":"publish","type":"product","link":"https:\/\/www.raschvin.com\/sv\/produkt\/fontanabianca-barbaresco-serraboella-docg-75-cl\/","title":{"rendered":"Fontanabianca Barbaresco Serraboella DOCG 2022 75 cl."},"content":{"rendered":"<p data-start=\"135\" data-end=\"574\"><strong data-start=\"135\" data-end=\"175\">Fontanabianca Barbaresco Serraboella<\/strong> \u00e4r ett <strong data-start=\"183\" data-end=\"202\">Barbaresco DOCG<\/strong> fr\u00e5n <strong data-start=\"208\" data-end=\"228\">Neive i Piemonte<\/strong>, gjort p\u00e5 <strong data-start=\"239\" data-end=\"257\">100 % Nebbiolo<\/strong>fr\u00e5n producentens cru <strong data-start=\"280\" data-end=\"295\">Serraboella<\/strong>. Ving\u00e5rden ligger p\u00e5 cirka <strong data-start=\"323\" data-end=\"342\">300 meters h\u00f6jd<\/strong>, med <strong data-start=\"348\" data-end=\"373\">sydv\u00e4stlig exponering<\/strong> och en <strong data-start=\"381\" data-end=\"411\">kalkrik, medelfast jordm\u00e5n<\/strong>. Producenten anger att vinstockarnas genomsnittliga \u00e5lder \u00e4r omkring <strong data-start=\"481\" data-end=\"490\">30 \u00e5r<\/strong>, och att uppbindningen sker enligt <strong data-start=\"526\" data-end=\"535\">Guyot<\/strong>.<\/p>\n<p data-start=\"576\" data-end=\"1112\"><strong data-start=\"576\" data-end=\"593\">Fontanabianca<\/strong> \u00e4r en familjeegendom i Neive d\u00e4r <strong data-start=\"627\" data-end=\"640\">Aldo Pola<\/strong> f\u00f6r familjens arbete vidare. Enligt producenten grundades verksamheten av hans far <strong data-start=\"724\" data-end=\"734\">Franco<\/strong> redan <strong data-start=\"741\" data-end=\"749\">1969<\/strong>. Husets filosofi \u00e4r starkt knuten till ursprunget i Neive: m\u00e5let \u00e4r att vinerna ska spegla platsens jordm\u00e5n och uttrycka omr\u00e5dets typiska <strong data-start=\"888\" data-end=\"917\">parfym, elegans och kropp<\/strong>. Fontanabianca beskriver sig ocks\u00e5 som en producent med s\u00e4rskilt fokus p\u00e5 <strong data-start=\"992\" data-end=\"1006\">r\u00f6da viner<\/strong>, framf\u00f6r allt <strong data-start=\"1021\" data-end=\"1035\">Barbaresco<\/strong>, som ses som omr\u00e5dets fr\u00e4msta uttryck.<\/p>\n<p data-start=\"1114\" data-end=\"1588\">Arbetet i ving\u00e5rden beskrivs av producenten som <strong data-start=\"1162\" data-end=\"1198\">noggrant och i h\u00f6g grad manuellt<\/strong>. Fontanabianca lyfter fram <strong data-start=\"1226\" data-end=\"1245\">manuellt arbete<\/strong>, <strong data-start=\"1247\" data-end=\"1273\">skonsamma behandlingar<\/strong> och <strong data-start=\"1278\" data-end=\"1301\">noggrann jordanalys<\/strong> som viktiga delar i str\u00e4van efter druvor av h\u00f6g kvalitet. Producenten anger ocks\u00e5 att deras ving\u00e5rdar i Neive \u00e4r dedikerade till Nebbiolo f\u00f6r Barbaresco och Langhe Nebbiolo, d\u00e4r just <strong data-start=\"1485\" data-end=\"1500\">Serraboella<\/strong> \u00e4r en av de cru-l\u00e4gen som anv\u00e4nds f\u00f6r Barbaresco.<\/p>\n<p data-start=\"1590\" data-end=\"2232\">Vinifikationen beskrivs som <strong data-start=\"1618\" data-end=\"1634\">traditionell<\/strong>. Producenten uppger att j\u00e4sningen sker i <strong data-start=\"1676\" data-end=\"1714\">temperaturkontrollerade st\u00e5ltankar<\/strong>, d\u00e4r musten f\u00e5r j\u00e4sa p\u00e5 naturligt s\u00e4tt. K\u00e4llaren har enligt Fontanabianca moderniserats \u00f6ver tid f\u00f6r att hitta en balans mellan <strong data-start=\"1843\" data-end=\"1867\">tradition och teknik<\/strong>, samtidigt som fokus ligger p\u00e5 att bevara druvans och ursprungets karakt\u00e4r. F\u00f6r just <strong data-start=\"1953\" data-end=\"1979\">Barbaresco Serraboella<\/strong> anges att vinet lagras i <strong data-start=\"2005\" data-end=\"2021\">stora tr\u00e4fat<\/strong> i cirka <strong data-start=\"2030\" data-end=\"2047\">12\u201315 m\u00e5nader<\/strong>. Producenten beskriver generellt sin anv\u00e4ndning av tr\u00e4 som balanserad, med m\u00e5let att <strong data-start=\"2133\" data-end=\"2193\">mjukg\u00f6ra tanninerna utan att d\u00f6lja vinets naturliga smak<\/strong>.<\/p>\n<p data-start=\"2234\" data-end=\"2828\">I stilen beskriver producenten <strong data-start=\"2265\" data-end=\"2280\">Serraboella<\/strong> som ett vin med <strong data-start=\"2297\" data-end=\"2327\">harmonisk och elegant doft<\/strong>, medan smaken pr\u00e4glas av <strong data-start=\"2353\" data-end=\"2377\">sammetslena tanniner<\/strong> och en <strong data-start=\"2385\" data-end=\"2393\">torr<\/strong> karakt\u00e4r. P\u00e5 producentens ving\u00e5rdssida beskrivs cru Serraboella dessutom som ett vin med <strong data-start=\"2483\" data-end=\"2498\">stor parfym<\/strong>, <strong data-start=\"2500\" data-end=\"2510\">textur<\/strong> och <strong data-start=\"2515\" data-end=\"2525\">balans<\/strong>, som tack vare sin tidigare lagring p\u00e5 tr\u00e4 \u00e4r relativt tillg\u00e4ngligt redan ungt men ocks\u00e5 l\u00e4mpar sig v\u00e4l f\u00f6r fortsatt <strong data-start=\"2643\" data-end=\"2659\">flasklagring<\/strong>. Sammantaget framst\u00e5r det d\u00e4rf\u00f6r som ett klassiskt Nebbiolo-uttryck fr\u00e5n Neive med tydlig struktur, elegans och lagringspotential.<\/p>\n<p data-start=\"2830\" data-end=\"3074\">Serveringsm\u00e4ssigt rekommenderar producenten <strong data-start=\"2874\" data-end=\"2883\">18 \u00b0C<\/strong> och servering i st\u00f6rre r\u00f6dvinsglas. Till maten anges framf\u00f6r allt <strong data-start=\"2950\" data-end=\"2960\">stekar<\/strong>, <strong data-start=\"2962\" data-end=\"2970\">vilt<\/strong> och <strong data-start=\"2975\" data-end=\"2993\">smakrika ostar<\/strong>. Alkoholhalten uppges till cirka <strong data-start=\"3027\" data-end=\"3035\">14 %<\/strong><\/p>\n","protected":false},"excerpt":{"rendered":"<p>Piemonte \u2013 Italy<\/p>\n","protected":false},"featured_media":58445,"template":"","meta":{"_acf_changed":false,"rs_blank_template":"","rs_page_bg_color":"","slide_template_v7":""},"product_brand":[],"product_cat":[2788,2798,9185,9529],"product_tag":[],"class_list":{"0":"post-58437","1":"product","2":"type-product","3":"status-publish","4":"has-post-thumbnail","6":"product_cat-vin-sv","7":"product_cat-roedvin-sv","8":"product_cat-italienskt-rodvin","9":"product_cat-raschs-egenimport","10":"pa_aargang-2022-sv","11":"pa_drue-nebbiolo-sv","12":"pa_land-italien-sv","13":"pa_procent-14-sv","14":"pa_producent-fontanabianca-sv","15":"pa_region-piemonte-sv","16":"pa_serveringstemperatur-18-sv","17":"pa_volume-75-sv","19":"first","20":"instock","21":"taxable","22":"shipping-taxable","23":"purchasable","24":"product-type-simple"},"bundled_by":["119857"],"bundle_stock_status":"instock","bundle_stock_quantity":null,"bundle_virtual":false,"bundle_layout":"","bundle_add_to_cart_form_location":"","bundle_editable_in_cart":false,"bundle_sold_individually_context":"","bundle_item_grouping":"","bundle_min_size":"","bundle_max_size":"","bundle_price":[],"bundled_items":[],"bundle_sell_ids":[],"acf":[],"_links":{"self":[{"href":"https:\/\/www.raschvin.com\/sv\/wp-json\/wp\/v2\/product\/58437","targetHints":{"allow":["GET"]}}],"collection":[{"href":"https:\/\/www.raschvin.com\/sv\/wp-json\/wp\/v2\/product"}],"about":[{"href":"https:\/\/www.raschvin.com\/sv\/wp-json\/wp\/v2\/types\/product"}],"wp:featuredmedia":[{"embeddable":true,"href":"https:\/\/www.raschvin.com\/sv\/wp-json\/wp\/v2\/media\/58445"}],"wp:attachment":[{"href":"https:\/\/www.raschvin.com\/sv\/wp-json\/wp\/v2\/media?parent=58437"}],"wp:term":[{"taxonomy":"product_brand","embeddable":true,"href":"https:\/\/www.raschvin.com\/sv\/wp-json\/wp\/v2\/product_brand?post=58437"},{"taxonomy":"product_cat","embeddable":true,"href":"https:\/\/www.raschvin.com\/sv\/wp-json\/wp\/v2\/product_cat?post=58437"},{"taxonomy":"product_tag","embeddable":true,"href":"https:\/\/www.raschvin.com\/sv\/wp-json\/wp\/v2\/product_tag?post=58437"}],"curies":[{"name":"wp","href":"https:\/\/api.w.org\/{rel}","templated":true}]}}