{"id":58138,"date":"2024-06-26T10:17:48","date_gmt":"2024-06-26T08:17:48","guid":{"rendered":"https:\/\/www.raschvin.com\/produkt\/bati-coffee-rum-liqueur-70-cl-25\/"},"modified":"2024-06-26T10:17:48","modified_gmt":"2024-06-26T08:17:48","slug":"bati-coffee-rum-liqueur-70-cl-25","status":"publish","type":"product","link":"https:\/\/www.raschvin.com\/sv\/produkt\/bati-coffee-rum-liqueur-70-cl-25\/","title":{"rendered":"Bati Coffee Rum Liqueur 70 cl. 25%"},"content":{"rendered":"<p>RUM Co. fr\u00e5n Fijis prisbel\u00f6nta Bati Coffee Rom Liqueur lagras i 2 \u00e5r p\u00e5 ekfat, filtreras sedan genom kokosn\u00f6tskol f\u00f6r att f\u00e5nga smakerna fr\u00e5n Fiji. En fijiansk vit rom med aromer av nymalda kaffeb\u00f6nor och en mjuk, len mockafinish.<\/p>\n<p>V\u00e5r Bati kaffelik\u00f6r \u00e4r en intensiv blandning av ugnstorkade etiopiska espressob\u00f6nor och spritarom. Vid 700 ml ger den en len och dj\u00e4rv smak med aromer av rostat br\u00f6d och choklad. Njut av kyld eller med din favoritmixer!<\/p>\n","protected":false},"excerpt":{"rendered":"<p>Rum Co. Of Fiji<\/p>\n","protected":false},"featured_media":58240,"template":"","meta":{"_acf_changed":false,"rs_blank_template":"","rs_page_bg_color":"","slide_template_v7":""},"product_brand":[],"product_cat":[2387,4684,2391,4678,4639,2390],"product_tag":[],"class_list":{"0":"post-58138","1":"product","2":"type-product","3":"status-publish","4":"has-post-thumbnail","6":"product_cat-avec-sv","7":"product_cat-kaffelikor","8":"product_cat-rom-sv","9":"product_cat-romlikor","10":"product_cat-romliqueur-sv","11":"product_cat-sprit","12":"pa_land-fiji-sv","13":"pa_procent-25-sv","14":"pa_producent-rum-co-of-fiji-sv","15":"pa_volume-70-sv-2","17":"first","18":"outofstock","19":"sale","20":"taxable","21":"shipping-taxable","22":"purchasable","23":"product-type-simple"},"bundled_by":[],"bundle_stock_status":"outofstock","bundle_stock_quantity":null,"bundle_virtual":false,"bundle_layout":"","bundle_add_to_cart_form_location":"","bundle_editable_in_cart":false,"bundle_sold_individually_context":"","bundle_item_grouping":"","bundle_min_size":"","bundle_max_size":"","bundle_price":[],"bundled_items":[],"bundle_sell_ids":[],"acf":[],"_links":{"self":[{"href":"https:\/\/www.raschvin.com\/sv\/wp-json\/wp\/v2\/product\/58138","targetHints":{"allow":["GET"]}}],"collection":[{"href":"https:\/\/www.raschvin.com\/sv\/wp-json\/wp\/v2\/product"}],"about":[{"href":"https:\/\/www.raschvin.com\/sv\/wp-json\/wp\/v2\/types\/product"}],"wp:featuredmedia":[{"embeddable":true,"href":"https:\/\/www.raschvin.com\/sv\/wp-json\/wp\/v2\/media\/58240"}],"wp:attachment":[{"href":"https:\/\/www.raschvin.com\/sv\/wp-json\/wp\/v2\/media?parent=58138"}],"wp:term":[{"taxonomy":"product_brand","embeddable":true,"href":"https:\/\/www.raschvin.com\/sv\/wp-json\/wp\/v2\/product_brand?post=58138"},{"taxonomy":"product_cat","embeddable":true,"href":"https:\/\/www.raschvin.com\/sv\/wp-json\/wp\/v2\/product_cat?post=58138"},{"taxonomy":"product_tag","embeddable":true,"href":"https:\/\/www.raschvin.com\/sv\/wp-json\/wp\/v2\/product_tag?post=58138"}],"curies":[{"name":"wp","href":"https:\/\/api.w.org\/{rel}","templated":true}]}}