{"id":58130,"date":"2024-10-08T17:45:32","date_gmt":"2024-10-08T15:45:32","guid":{"rendered":"https:\/\/www.raschvin.com\/produkt\/bati-white-chocolate-rum-liqueur-70-cl-25\/"},"modified":"2024-06-26T10:11:32","modified_gmt":"2024-06-26T08:11:32","slug":"bati-white-chocolate-rum-liqueur-70-cl-25","status":"publish","type":"product","link":"https:\/\/www.raschvin.com\/sv\/produkt\/bati-white-chocolate-rum-liqueur-70-cl-25\/","title":{"rendered":"Bati White Chocolate Rum Liqueur 70 cl. 25%"},"content":{"rendered":"<p>RUM Co. av Fijis Bati White Chocolate Rom Liqueur har lagrats i 2 \u00e5r i ekkar och filtrerats sedan genom kokosn\u00f6tskal f\u00f6r att f\u00e5nga smaken av Fiji. En fijiansk vit rom med smak av dekadent vit choklad och vanilj ek.<\/p>\n<p>Bati White Chocolate Rom Liqueur \u00e4r gjord av handsk\u00f6rdad sockerr\u00f6r, som v\u00e4xer p\u00e5 Fijis b\u00f6rdiga vulkaniska jord. Efter destillering har Bati White Chocolate Rom Liqueur mognat i 2 \u00e5r p\u00e5 speciellt utvalda ekfat. Bati White Chocolate Rom Liqueur imponerar vad g\u00e4ller arom och smak med sin behagliga kryddighet, som ackompanjeras av delikata toner av vit choklad och fina nyanser av vanilj. Bati White Chocolate Rom Liqueur \u00e4r buteljerad med 25% vol.<\/p>\n","protected":false},"excerpt":{"rendered":"<p>Rum Co. Of Fiji<\/p>\n","protected":false},"featured_media":69132,"template":"","meta":{"_acf_changed":false,"rs_blank_template":"","rs_page_bg_color":"","slide_template_v7":""},"product_brand":[],"product_cat":[2390,2391,4642,4678,4716,9225,9392,9395,9398,9485],"product_tag":[],"class_list":{"0":"post-58130","1":"product","2":"type-product","3":"status-publish","4":"has-post-thumbnail","6":"product_cat-sprit","7":"product_cat-rom-sv","8":"product_cat-flavoured-rom-sv","9":"product_cat-romlikor","10":"product_cat-andra-likorer","11":"product_cat-alternativa-romtyper","12":"product_cat-likor-och-ol","13":"product_cat-likortyper","14":"product_cat-likor-efter-bas","15":"product_cat-romlikoer","16":"pa_land-fiji-sv","17":"pa_procent-25-sv","18":"pa_producent-rum-co-of-fiji-sv","19":"pa_volume-70-sv-2","21":"first","22":"outofstock","23":"sale","24":"taxable","25":"shipping-taxable","26":"purchasable","27":"product-type-simple"},"bundled_by":[],"bundle_stock_status":"outofstock","bundle_stock_quantity":null,"bundle_virtual":false,"bundle_layout":"","bundle_add_to_cart_form_location":"","bundle_editable_in_cart":false,"bundle_sold_individually_context":"","bundle_item_grouping":"","bundle_min_size":"","bundle_max_size":"","bundle_price":[],"bundled_items":[],"bundle_sell_ids":[],"acf":[],"_links":{"self":[{"href":"https:\/\/www.raschvin.com\/sv\/wp-json\/wp\/v2\/product\/58130","targetHints":{"allow":["GET"]}}],"collection":[{"href":"https:\/\/www.raschvin.com\/sv\/wp-json\/wp\/v2\/product"}],"about":[{"href":"https:\/\/www.raschvin.com\/sv\/wp-json\/wp\/v2\/types\/product"}],"wp:featuredmedia":[{"embeddable":true,"href":"https:\/\/www.raschvin.com\/sv\/wp-json\/wp\/v2\/media\/69132"}],"wp:attachment":[{"href":"https:\/\/www.raschvin.com\/sv\/wp-json\/wp\/v2\/media?parent=58130"}],"wp:term":[{"taxonomy":"product_brand","embeddable":true,"href":"https:\/\/www.raschvin.com\/sv\/wp-json\/wp\/v2\/product_brand?post=58130"},{"taxonomy":"product_cat","embeddable":true,"href":"https:\/\/www.raschvin.com\/sv\/wp-json\/wp\/v2\/product_cat?post=58130"},{"taxonomy":"product_tag","embeddable":true,"href":"https:\/\/www.raschvin.com\/sv\/wp-json\/wp\/v2\/product_tag?post=58130"}],"curies":[{"name":"wp","href":"https:\/\/api.w.org\/{rel}","templated":true}]}}