{"id":58044,"date":"2024-06-25T09:06:24","date_gmt":"2024-06-25T07:06:24","guid":{"rendered":"https:\/\/www.raschvin.com\/produkt\/pegrandi-valpolicella-amarone-riserva-2015-vaona-75-cl\/"},"modified":"2026-03-04T14:26:04","modified_gmt":"2026-03-04T13:26:04","slug":"pegrandi-valpolicella-amarone-riserva-2015-vaona-75-cl","status":"publish","type":"product","link":"https:\/\/www.raschvin.com\/sv\/produkt\/pegrandi-valpolicella-amarone-riserva-2015-vaona-75-cl\/","title":{"rendered":"Pegrandi Amarone RISERVA Valpolicella Vaona 2015 75 cl."},"content":{"rendered":"<p>URSPRUNG: Ving\u00e5rd med samma namn, \u00e4gd av familjen Vaona, bel\u00e4gen i kommundistriktet Marano di Valpolicella.<\/p>\n<p>JORD: medelstrukturerad alluvial jord av kalkhaltig natur. Optimal solexponering garanterar kvalitetsproduktion. H\u00f6jd 230-250 meter \u00f6ver havet.<\/p>\n<p>DRUVSORTER: Corvina 30%, Corvinone 35%, Rondinella 25%, Molinara 5%, Raboso Veronese 5%. Ving\u00e5rdens \u00e5lder 10\/40 \u00e5r.<\/p>\n<p>SK\u00d6RD: n\u00e4r de \u00e4r mogna, v\u00e4ljs druvorna noggrant ut och placeras p\u00e5 bambust\u00e4ll d\u00e4r de genomg\u00e5r en TRADITIONELL torkningsprocess i cirka 5 m\u00e5nader.<\/p>\n<p>VINIFIKATIONSTEKNIK: f\u00f6rsiktig pressning av druvorna innan stj\u00e4lkarna delvis avl\u00e4gsnas. Detta f\u00f6ljs av 7-10 dagars maceration vid l\u00e5g temperatur (1-2\u00b0C), vilket fr\u00e4mjar en h\u00f6gre koncentration av sortaromer. Med den progressiva temperatur\u00f6kningen startar spontan alkoholj\u00e4sning, som forts\u00e4tter vid en spontan temperatur (15-20\u00b0C) under delvis anaeroba f\u00f6rh\u00e5llanden i \u00f6ver 20-25 dagar.<\/p>\n<p>RAFFINERING: raffinerad p\u00e5 durmast ekfat (15-30 hl) i 40 m\u00e5nader, f\u00f6ljt av 18 m\u00e5nader p\u00e5 10-hl tr\u00e4fat, med ytterligare 7 &#8211; 8 m\u00e5nader p\u00e5 flaska.<\/p>\n<p>Doft<br \/>\nIntensiv, av r\u00f6d frukt konserverad i alkohol (k\u00f6rsb\u00e4r, plommon), v\u00e4l kombinerad med \u00e4dla och ih\u00e5llande kryddiga aromer.<\/p>\n<p>Arom<br \/>\nRostad, fruktig, kryddig, vegetabilisk, balsamico<\/p>\n<p>Smak<br \/>\nEn anm\u00e4rkningsv\u00e4rt koncentrerad smak, ih\u00e5llande och v\u00e4lbalanserad av en elegant och sammetslen solbr\u00e4nna struktur.<\/p>\n<p>Serveringstemperatur<br \/>\n16\u00b0-18\u00b0C.<\/p>\n<p>Blanda<br \/>\nCorvina, Corvinone, Molinara, Raboso Veronese, Rondinella<\/p>\n<p>Blandningsbeskrivning<br \/>\n35% Corvinone 30% Corvina 25% Rondinella 5% Molinara E 5% Raboso Veronese.<\/p>\n<p>Motsvarande<br \/>\nAgnolotti (fylld k\u00f6tt- och rispasta, typiskt fr\u00e5n regionen Piemonte), ravioli (fylld pasta), t-bone steak (florentinsk biff), rostat r\u00f6tt k\u00f6tt, stekt, ris med svamp, r\u00f6tt k\u00f6ttgryta, r\u00f6tt k\u00f6tt, pasta med s\u00e5s , Br\u00e4serat k\u00f6tt, d\u00f6da, grillat k\u00f6tt, vilt, r\u00e4tter med tryffel, saltade ostar, tajarin (l\u00e5ng pasta typisk fr\u00e5n regionen Piemonte), meditationsviner\/dessertviner<\/p>\n<p>Perfekt med<br \/>\nStekt ost, R\u00f6tt k\u00f6tt, Pasta k\u00f6tt<\/p>\n","protected":false},"excerpt":{"rendered":"<p>Valpolicella \u2013 Vaona<\/p>\n","protected":false},"featured_media":58062,"template":"","meta":{"_acf_changed":false,"rs_blank_template":"","rs_page_bg_color":"","slide_template_v7":""},"product_brand":[],"product_cat":[2788,2798],"product_tag":[],"class_list":{"0":"post-58044","1":"product","2":"type-product","3":"status-publish","4":"has-post-thumbnail","6":"product_cat-vin-sv","7":"product_cat-roedvin-sv","8":"pa_aargang-2015-sv","9":"pa_drue-corvina-sv","10":"pa_drue-corvinone-sv","11":"pa_drue-rondinella-sv","12":"pa_drue-molinara-sv","13":"pa_drue-raboso-veronese-sv","14":"pa_land-italien-sv","15":"pa_procent-16-5-sv","16":"pa_producent-vaona-sv","17":"pa_region-valpolicella-sv","18":"pa_serveringstemperatur-16-18-sv","19":"pa_volume-75-sv","21":"first","22":"instock","23":"taxable","24":"shipping-taxable","25":"purchasable","26":"product-type-simple"},"bundled_by":[],"bundle_stock_status":"instock","bundle_stock_quantity":null,"bundle_virtual":false,"bundle_layout":"","bundle_add_to_cart_form_location":"","bundle_editable_in_cart":false,"bundle_sold_individually_context":"","bundle_item_grouping":"","bundle_min_size":"","bundle_max_size":"","bundle_price":[],"bundled_items":[],"bundle_sell_ids":[],"acf":[],"_links":{"self":[{"href":"https:\/\/www.raschvin.com\/sv\/wp-json\/wp\/v2\/product\/58044","targetHints":{"allow":["GET"]}}],"collection":[{"href":"https:\/\/www.raschvin.com\/sv\/wp-json\/wp\/v2\/product"}],"about":[{"href":"https:\/\/www.raschvin.com\/sv\/wp-json\/wp\/v2\/types\/product"}],"wp:featuredmedia":[{"embeddable":true,"href":"https:\/\/www.raschvin.com\/sv\/wp-json\/wp\/v2\/media\/58062"}],"wp:attachment":[{"href":"https:\/\/www.raschvin.com\/sv\/wp-json\/wp\/v2\/media?parent=58044"}],"wp:term":[{"taxonomy":"product_brand","embeddable":true,"href":"https:\/\/www.raschvin.com\/sv\/wp-json\/wp\/v2\/product_brand?post=58044"},{"taxonomy":"product_cat","embeddable":true,"href":"https:\/\/www.raschvin.com\/sv\/wp-json\/wp\/v2\/product_cat?post=58044"},{"taxonomy":"product_tag","embeddable":true,"href":"https:\/\/www.raschvin.com\/sv\/wp-json\/wp\/v2\/product_tag?post=58044"}],"curies":[{"name":"wp","href":"https:\/\/api.w.org\/{rel}","templated":true}]}}