{"id":57781,"date":"2024-06-19T11:54:49","date_gmt":"2024-06-19T09:54:49","guid":{"rendered":"https:\/\/www.raschvin.com\/produkt\/nocino-vesuvi-70-cl-38\/"},"modified":"2024-06-19T11:54:49","modified_gmt":"2024-06-19T09:54:49","slug":"nocino-vesuvi-70-cl-38","status":"publish","type":"product","link":"https:\/\/www.raschvin.com\/sv\/produkt\/nocino-vesuvi-70-cl-38\/","title":{"rendered":"Nocino Vesuv\u00ed 70 cl. 38%"},"content":{"rendered":"<p>Fr\u00e5n de typiska valn\u00f6tterna fr\u00e5n Vesuviusomr\u00e5det (en av de mest uppskattade sorterna i Italien), producerar DISTILNATURA den traditionella NOCINO:<br \/>\n&#8211; en m\u00f6rkf\u00e4rgad, delikat aromatisk och matsm\u00e4ltningsdryck: resultat av en hundra\u00e5rig tradition.<\/p>\n<p>Valn\u00f6tterna sk\u00f6rdas medan de fortfarande \u00e4r gr\u00f6na, i slutet av juni. N\u00e4r de fortfarande \u00e4r gr\u00f6na och valn\u00f6tter \u00e4r rika p\u00e5 juice och eteriska oljor.<\/p>\n<p>Utm\u00e4rkt, att avnjutas efter en m\u00e5ltid.<\/p>\n<p>Ingredienser:<br \/>\nGr\u00f6na valn\u00f6tter och aromatiska \u00f6rter,<br \/>\nSocker,<br \/>\nAlkohol 38%.<\/p>\n","protected":false},"excerpt":{"rendered":"<p>Italian Walnut Liquor<\/p>\n","protected":false},"featured_media":57784,"template":"","meta":{"_acf_changed":false,"rs_blank_template":"","rs_page_bg_color":"","slide_template_v7":""},"product_brand":[],"product_cat":[2387,2390,4670,4716],"product_tag":[],"class_list":{"0":"post-57781","1":"product","2":"type-product","3":"status-publish","4":"has-post-thumbnail","6":"product_cat-avec-sv","7":"product_cat-sprit","8":"product_cat-frukt","9":"product_cat-andra-likorer","10":"pa_land-italien-sv","11":"pa_procent-38-sv","12":"pa_producent-distilnatura-sv","13":"pa_volume-70-sv-2","15":"first","16":"instock","17":"taxable","18":"shipping-taxable","19":"purchasable","20":"product-type-simple"},"bundled_by":[],"bundle_stock_status":"instock","bundle_stock_quantity":null,"bundle_virtual":false,"bundle_layout":"","bundle_add_to_cart_form_location":"","bundle_editable_in_cart":false,"bundle_sold_individually_context":"","bundle_item_grouping":"","bundle_min_size":"","bundle_max_size":"","bundle_price":[],"bundled_items":[],"bundle_sell_ids":[],"acf":[],"_links":{"self":[{"href":"https:\/\/www.raschvin.com\/sv\/wp-json\/wp\/v2\/product\/57781","targetHints":{"allow":["GET"]}}],"collection":[{"href":"https:\/\/www.raschvin.com\/sv\/wp-json\/wp\/v2\/product"}],"about":[{"href":"https:\/\/www.raschvin.com\/sv\/wp-json\/wp\/v2\/types\/product"}],"wp:featuredmedia":[{"embeddable":true,"href":"https:\/\/www.raschvin.com\/sv\/wp-json\/wp\/v2\/media\/57784"}],"wp:attachment":[{"href":"https:\/\/www.raschvin.com\/sv\/wp-json\/wp\/v2\/media?parent=57781"}],"wp:term":[{"taxonomy":"product_brand","embeddable":true,"href":"https:\/\/www.raschvin.com\/sv\/wp-json\/wp\/v2\/product_brand?post=57781"},{"taxonomy":"product_cat","embeddable":true,"href":"https:\/\/www.raschvin.com\/sv\/wp-json\/wp\/v2\/product_cat?post=57781"},{"taxonomy":"product_tag","embeddable":true,"href":"https:\/\/www.raschvin.com\/sv\/wp-json\/wp\/v2\/product_tag?post=57781"}],"curies":[{"name":"wp","href":"https:\/\/api.w.org\/{rel}","templated":true}]}}