{"id":57532,"date":"2024-06-13T06:40:39","date_gmt":"2024-06-13T04:40:39","guid":{"rendered":"https:\/\/www.raschvin.com\/produkt\/henri-ehrhart-pinot-gris-grand-cru-75-cl\/"},"modified":"2024-06-13T06:40:39","modified_gmt":"2024-06-13T04:40:39","slug":"henri-ehrhart-pinot-gris-grand-cru-75-cl","status":"publish","type":"product","link":"https:\/\/www.raschvin.com\/sv\/produkt\/henri-ehrhart-pinot-gris-grand-cru-75-cl\/","title":{"rendered":"Henri Ehrhart Pinot Gris Grand Cru 75 cl."},"content":{"rendered":"<p>Intensiv och vacker gyllengul Pinot Gris Grand Cru fr\u00e5n Alsace-huset Henri Ehrhart<\/p>\n<p>Bra p\u00e5:<br \/>\nAperitif, dessert, f\u00f6rr\u00e4tter<\/p>\n<p>RIK OCH HARMONISK<\/p>\n<p>Vinet \u00e4r elegant med en intensiv gyllengul f\u00e4rg. Vinet \u00e4r ocks\u00e5 intensivt p\u00e5 n\u00e4san med sirapsartade fruktaromer av p\u00e4ron, persika och torkade aprikoser. Vinet \u00e4r rikt och frodigt i gommen med en harmonisk finish som understryks av krispiga, mineraliska toner och ett kvardr\u00f6jande eko av torkade aprikoser.<\/p>\n<p>Servera vinet som aperitif, till foie gras eller till choklad- eller fruktbaserade desserter.<\/p>\n<p>Serveringstemperatur: 8-10\u00b0C<\/p>\n<p>Tillverkning<\/p>\n<p>Alsace Grand Cru Pinot Gris \u00e4r gjord p\u00e5 druvor fr\u00e5n Henri Ehrharts egna \u00e5krar.<\/p>\n<p>Om tillverkaren<\/p>\n<p>Henri Ehrhart \u00e4r den enda familje\u00e4gda ving\u00e5rden bland de 10 b\u00e4sta ving\u00e5rdarna i Alsace.<\/p>\n<p>Maison Henri Ehrhart: P\u00e5 70-talet k\u00f6pte Henri Ehrhart 4 hektar ving\u00e5rdar runt den lilla pittoreska staden Ammerschwihr ca. 8 km. v\u00e4ster om Colmar &#8211; &#8221;huvudstaden&#8221; f\u00f6r vinerna fr\u00e5n Alsace. Familjef\u00f6retaget har under \u00e5ren vuxit till att bli den femte st\u00f6rsta producenten av viner fr\u00e5n Alsace med 7 miljoner flaskor \u00e5rligen och f\u00f6retaget drivs idag av sonen Cyrille Ehrhart.<\/p>\n<p>Med egen ving\u00e5rd och tappningsanl\u00e4ggning i Ammerschwihr och med den allra senaste tekniken har familjen Ehrhart kontroll \u00f6ver kvaliteten p\u00e5 sina viner och kan buteljera vinerna vid exakt r\u00e4tt tidpunkt.<\/p>\n<p>Familjen Ehrhart har fingret p\u00e5 b\u00e5de den franska och internationella pulsen och f\u00f6retaget \u00e4r skickligt p\u00e5 att anpassa sig efter konsumenternas vinsmak.<\/p>\n<p>&#8221;Vi \u00e4r dedikerade till kvalitet, livsmedelss\u00e4kerhet och kundn\u00f6jdhet och vi har expertis att leverera h\u00f6gkvalitativa viner till rimliga priser med fullst\u00e4ndig kontroll \u00f6ver hela tillverkningsprocessen&#8221; &#8211; s\u00e4ger Cyrille Ehrhart. F\u00f6retaget \u00e4r IFS-certifierat p\u00e5 &#8221;h\u00f6gre niv\u00e5&#8221;.<\/p>\n","protected":false},"excerpt":{"rendered":"<p>Alsace \u2013 France<\/p>\n","protected":false},"featured_media":57585,"template":"","meta":{"_acf_changed":false,"rs_blank_template":"","rs_page_bg_color":"","slide_template_v7":""},"product_brand":[],"product_cat":[2788,2792],"product_tag":[],"class_list":{"0":"post-57532","1":"product","2":"type-product","3":"status-publish","4":"has-post-thumbnail","6":"product_cat-vin-sv","7":"product_cat-vitt-vin","8":"pa_drue-pinot-gris-sv","9":"pa_land-frankrike","10":"pa_procent-13-5-sv","11":"pa_producent-henri-ehrhart-sv","12":"pa_region-alsace-sv","13":"pa_serveringstemperatur-8-10-sv","14":"pa_volume-75-sv","16":"first","17":"instock","18":"taxable","19":"shipping-taxable","20":"purchasable","21":"product-type-simple"},"bundled_by":[],"bundle_stock_status":"instock","bundle_stock_quantity":null,"bundle_virtual":false,"bundle_layout":"","bundle_add_to_cart_form_location":"","bundle_editable_in_cart":false,"bundle_sold_individually_context":"","bundle_item_grouping":"","bundle_min_size":"","bundle_max_size":"","bundle_price":[],"bundled_items":[],"bundle_sell_ids":[],"acf":[],"_links":{"self":[{"href":"https:\/\/www.raschvin.com\/sv\/wp-json\/wp\/v2\/product\/57532","targetHints":{"allow":["GET"]}}],"collection":[{"href":"https:\/\/www.raschvin.com\/sv\/wp-json\/wp\/v2\/product"}],"about":[{"href":"https:\/\/www.raschvin.com\/sv\/wp-json\/wp\/v2\/types\/product"}],"wp:featuredmedia":[{"embeddable":true,"href":"https:\/\/www.raschvin.com\/sv\/wp-json\/wp\/v2\/media\/57585"}],"wp:attachment":[{"href":"https:\/\/www.raschvin.com\/sv\/wp-json\/wp\/v2\/media?parent=57532"}],"wp:term":[{"taxonomy":"product_brand","embeddable":true,"href":"https:\/\/www.raschvin.com\/sv\/wp-json\/wp\/v2\/product_brand?post=57532"},{"taxonomy":"product_cat","embeddable":true,"href":"https:\/\/www.raschvin.com\/sv\/wp-json\/wp\/v2\/product_cat?post=57532"},{"taxonomy":"product_tag","embeddable":true,"href":"https:\/\/www.raschvin.com\/sv\/wp-json\/wp\/v2\/product_tag?post=57532"}],"curies":[{"name":"wp","href":"https:\/\/api.w.org\/{rel}","templated":true}]}}