{"id":57405,"date":"2026-03-11T15:54:07","date_gmt":"2026-03-11T14:54:07","guid":{"rendered":"https:\/\/www.raschvin.com\/produkt\/roku-gin-sakura-bloom-edition-70-cl-43\/"},"modified":"2024-06-12T17:57:07","modified_gmt":"2024-06-12T15:57:07","slug":"roku-gin-sakura-bloom-edition-70-cl-43","status":"publish","type":"product","link":"https:\/\/www.raschvin.com\/sv\/produkt\/roku-gin-sakura-bloom-edition-70-cl-43\/","title":{"rendered":"Roku Gin Sakura Bloom Edition 70 cl. 43%"},"content":{"rendered":"<p>Den f\u00f6rsta releasen i Seasonal Festival Collection, Roku Gin Sakura Bloom Edition, \u00e4r utformad f\u00f6r att f\u00e5nga essensen av Sakura i blom, ett flyktigt fenomen som f\u00f6rvandlar Japan till ett hav av f\u00e4rger och delikata dofter varje v\u00e5r. Sakura-blomningen varar bara i tv\u00e5 veckor och avnjuts p\u00e5 sin topp av miljontals japaner i en ritual som kallas Hanami, eller &#8221;blomstersk\u00e5dning&#8221;. Den h\u00e4r specialutg\u00e5van av Roku Gin, som h\u00e4mtar inspiration fr\u00e5n k\u00f6rsb\u00e4rsblomningens tillf\u00e4lliga sk\u00f6nhet, utnyttjar ljusstyrkan och friskheten hos Sakura s\u00e5 att du kan njuta av det \u00e5ret runt. Blomman ger en elegant blommig smak med inslag av s\u00e4lta, underbyggd av en delikat komplex blandning av v\u00e4xter som f\u00f6rst\u00e4rker denna japanska gins naturliga smaker. Denna buteljering i begr\u00e4nsad upplaga \u00e4r den f\u00f6rsta i en serie som hyllar japanska festivaler inspirerade av &#8221;Shun&#8221; &#8211; k\u00e4nslan av att njuta av s\u00e4songsbetonade stunder p\u00e5 topp.<\/p>\n<p>DESIGNAD F\u00d6R ATT INSPIRERA FR\u00d6V\u00c4NDNING<\/p>\n<p>F\u00f6r att hedra japanskt hantverk bj\u00f6d House of Suntory in Japans v\u00e4lk\u00e4nda washi-konstn\u00e4r, Eriko Horiki, att designa etiketten Sakura Bloom Edition. Designen anv\u00e4nder inslag av rosa och metalliska toner f\u00f6r att simulera de fallande Sakura-blombladen. Den yttre f\u00f6rpackningen \u2013 ocks\u00e5 designad av en uppskattad japansk konstn\u00e4r \u2013 v\u00e4cker Hanami-festivalen till liv genom Sakura-blommarnas sk\u00f6nhet och publiken som beundrar dem. Den sexsidiga flaskdesignen och de pr\u00e4glade v\u00e4xterna f\u00f6rkroppsligar konceptet &#8221;Shun&#8221;, som representerar de sex japanska v\u00e4xterna som sk\u00f6rdats vid s\u00e4songens topp f\u00f6r att g\u00f6ra Roku.<\/p>\n<p>N\u00c4SA<\/p>\n<p>Ljus och inbjudande, frammanar den tidiga v\u00e5rens friskhet. Milda och mjuka blommiga toner av k\u00f6rsb\u00e4rsblommor, som p\u00e5minner om en japansk tr\u00e4dg\u00e5rd under Hanami-s\u00e4songen.<br \/>\n Beh\u00f6ver alternativ text<\/p>\n<p>GOM<\/p>\n<p>Mjuk och len toppnot, subtilt s\u00f6t och rikt elegant. En nostalgisk antydan till s\u00e4ltan i Sakura-mochi, s\u00e4songens traditionella s\u00f6ta, balanserad med den fruktiga s\u00f6tman fr\u00e5n k\u00f6rsb\u00e4rsblommor, noggrant blandad med Rokus ursprungliga v\u00e4xter.<br \/>\n Beh\u00f6ver alternativ text<\/p>\n<p>AVSLUTA<\/p>\n<p>En kvardr\u00f6jande finish som inbjuder till n\u00e4sta klunk. N\u00e4r varje blomma faller bort f\u00f6rv\u00e4ntas en ny blomning.<\/p>\n<p>ROKU SAKURA GIN &#038; TONIC<br \/>\nDen perfekta v\u00e5rcocktailen, detta Roku Gin and Tonic-recept f\u00f6rkroppsligar Sakura (japansk k\u00f6rsb\u00e4rsblomma). Som en delikat Roku Gin-dryck lyfter detta recept med Sakura-tema fram v\u00e5rens mjuka smaker och blommar med friska, uppiggande smaker. Njut med en m\u00e4ngd olika gin-garnering f\u00f6r en autentisk japansk blommig upplevelse.<\/p>\n","protected":false},"excerpt":{"rendered":"<p>The Japanese Craft Gin \u2013 Distilled in Japan<\/p>\n","protected":false},"featured_media":57514,"template":"","meta":{"_acf_changed":false,"rs_blank_template":"","rs_page_bg_color":"","slide_template_v7":""},"product_brand":[],"product_cat":[2404,4700,9290,9479],"product_tag":[],"class_list":{"0":"post-57405","1":"product","2":"type-product","3":"status-publish","4":"has-post-thumbnail","6":"product_cat-gin-sv","7":"product_cat-flavoured-gin-sv","8":"product_cat-distilled-gin","9":"product_cat-gintyper","10":"pa_land-japan-sv","11":"pa_procent-43-sv","12":"pa_producent-suntory-sv","13":"pa_volume-70-sv-2","15":"first","16":"instock","17":"sale","18":"featured","19":"taxable","20":"shipping-taxable","21":"purchasable","22":"product-type-simple"},"bundled_by":[],"bundle_stock_status":"instock","bundle_stock_quantity":null,"bundle_virtual":false,"bundle_layout":"","bundle_add_to_cart_form_location":"","bundle_editable_in_cart":false,"bundle_sold_individually_context":"","bundle_item_grouping":"","bundle_min_size":"","bundle_max_size":"","bundle_price":[],"bundled_items":[],"bundle_sell_ids":[],"acf":[],"_links":{"self":[{"href":"https:\/\/www.raschvin.com\/sv\/wp-json\/wp\/v2\/product\/57405","targetHints":{"allow":["GET"]}}],"collection":[{"href":"https:\/\/www.raschvin.com\/sv\/wp-json\/wp\/v2\/product"}],"about":[{"href":"https:\/\/www.raschvin.com\/sv\/wp-json\/wp\/v2\/types\/product"}],"wp:featuredmedia":[{"embeddable":true,"href":"https:\/\/www.raschvin.com\/sv\/wp-json\/wp\/v2\/media\/57514"}],"wp:attachment":[{"href":"https:\/\/www.raschvin.com\/sv\/wp-json\/wp\/v2\/media?parent=57405"}],"wp:term":[{"taxonomy":"product_brand","embeddable":true,"href":"https:\/\/www.raschvin.com\/sv\/wp-json\/wp\/v2\/product_brand?post=57405"},{"taxonomy":"product_cat","embeddable":true,"href":"https:\/\/www.raschvin.com\/sv\/wp-json\/wp\/v2\/product_cat?post=57405"},{"taxonomy":"product_tag","embeddable":true,"href":"https:\/\/www.raschvin.com\/sv\/wp-json\/wp\/v2\/product_tag?post=57405"}],"curies":[{"name":"wp","href":"https:\/\/api.w.org\/{rel}","templated":true}]}}