{"id":57401,"date":"2024-06-12T16:48:52","date_gmt":"2024-06-12T14:48:52","guid":{"rendered":"https:\/\/www.raschvin.com\/produkt\/highland-park-dragon-legend-70-cl-431\/"},"modified":"2024-06-12T16:48:52","modified_gmt":"2024-06-12T14:48:52","slug":"highland-park-dragon-legend-70-cl-431","status":"publish","type":"product","link":"https:\/\/www.raschvin.com\/sv\/produkt\/highland-park-dragon-legend-70-cl-431\/","title":{"rendered":"Highland Park Dragon Legend 70 cl. 43,1%"},"content":{"rendered":"<p>Orkney\u00f6arna \u00e4r genomsyrade av nordisk folklore och ber\u00e4ttelsen om drakd\u00f6daren Sigurd \u2013 som slickade drakblod fr\u00e5n sin tumme och fick visdom och profeti \u2013 inspirerade denna single maltwhiskys namn och dj\u00e4rva dramatiska karakt\u00e4r.<\/p>\n<p>Med sin karakt\u00e4r fr\u00e4mst driven av l\u00e5ngsam mognad p\u00e5 sherrykryddade europeiska ekfat och en h\u00f6gre andel orkneytorvmalt, hittar du toner av rik vaniljkr\u00e4m infunderad med varma vinterkryddor, ton av solmogna citroner glaserade med s\u00f6t ljunghonung och moln av aromatisk torvr\u00f6k.<\/p>\n<p>Intensivt r\u00f6kig och rik, denna whisky \u00e4r fantastisk serverad med lammkoteletter grillade med f\u00e4rsk mynta eller tillsammans med en kr\u00e4mig bl\u00e5m\u00f6gelost.<\/p>\n<p>NATURLIG FATDRIVN F\u00c4RG (inga tillsatser)<\/p>\n<p>Djupt guld, klart och ljust<\/p>\n<p>SMAKER<\/p>\n<p>Citronskal | \u00c4lskling | Vanilj | Varma kryddor | Nyskuret tr\u00e4 | Aromatisk torvr\u00f6k<\/p>\n<p>SENASTE UTM\u00c4RKELSER<\/p>\n<p>Guld | International Spirits Challenge | 2021<\/p>\n<p>Silver | Scotch Whisky Masters | 2021<\/p>\n<p>Silver | International Spirits Challenge | 2019<\/p>\n<p>Silver | International Spirits Challenge | 2018<\/p>\n","protected":false},"excerpt":{"rendered":"<p>Single Malt Scotch Whisky<\/p>\n","protected":false},"featured_media":57421,"template":"","meta":{"_acf_changed":false,"rs_blank_template":"","rs_page_bg_color":"","slide_template_v7":""},"product_brand":[],"product_cat":[2387,4651,2392],"product_tag":[],"class_list":{"0":"post-57401","1":"product","2":"type-product","3":"status-publish","4":"has-post-thumbnail","6":"product_cat-avec-sv","7":"product_cat-single-malt-sv","8":"product_cat-whisky-sv","9":"pa_land-skottland","10":"pa_procent-43-1-sv","11":"pa_producent-highland-park-sv","12":"pa_region-orkney-sv","13":"pa_volume-70-sv-2","15":"first","16":"instock","17":"sale","18":"taxable","19":"shipping-taxable","20":"purchasable","21":"product-type-simple"},"bundled_by":[],"bundle_stock_status":"instock","bundle_stock_quantity":null,"bundle_virtual":false,"bundle_layout":"","bundle_add_to_cart_form_location":"","bundle_editable_in_cart":false,"bundle_sold_individually_context":"","bundle_item_grouping":"","bundle_min_size":"","bundle_max_size":"","bundle_price":[],"bundled_items":[],"bundle_sell_ids":[],"acf":[],"_links":{"self":[{"href":"https:\/\/www.raschvin.com\/sv\/wp-json\/wp\/v2\/product\/57401","targetHints":{"allow":["GET"]}}],"collection":[{"href":"https:\/\/www.raschvin.com\/sv\/wp-json\/wp\/v2\/product"}],"about":[{"href":"https:\/\/www.raschvin.com\/sv\/wp-json\/wp\/v2\/types\/product"}],"wp:featuredmedia":[{"embeddable":true,"href":"https:\/\/www.raschvin.com\/sv\/wp-json\/wp\/v2\/media\/57421"}],"wp:attachment":[{"href":"https:\/\/www.raschvin.com\/sv\/wp-json\/wp\/v2\/media?parent=57401"}],"wp:term":[{"taxonomy":"product_brand","embeddable":true,"href":"https:\/\/www.raschvin.com\/sv\/wp-json\/wp\/v2\/product_brand?post=57401"},{"taxonomy":"product_cat","embeddable":true,"href":"https:\/\/www.raschvin.com\/sv\/wp-json\/wp\/v2\/product_cat?post=57401"},{"taxonomy":"product_tag","embeddable":true,"href":"https:\/\/www.raschvin.com\/sv\/wp-json\/wp\/v2\/product_tag?post=57401"}],"curies":[{"name":"wp","href":"https:\/\/api.w.org\/{rel}","templated":true}]}}