{"id":57393,"date":"2024-06-12T16:21:44","date_gmt":"2024-06-12T14:21:44","guid":{"rendered":"https:\/\/www.raschvin.com\/produkt\/highland-park-25-years-2023-release-70-cl-46\/"},"modified":"2024-06-12T16:21:44","modified_gmt":"2024-06-12T14:21:44","slug":"highland-park-25-years-2023-release-70-cl-46","status":"publish","type":"product","link":"https:\/\/www.raschvin.com\/sv\/produkt\/highland-park-25-years-2023-release-70-cl-46\/","title":{"rendered":"Highland Park 25 Years 2023 Release 70 cl. 46%"},"content":{"rendered":"<p>2023 \u00e5rs upplaga av Highland Park 25 Year Old \u00e4r ett noggrant kurerat urval av m\u00e4sterwhiskytillverkaren Gordon Motion, med whisky fr\u00e5n en exklusiv upps\u00e4ttning fat. Dessa fat inkluderar first-fill sherrykryddade fat tillsammans med europeiska hogsheads och jungfruliga amerikanska hogsheads och rumpor, utvalda f\u00f6r deras f\u00f6rm\u00e5ga att berika whiskyn med ett djup av smak och karakt\u00e4r. Denna noggranna urvalsprocess har resulterat i ett spektakul\u00e4rt uttryck av Orkney-singelmalten, vilket visar destilleriets engagemang f\u00f6r excellens och den unika inverkan av faten som valts p\u00e5 whiskyns profil.<\/p>\n<p>&#8217;Frukt, s\u00f6t och v\u00e4ldoftande med varma tr\u00e4kryddor&#8217; \u2022 Honungsf\u00e4rgade persikor \u2022 S\u00f6ta satsumas \u2022 Pistagebiscotti \u2022 Krossade korianderfr\u00f6n \u2022 Aromatisk oregano \u2022 Cr\u00e8me br\u00fbl\u00e9e \u2022 Citrusskal \u2022 Ljungr\u00f6k<\/p>\n","protected":false},"excerpt":{"rendered":"<p>Single Malt Scotch Whisky<\/p>\n","protected":false},"featured_media":57481,"template":"","meta":{"_acf_changed":false,"rs_blank_template":"","rs_page_bg_color":"","slide_template_v7":""},"product_brand":[],"product_cat":[2387,4651,2392],"product_tag":[],"class_list":{"0":"post-57393","1":"product","2":"type-product","3":"status-publish","4":"has-post-thumbnail","6":"product_cat-avec-sv","7":"product_cat-single-malt-sv","8":"product_cat-whisky-sv","9":"pa_aargang-2023-sv","10":"pa_land-skottland","11":"pa_procent-46-sv","12":"pa_producent-highland-park-sv","13":"pa_region-orkney-sv","14":"pa_volume-70-sv-2","16":"first","17":"instock","18":"sale","19":"taxable","20":"shipping-taxable","21":"purchasable","22":"product-type-simple"},"bundled_by":[],"bundle_stock_status":"instock","bundle_stock_quantity":null,"bundle_virtual":false,"bundle_layout":"","bundle_add_to_cart_form_location":"","bundle_editable_in_cart":false,"bundle_sold_individually_context":"","bundle_item_grouping":"","bundle_min_size":"","bundle_max_size":"","bundle_price":[],"bundled_items":[],"bundle_sell_ids":[],"acf":[],"_links":{"self":[{"href":"https:\/\/www.raschvin.com\/sv\/wp-json\/wp\/v2\/product\/57393","targetHints":{"allow":["GET"]}}],"collection":[{"href":"https:\/\/www.raschvin.com\/sv\/wp-json\/wp\/v2\/product"}],"about":[{"href":"https:\/\/www.raschvin.com\/sv\/wp-json\/wp\/v2\/types\/product"}],"wp:featuredmedia":[{"embeddable":true,"href":"https:\/\/www.raschvin.com\/sv\/wp-json\/wp\/v2\/media\/57481"}],"wp:attachment":[{"href":"https:\/\/www.raschvin.com\/sv\/wp-json\/wp\/v2\/media?parent=57393"}],"wp:term":[{"taxonomy":"product_brand","embeddable":true,"href":"https:\/\/www.raschvin.com\/sv\/wp-json\/wp\/v2\/product_brand?post=57393"},{"taxonomy":"product_cat","embeddable":true,"href":"https:\/\/www.raschvin.com\/sv\/wp-json\/wp\/v2\/product_cat?post=57393"},{"taxonomy":"product_tag","embeddable":true,"href":"https:\/\/www.raschvin.com\/sv\/wp-json\/wp\/v2\/product_tag?post=57393"}],"curies":[{"name":"wp","href":"https:\/\/api.w.org\/{rel}","templated":true}]}}