{"id":57372,"date":"2024-06-12T09:57:22","date_gmt":"2024-06-12T07:57:22","guid":{"rendered":"https:\/\/www.raschvin.com\/produkt\/bols-kiwi-70-cl-17\/"},"modified":"2024-06-12T09:57:22","modified_gmt":"2024-06-12T07:57:22","slug":"bols-kiwi-70-cl-17","status":"publish","type":"product","link":"https:\/\/www.raschvin.com\/sv\/produkt\/bols-kiwi-70-cl-17\/","title":{"rendered":"Bols Kiwi 70 cl. 17%"},"content":{"rendered":"<p>Bols Kiwi Liqueur \u00e4r en holl\u00e4ndsk fruktlik\u00f6r som lyser i en vacker, gr\u00f6n f\u00e4rg. Den f\u00e5r den h\u00e4r f\u00e4rgen fr\u00e5n kiwi som kommer fr\u00e5n Nya Zeeland. Bols Kiwi Liqueur \u00e4r en distinkt tropisk smakupplevelse som du m\u00e5ste prova. Den smakar delikat och s\u00f6t av kokta kiwi, melon och citrussyra, samtidigt som den doftar fr\u00e4scht och milt. Varum\u00e4rket Luca Bols grundades i Nederl\u00e4nderna 1575 och st\u00e5r f\u00f6r h\u00f6g kvalitet. Bols-lik\u00f6rer finns oftast i barer d\u00e4r de anv\u00e4nds f\u00f6r att blanda l\u00e4ckra cocktails.<\/p>\n","protected":false},"excerpt":{"rendered":"<p>Product of Holland Amsterdam Since 1575<\/p>\n","protected":false},"featured_media":57436,"template":"","meta":{"_acf_changed":false,"rs_blank_template":"","rs_page_bg_color":"","slide_template_v7":""},"product_brand":[],"product_cat":[2387,4670,2390],"product_tag":[],"class_list":{"0":"post-57372","1":"product","2":"type-product","3":"status-publish","4":"has-post-thumbnail","6":"product_cat-avec-sv","7":"product_cat-frukt","8":"product_cat-sprit","9":"pa_land-nederlaenderna","10":"pa_procent-17-sv","11":"pa_producent-lucas-bols-b-v-sv","12":"pa_region-amsterdam-sv","13":"pa_volume-70-sv-2","15":"first","16":"instock","17":"taxable","18":"shipping-taxable","19":"purchasable","20":"product-type-simple"},"bundled_by":[],"bundle_stock_status":"instock","bundle_stock_quantity":null,"bundle_virtual":false,"bundle_layout":"","bundle_add_to_cart_form_location":"","bundle_editable_in_cart":false,"bundle_sold_individually_context":"","bundle_item_grouping":"","bundle_min_size":"","bundle_max_size":"","bundle_price":[],"bundled_items":[],"bundle_sell_ids":[],"acf":[],"_links":{"self":[{"href":"https:\/\/www.raschvin.com\/sv\/wp-json\/wp\/v2\/product\/57372","targetHints":{"allow":["GET"]}}],"collection":[{"href":"https:\/\/www.raschvin.com\/sv\/wp-json\/wp\/v2\/product"}],"about":[{"href":"https:\/\/www.raschvin.com\/sv\/wp-json\/wp\/v2\/types\/product"}],"wp:featuredmedia":[{"embeddable":true,"href":"https:\/\/www.raschvin.com\/sv\/wp-json\/wp\/v2\/media\/57436"}],"wp:attachment":[{"href":"https:\/\/www.raschvin.com\/sv\/wp-json\/wp\/v2\/media?parent=57372"}],"wp:term":[{"taxonomy":"product_brand","embeddable":true,"href":"https:\/\/www.raschvin.com\/sv\/wp-json\/wp\/v2\/product_brand?post=57372"},{"taxonomy":"product_cat","embeddable":true,"href":"https:\/\/www.raschvin.com\/sv\/wp-json\/wp\/v2\/product_cat?post=57372"},{"taxonomy":"product_tag","embeddable":true,"href":"https:\/\/www.raschvin.com\/sv\/wp-json\/wp\/v2\/product_tag?post=57372"}],"curies":[{"name":"wp","href":"https:\/\/api.w.org\/{rel}","templated":true}]}}