{"id":57186,"date":"2024-06-05T12:36:23","date_gmt":"2024-06-05T10:36:23","guid":{"rendered":"https:\/\/www.raschvin.com\/produkt\/chateau-leoville-las-cases-2019-75-cl\/"},"modified":"2024-06-05T12:36:23","modified_gmt":"2024-06-05T10:36:23","slug":"chateau-leoville-las-cases-2019-75-cl","status":"publish","type":"product","link":"https:\/\/www.raschvin.com\/sv\/produkt\/chateau-leoville-las-cases-2019-75-cl\/","title":{"rendered":"Ch\u00e2teau L\u00e9oville Las Cases 2019 75 cl."},"content":{"rendered":"<p>Druvorna f\u00f6r 2019 \u00e5rs sk\u00f6rd plockades mellan 18 september och 8 oktober. L\u00e9oville Las Cases 2019 \u00e4r en blandning av 79% Cabernet Sauvignon, 10% Cabernet Franc och 11% Merlot. Merlotsk\u00f6rden startade tidigt den 18 september och caberneterna plockades i oktober och avslutades den 8 oktober. Alkoholen var 14,02% (l\u00e4gre \u00e4n 2018), men verkar lite l\u00e4gre \u00e4n denna procent. Vinet mognar p\u00e5 franska ekbarriques, 90% nytt. F\u00e4rgen \u00e4r lila-svart, med en n\u00e4sa som \u00f6ppnar sig i glaset, som b\u00f6rjar med uttrycksfulla toner av svarta frukter som svarta vinb\u00e4r, mogna bj\u00f6rnb\u00e4r och f\u00e4rska svarta k\u00f6rsb\u00e4r. Senare f\u00e5r du blommiga och jordn\u00e4ra nyanser som kommer fram med lite violer, tr\u00e4toner och tryffel. Vinet \u00e4r fylligt och avsl\u00f6jar lager av svart frukt, st\u00f6dd av en fast struktur av fasta och fina tanniner.<\/p>\n<p>Betyg: (97-99)+<\/p>\n<p>Om Ch\u00e2teau Leoville las Cases<br \/>\nCh\u00e2teau Leoville las Cases \u00e4r ett av de \u00e4ldsta vinslotten i Medoc. Domaine de L\u00e9oville tillh\u00f6rde n\u00e5gra av de rikaste och mest inflytelserika adelsfamiljerna i Frankrike innan det togs \u00f6ver av familjen Las Cases. Godset delades mellan 1826 och 1840 och Ch\u00e2teau L\u00e9oville Las Cases skapades fr\u00e5n 3\/5 av den ursprungliga egendomen och hj\u00e4rtat av dom\u00e4nen.<\/p>\n<p>Den nuvarande terroiren har d\u00e4rf\u00f6r funnits i det historiska hj\u00e4rtat av den ursprungliga terroiren sedan 1600-talet. Pierre Jean, Adolphe och Gabriel de Las Cases var arvtagare till slottet fram till 1900, d\u00e5 Th\u00e9ophile Skawinski k\u00f6pte en andel och blev dess f\u00f6rvaltare. L\u00e9oville Las Cases har nu drivits av samma familj sedan slutet av 1800-talet och representeras idag av Jean-Hubert Delon, ensam \u00e4gare och innehavare av Ch\u00e2teau Potensac i Medoc och Ch\u00e2teau N\u00e9nin i Pomerol.<\/p>\n<p>Terroiren<br \/>\nTerroiren \u00e4r av stor komplexitet. Den best\u00e5r huvudsakligen av grus, grusig sand och grusig lera. H\u00e4r finns ocks\u00e5 mer kompakt lera som ibland bryter igenom till ytan. N\u00e4rheten till Girondefloden har skapat en stor m\u00e5ngfald av jordar, bildade \u00f6ver flera olika geologiska perioder. Floden skapar ocks\u00e5 ett speciellt mikroklimat som m\u00f6jligg\u00f6r mycket tidig mognad av druvorna och skyddar ving\u00e5rdarna fr\u00e5n frost. Denna kombination p\u00e5verkar tillv\u00e4xten av vinstockar och druvornas sammans\u00e4ttning. Regelbunden men begr\u00e4nsad vattentillf\u00f6rsel och ett mycket l\u00e5gt intag av n\u00e4rings\u00e4mnen tar fram det b\u00e4sta i de stora vinerna Cabernet Sauvignon och Cabernet Franc, som vanligtvis n\u00e5r sin fulla potential oavsett \u00e5rg\u00e5ng. En eminent terroir.<\/p>\n","protected":false},"excerpt":{"rendered":"<p>Saint-Julien &#8211; Bordeaux France<\/p>\n","protected":false},"featured_media":57208,"template":"","meta":{"_acf_changed":false,"rs_blank_template":"","rs_page_bg_color":"","slide_template_v7":""},"product_brand":[],"product_cat":[7705,2788,2798],"product_tag":[],"class_list":{"0":"post-57186","1":"product","2":"type-product","3":"status-publish","4":"has-post-thumbnail","6":"product_cat-fine-wine-sv","7":"product_cat-vin-sv","8":"product_cat-roedvin-sv","9":"pa_aargang-2019-sv","10":"pa_drue-cabernet-franc-sv","11":"pa_drue-cabernet-sauvignon-sv","12":"pa_drue-merlot-sv","13":"pa_land-frankrike","14":"pa_procent-14-sv","15":"pa_producent-chateau-leoville-las-cases-sv","16":"pa_region-bordeaux-sv","17":"pa_serveringstemperatur-18-20-sv","18":"pa_volume-75-sv","20":"first","21":"instock","22":"sale","23":"taxable","24":"shipping-taxable","25":"purchasable","26":"product-type-simple"},"bundled_by":[],"bundle_stock_status":"instock","bundle_stock_quantity":null,"bundle_virtual":false,"bundle_layout":"","bundle_add_to_cart_form_location":"","bundle_editable_in_cart":false,"bundle_sold_individually_context":"","bundle_item_grouping":"","bundle_min_size":"","bundle_max_size":"","bundle_price":[],"bundled_items":[],"bundle_sell_ids":[],"acf":[],"_links":{"self":[{"href":"https:\/\/www.raschvin.com\/sv\/wp-json\/wp\/v2\/product\/57186","targetHints":{"allow":["GET"]}}],"collection":[{"href":"https:\/\/www.raschvin.com\/sv\/wp-json\/wp\/v2\/product"}],"about":[{"href":"https:\/\/www.raschvin.com\/sv\/wp-json\/wp\/v2\/types\/product"}],"wp:featuredmedia":[{"embeddable":true,"href":"https:\/\/www.raschvin.com\/sv\/wp-json\/wp\/v2\/media\/57208"}],"wp:attachment":[{"href":"https:\/\/www.raschvin.com\/sv\/wp-json\/wp\/v2\/media?parent=57186"}],"wp:term":[{"taxonomy":"product_brand","embeddable":true,"href":"https:\/\/www.raschvin.com\/sv\/wp-json\/wp\/v2\/product_brand?post=57186"},{"taxonomy":"product_cat","embeddable":true,"href":"https:\/\/www.raschvin.com\/sv\/wp-json\/wp\/v2\/product_cat?post=57186"},{"taxonomy":"product_tag","embeddable":true,"href":"https:\/\/www.raschvin.com\/sv\/wp-json\/wp\/v2\/product_tag?post=57186"}],"curies":[{"name":"wp","href":"https:\/\/api.w.org\/{rel}","templated":true}]}}