{"id":56668,"date":"2024-05-29T19:30:17","date_gmt":"2024-05-29T17:30:17","guid":{"rendered":"https:\/\/www.raschvin.com\/produkt\/scrappys-bitters-nw-alpine-limited-release-15-cl-456\/"},"modified":"2024-05-29T19:30:17","modified_gmt":"2024-05-29T17:30:17","slug":"scrappys-bitters-nw-alpine-limited-release-15-cl-456","status":"publish","type":"product","link":"https:\/\/www.raschvin.com\/sv\/produkt\/scrappys-bitters-nw-alpine-limited-release-15-cl-456\/","title":{"rendered":"Scrappy&#8217;s Bitters NW Alpine Limited Release 15 cl. 45,6%"},"content":{"rendered":"<p>Inspirerade av de frodiga, aromatiska barrtr\u00e4den som omger oss h\u00e4r i nordv\u00e4stra Stilla havet och hyllar v\u00e5ra r\u00f6tter i Seattle, l\u00e4gger dessa beska till en vacker bukett av rika alpina v\u00e4xter till alla cocktails, med toner av s\u00f6t tall, f\u00e4rsk citrus och en sj\u00e4lvs\u00e4ker bitter Avsluta. Det h\u00e4r uttrycket framkallar en speciell plats snarare \u00e4n en unik smakprofil, och vi \u00e4r s\u00e5 glada \u00f6ver att dela det med dig.<\/p>\n<p>OFFICIELL COCKTAIL<br \/>\n1 1\/2OZ LONDON DRY GIN<br \/>\n1\/2 OZ LILLET BLANC<br \/>\n1\/2 OZ CITRONSAVIC<br \/>\n1\/2 OZ ENKEL SIRAP<br \/>\n3-4 STR\u00c4CK SCRAPPY&#8217;S NW ALPINA BITTER<br \/>\nSKAKA OCH SERVERA MED EN GRANTIPS<\/p>\n","protected":false},"excerpt":{"rendered":"<p>Aromatic Cocktail Bitter<\/p>\n","protected":false},"featured_media":56804,"template":"","meta":{"_acf_changed":false,"rs_blank_template":"","rs_page_bg_color":"","slide_template_v7":""},"product_brand":[],"product_cat":[2394],"product_tag":[],"class_list":{"0":"post-56668","1":"product","2":"type-product","3":"status-publish","4":"has-post-thumbnail","6":"product_cat-bitter-sv","7":"pa_land-usa-sv","8":"pa_procent-45-6-sv","9":"pa_producent-scrappys-bitters-sv","10":"pa_region-washington-state-sv","11":"pa_volume-15-sv","13":"first","14":"instock","15":"taxable","16":"shipping-taxable","17":"purchasable","18":"product-type-simple"},"bundled_by":[],"bundle_stock_status":"instock","bundle_stock_quantity":null,"bundle_virtual":false,"bundle_layout":"","bundle_add_to_cart_form_location":"","bundle_editable_in_cart":false,"bundle_sold_individually_context":"","bundle_item_grouping":"","bundle_min_size":"","bundle_max_size":"","bundle_price":[],"bundled_items":[],"bundle_sell_ids":[],"acf":[],"_links":{"self":[{"href":"https:\/\/www.raschvin.com\/sv\/wp-json\/wp\/v2\/product\/56668","targetHints":{"allow":["GET"]}}],"collection":[{"href":"https:\/\/www.raschvin.com\/sv\/wp-json\/wp\/v2\/product"}],"about":[{"href":"https:\/\/www.raschvin.com\/sv\/wp-json\/wp\/v2\/types\/product"}],"wp:featuredmedia":[{"embeddable":true,"href":"https:\/\/www.raschvin.com\/sv\/wp-json\/wp\/v2\/media\/56804"}],"wp:attachment":[{"href":"https:\/\/www.raschvin.com\/sv\/wp-json\/wp\/v2\/media?parent=56668"}],"wp:term":[{"taxonomy":"product_brand","embeddable":true,"href":"https:\/\/www.raschvin.com\/sv\/wp-json\/wp\/v2\/product_brand?post=56668"},{"taxonomy":"product_cat","embeddable":true,"href":"https:\/\/www.raschvin.com\/sv\/wp-json\/wp\/v2\/product_cat?post=56668"},{"taxonomy":"product_tag","embeddable":true,"href":"https:\/\/www.raschvin.com\/sv\/wp-json\/wp\/v2\/product_tag?post=56668"}],"curies":[{"name":"wp","href":"https:\/\/api.w.org\/{rel}","templated":true}]}}