{"id":56664,"date":"2024-05-29T19:25:22","date_gmt":"2024-05-29T17:25:22","guid":{"rendered":"https:\/\/www.raschvin.com\/produkt\/scrappys-bitters-lime-15-cl-491\/"},"modified":"2024-05-29T19:25:22","modified_gmt":"2024-05-29T17:25:22","slug":"scrappys-bitters-lime-15-cl-491","status":"publish","type":"product","link":"https:\/\/www.raschvin.com\/sv\/produkt\/scrappys-bitters-lime-15-cl-491\/","title":{"rendered":"Scrappy&#8217;s Bitters Lime 15 cl. 49,1%"},"content":{"rendered":"<p>Scrappy&#8217;s Bitters Lime \u00e4r en cocktailbitter gjord p\u00e5 f\u00e4rska, ekologiska limefrukter. Citrus, speciellt lime och citron, \u00e4r en regelbunden g\u00e4st i b\u00e5de klassiska och nya cocktails \u2013 men s\u00e4llan i form av bitter! Det fungerar dock otroligt bra i cocktails gjorda p\u00e5 gin, vodka, vit rom, tequila och mezcal, och allt som beh\u00f6ver en hint av citrus, s\u00e5 bara l\u00e5t fantasin fl\u00f6da.<\/p>\n<p>Serveringsf\u00f6rslag: Anv\u00e4nd i mycket sm\u00e5 m\u00e4ngder i cocktails, gin &#038; tonics eller kolsyrat vatten.<\/p>\n<p>Bitter \u00e4r inte bara en ingrediens i klassiker som Old Fashioned och Manhattan, de \u00e4r ocks\u00e5 en genv\u00e4g till helt nya smaker och djup komplexitet i din drink. Den extra dimension som bitter kan ge en cocktail har gett upphov till smeknamnet &#8221;bartenderns salt och peppar&#8221;. N\u00e5gra droppar i till exempel en gin &#038; tonic kan f\u00f6r\u00e4ndra upplevelsen drastiskt!<\/p>\n<p>Intensiv, f\u00e4rsk ekologisk lime \u00e4r det bortgl\u00f6mda elementet i m\u00e5nga drycker. Du kommer att uppt\u00e4cka vad du har saknat n\u00e4r du upplever smaken.<\/p>\n<p>LOKOKI<br \/>\nOFFICIELL COCKTAIL<br \/>\nBitters\u00f6t lime och gurka<br \/>\n2OZ VODKA<br \/>\n1\/2 OZ ENKEL SIRAP<br \/>\n1\/2 OZ DRY VERMOUTH<br \/>\nBLI EN GURKA<br \/>\n3-4 REMOR SCRAPPY&#8217;S LIME BITTER<br \/>\nSKAKA OCH SERVERA MED EN ORANGE FJ\u00c4DER<\/p>\n<p>Scrappy&#8217;s Bitters grundades av bartendern Miles Thomas, som var tr\u00f6tt p\u00e5 bitters av tvivelaktig kvalitet och best\u00e4mde sig f\u00f6r att ge sig in p\u00e5 sitt eget bitterprojekt. Efter \u00e5r av experimenterande med extraktioner och infusioner fick han det resultat han ville ha. Varje batch \u00e4r gjord med ekologiska ingredienser av h\u00f6gsta kvalitet, utan konstgjorda tillsatser eller f\u00e4rg\u00e4mnen.<\/p>\n","protected":false},"excerpt":{"rendered":"<p>Aromatic Cocktail Bitter<\/p>\n","protected":false},"featured_media":56761,"template":"","meta":{"_acf_changed":false,"rs_blank_template":"","rs_page_bg_color":"","slide_template_v7":""},"product_brand":[],"product_cat":[2394],"product_tag":[],"class_list":{"0":"post-56664","1":"product","2":"type-product","3":"status-publish","4":"has-post-thumbnail","6":"product_cat-bitter-sv","7":"pa_land-usa-sv","8":"pa_procent-49-1-sv","9":"pa_producent-scrappys-bitters-sv","10":"pa_region-washington-state-sv","11":"pa_volume-15-sv","13":"first","14":"instock","15":"sale","16":"taxable","17":"shipping-taxable","18":"purchasable","19":"product-type-simple"},"bundled_by":[],"bundle_stock_status":"instock","bundle_stock_quantity":null,"bundle_virtual":false,"bundle_layout":"","bundle_add_to_cart_form_location":"","bundle_editable_in_cart":false,"bundle_sold_individually_context":"","bundle_item_grouping":"","bundle_min_size":"","bundle_max_size":"","bundle_price":[],"bundled_items":[],"bundle_sell_ids":[],"acf":[],"_links":{"self":[{"href":"https:\/\/www.raschvin.com\/sv\/wp-json\/wp\/v2\/product\/56664","targetHints":{"allow":["GET"]}}],"collection":[{"href":"https:\/\/www.raschvin.com\/sv\/wp-json\/wp\/v2\/product"}],"about":[{"href":"https:\/\/www.raschvin.com\/sv\/wp-json\/wp\/v2\/types\/product"}],"wp:featuredmedia":[{"embeddable":true,"href":"https:\/\/www.raschvin.com\/sv\/wp-json\/wp\/v2\/media\/56761"}],"wp:attachment":[{"href":"https:\/\/www.raschvin.com\/sv\/wp-json\/wp\/v2\/media?parent=56664"}],"wp:term":[{"taxonomy":"product_brand","embeddable":true,"href":"https:\/\/www.raschvin.com\/sv\/wp-json\/wp\/v2\/product_brand?post=56664"},{"taxonomy":"product_cat","embeddable":true,"href":"https:\/\/www.raschvin.com\/sv\/wp-json\/wp\/v2\/product_cat?post=56664"},{"taxonomy":"product_tag","embeddable":true,"href":"https:\/\/www.raschvin.com\/sv\/wp-json\/wp\/v2\/product_tag?post=56664"}],"curies":[{"name":"wp","href":"https:\/\/api.w.org\/{rel}","templated":true}]}}