{"id":56661,"date":"2024-05-29T19:19:35","date_gmt":"2024-05-29T17:19:35","guid":{"rendered":"https:\/\/www.raschvin.com\/produkt\/scrappys-bitters-bergamot-special-reserve-10-years-15-cl-436\/"},"modified":"2024-05-29T19:19:35","modified_gmt":"2024-05-29T17:19:35","slug":"scrappys-bitters-bergamot-special-reserve-10-years-15-cl-436","status":"publish","type":"product","link":"https:\/\/www.raschvin.com\/sv\/produkt\/scrappys-bitters-bergamot-special-reserve-10-years-15-cl-436\/","title":{"rendered":"Scrappy&#8217;s Bitters Bergamot Special Reserve 10 Years 15 cl. 43,6%"},"content":{"rendered":"<p>Scrappy&#8217;s Bitters firade 10 \u00e5r av att full\u00e4nda hantverket och utvecklade och sl\u00e4ppte den extremt begr\u00e4nsade Bergamot Special Reserve 10th Anniversary Blend. Denna exklusiva eng\u00e5ngsrelease \u00e4r begr\u00e4nsad i lager och kommer aldrig att reproduceras igen. Extremt blommig, aromatisk, essensen av bergamott &#8211; mycket delikat och \u00e4nd\u00e5 v\u00e4ldigt komplex p\u00e5 samma g\u00e5ng.<\/p>\n<p>TIDEN<br \/>\nOFFICIELL COCKTAIL<br \/>\nDelikat &#038; komplex<br \/>\n2 1\/4 OZ TANQUERAY GIN<br \/>\n3\/4 OZ MANCINO BIANCO VERMOUTH<br \/>\n3-4 ST\u00c4MMER SCRAPPY&#8217;S BERGAMOTTBITTER<br \/>\nR\u00d6R OCH SERVERA I EN COUPE<\/p>\n<p>Scrappy&#8217;s Bitters grundades av bartendern Miles Thomas, som var tr\u00f6tt p\u00e5 bitters av tvivelaktig kvalitet och best\u00e4mde sig f\u00f6r att ge sig in p\u00e5 sitt eget bitterprojekt. Efter \u00e5r av experimenterande med extraktioner och infusioner fick han det resultat han ville ha. Varje batch \u00e4r gjord med ekologiska ingredienser av h\u00f6gsta kvalitet, utan konstgjorda tillsatser eller f\u00e4rg\u00e4mnen.<\/p>\n","protected":false},"excerpt":{"rendered":"<p>Aromatic Cocktail Bitter<\/p>\n","protected":false},"featured_media":56722,"template":"","meta":{"_acf_changed":false,"rs_blank_template":"","rs_page_bg_color":"","slide_template_v7":""},"product_brand":[],"product_cat":[2394],"product_tag":[],"class_list":{"0":"post-56661","1":"product","2":"type-product","3":"status-publish","4":"has-post-thumbnail","6":"product_cat-bitter-sv","7":"pa_land-usa-sv","8":"pa_procent-43-6-sv","9":"pa_producent-scrappys-bitters-sv","10":"pa_region-washington-state-sv","11":"pa_volume-15-sv","13":"first","14":"outofstock","15":"taxable","16":"shipping-taxable","17":"purchasable","18":"product-type-simple"},"bundled_by":[],"bundle_stock_status":"outofstock","bundle_stock_quantity":null,"bundle_virtual":false,"bundle_layout":"","bundle_add_to_cart_form_location":"","bundle_editable_in_cart":false,"bundle_sold_individually_context":"","bundle_item_grouping":"","bundle_min_size":"","bundle_max_size":"","bundle_price":[],"bundled_items":[],"bundle_sell_ids":[],"acf":[],"_links":{"self":[{"href":"https:\/\/www.raschvin.com\/sv\/wp-json\/wp\/v2\/product\/56661","targetHints":{"allow":["GET"]}}],"collection":[{"href":"https:\/\/www.raschvin.com\/sv\/wp-json\/wp\/v2\/product"}],"about":[{"href":"https:\/\/www.raschvin.com\/sv\/wp-json\/wp\/v2\/types\/product"}],"wp:featuredmedia":[{"embeddable":true,"href":"https:\/\/www.raschvin.com\/sv\/wp-json\/wp\/v2\/media\/56722"}],"wp:attachment":[{"href":"https:\/\/www.raschvin.com\/sv\/wp-json\/wp\/v2\/media?parent=56661"}],"wp:term":[{"taxonomy":"product_brand","embeddable":true,"href":"https:\/\/www.raschvin.com\/sv\/wp-json\/wp\/v2\/product_brand?post=56661"},{"taxonomy":"product_cat","embeddable":true,"href":"https:\/\/www.raschvin.com\/sv\/wp-json\/wp\/v2\/product_cat?post=56661"},{"taxonomy":"product_tag","embeddable":true,"href":"https:\/\/www.raschvin.com\/sv\/wp-json\/wp\/v2\/product_tag?post=56661"}],"curies":[{"name":"wp","href":"https:\/\/api.w.org\/{rel}","templated":true}]}}