{"id":56657,"date":"2024-05-29T19:14:17","date_gmt":"2024-05-29T17:14:17","guid":{"rendered":"https:\/\/www.raschvin.com\/produkt\/scrappys-bitters-black-lemon-15-cl-49\/"},"modified":"2024-05-29T19:14:17","modified_gmt":"2024-05-29T17:14:17","slug":"scrappys-bitters-black-lemon-15-cl-49","status":"publish","type":"product","link":"https:\/\/www.raschvin.com\/sv\/produkt\/scrappys-bitters-black-lemon-15-cl-49\/","title":{"rendered":"Scrappy\u2019s Bitters Black Lemon 15 cl. 49%"},"content":{"rendered":"<p>En &#8221;Black Lemon&#8221; \u00e4r en jordn\u00e4ra, r\u00f6kig krydda som vanligtvis anv\u00e4nds i matlagning fr\u00e5n Mellan\u00f6stern, och i motsats till vad namnet antyder \u00e4r det faktiskt en uttorkad lime, men namnet p\u00e5 kryddan var en fel\u00f6vers\u00e4ttning fr\u00e5n arabiska till engelska f\u00f6r l\u00e4nge sedan. \u00c4ven om det inte finns n\u00e5gon egentlig &#8221;svart citron&#8221; i denna beska, har den ljusa och friska citronsmaken rika blommiga toner och djupa jordn\u00e4ra kryddor som p\u00e5minner om den &#8221;svarta citronen&#8221;, d\u00e4rav namnet.<\/p>\n<p>MONSIEUR<br \/>\nOFFICIELL COCKTAIL<br \/>\nKlassisk och l\u00e4ttillg\u00e4nglig<br \/>\n2 OZ VODKA<br \/>\n1\/4 OZ MARASCHINO<br \/>\n1\/2 OZ DRY VERMOUTH<br \/>\n2 STRIPSAR SCRAPPYS SVART CITRONBITTER<br \/>\nR\u00d6R OCH FILTER I STAMVARA<\/p>\n<p>Scrappy&#8217;s Bitters grundades av bartendern Miles Thomas, som var tr\u00f6tt p\u00e5 bitters av tvivelaktig kvalitet och best\u00e4mde sig f\u00f6r att ge sig in p\u00e5 sitt eget bitterprojekt. Efter \u00e5r av experimenterande med extraktioner och infusioner fick han det resultat han ville ha. Varje batch \u00e4r gjord med ekologiska ingredienser av h\u00f6gsta kvalitet, utan konstgjorda tillsatser eller f\u00e4rg\u00e4mnen.<\/p>\n","protected":false},"excerpt":{"rendered":"<p>Aromatic Cocktail Bitter<\/p>\n","protected":false},"featured_media":56734,"template":"","meta":{"_acf_changed":false,"rs_blank_template":"","rs_page_bg_color":"","slide_template_v7":""},"product_brand":[],"product_cat":[2743,2394],"product_tag":[],"class_list":{"0":"post-56657","1":"product","2":"type-product","3":"status-publish","4":"has-post-thumbnail","6":"product_cat-brannvin-sv","7":"product_cat-bitter-sv","8":"pa_land-usa-sv","9":"pa_procent-49-sv","10":"pa_producent-scrappys-bitters-sv","11":"pa_region-washington-state-sv","12":"pa_volume-15-sv","14":"first","15":"instock","16":"sale","17":"taxable","18":"shipping-taxable","19":"purchasable","20":"product-type-simple"},"bundled_by":[],"bundle_stock_status":"instock","bundle_stock_quantity":null,"bundle_virtual":false,"bundle_layout":"","bundle_add_to_cart_form_location":"","bundle_editable_in_cart":false,"bundle_sold_individually_context":"","bundle_item_grouping":"","bundle_min_size":"","bundle_max_size":"","bundle_price":[],"bundled_items":[],"bundle_sell_ids":[],"acf":[],"_links":{"self":[{"href":"https:\/\/www.raschvin.com\/sv\/wp-json\/wp\/v2\/product\/56657","targetHints":{"allow":["GET"]}}],"collection":[{"href":"https:\/\/www.raschvin.com\/sv\/wp-json\/wp\/v2\/product"}],"about":[{"href":"https:\/\/www.raschvin.com\/sv\/wp-json\/wp\/v2\/types\/product"}],"wp:featuredmedia":[{"embeddable":true,"href":"https:\/\/www.raschvin.com\/sv\/wp-json\/wp\/v2\/media\/56734"}],"wp:attachment":[{"href":"https:\/\/www.raschvin.com\/sv\/wp-json\/wp\/v2\/media?parent=56657"}],"wp:term":[{"taxonomy":"product_brand","embeddable":true,"href":"https:\/\/www.raschvin.com\/sv\/wp-json\/wp\/v2\/product_brand?post=56657"},{"taxonomy":"product_cat","embeddable":true,"href":"https:\/\/www.raschvin.com\/sv\/wp-json\/wp\/v2\/product_cat?post=56657"},{"taxonomy":"product_tag","embeddable":true,"href":"https:\/\/www.raschvin.com\/sv\/wp-json\/wp\/v2\/product_tag?post=56657"}],"curies":[{"name":"wp","href":"https:\/\/api.w.org\/{rel}","templated":true}]}}