{"id":56653,"date":"2024-05-29T19:09:11","date_gmt":"2024-05-29T17:09:11","guid":{"rendered":"https:\/\/www.raschvin.com\/produkt\/scrappys-bitters-aromatic-15-cl-466\/"},"modified":"2024-05-29T19:09:11","modified_gmt":"2024-05-29T17:09:11","slug":"scrappys-bitters-aromatic-15-cl-466","status":"publish","type":"product","link":"https:\/\/www.raschvin.com\/sv\/produkt\/scrappys-bitters-aromatic-15-cl-466\/","title":{"rendered":"Scrappy\u2019s Bitters Aromatic 15 cl. 46,6%"},"content":{"rendered":"<p>Scrappy&#8217;s Aromatic Bitters \u00e4r Scrappys version av den klassiska cocktailbittern. Du vet; den som kompletterar dina Old Fashioneds, Manhattans, Pink Gins, Champagne Cocktails och vad vet jag! Receptet \u00e4r s\u00e5klart hemligt, men Scrappy&#8217;s Aromatic har precis r\u00e4tt balanserade kryddiga toner och en bra beska.<\/p>\n<p>Serveringsf\u00f6rslag: Anv\u00e4nd i mycket sm\u00e5 m\u00e4ngder i cocktails, gin &#038; tonics eller kolsyrat vatten.<\/p>\n<p>Bitter \u00e4r inte bara en ingrediens i klassiker som Old Fashioned och Manhattan, de \u00e4r ocks\u00e5 en genv\u00e4g till helt nya smaker och djup komplexitet i din drink. Den extra dimension som bitter kan ge en cocktail har gett upphov till smeknamnet &#8221;bartenderns salt och peppar&#8221;. N\u00e5gra droppar i till exempel en gin &#038; tonic kan f\u00f6r\u00e4ndra upplevelsen drastiskt!<\/p>\n<p>Scrappys svar p\u00e5 de klassiska aromatiska bitterorna. Dessa bitters skapades f\u00f6r att anv\u00e4ndas i klassiska cocktailrecept. De ger balans \u2013 och lite krydda \u2013 till din favoritsprit. De g\u00f6r ocks\u00e5 en m\u00f6rdare Bar Ginger!<\/p>\n<p>Gammaldags<br \/>\nOFFICIELL COCKTAIL<br \/>\nEtt sekel av tradition, full\u00e4ndad<br \/>\n2 OZ R\u00c5GWHISKY<br \/>\n1\/2 OZ ENKEL SIRAP<br \/>\n3-4 REMOR AV SCRAPPYS AROMATISKA BITTER<br \/>\nR\u00d6R OCH SERVERA P\u00c5 KLIPSEN MED EN CITRONFJ\u00c4DER<\/p>\n<p>Scrappy&#8217;s Bitters grundades av bartendern Miles Thomas, som var tr\u00f6tt p\u00e5 bitters av tvivelaktig kvalitet och best\u00e4mde sig f\u00f6r att ge sig in p\u00e5 sitt eget bitterprojekt. Efter \u00e5r av experimenterande med extraktioner och infusioner fick han det resultat han ville ha. Varje batch \u00e4r gjord med ekologiska ingredienser av h\u00f6gsta kvalitet, utan konstgjorda tillsatser eller f\u00e4rg\u00e4mnen.<\/p>\n","protected":false},"excerpt":{"rendered":"<p>Aromatic Cocktail Bitter<\/p>\n","protected":false},"featured_media":56771,"template":"","meta":{"_acf_changed":false,"rs_blank_template":"","rs_page_bg_color":"","slide_template_v7":""},"product_brand":[],"product_cat":[2394,2402,9388],"product_tag":[],"class_list":{"0":"post-56653","1":"product","2":"type-product","3":"status-publish","4":"has-post-thumbnail","6":"product_cat-bitter-sv","7":"product_cat-sprit-sv","8":"product_cat-annan-sprit","9":"pa_land-usa-sv","10":"pa_procent-46-6-sv","11":"pa_producent-scrappys-bitters-sv","12":"pa_region-washington-state-sv","13":"pa_volume-15-sv","15":"first","16":"instock","17":"sale","18":"taxable","19":"shipping-taxable","20":"purchasable","21":"product-type-simple"},"bundled_by":[],"bundle_stock_status":"instock","bundle_stock_quantity":null,"bundle_virtual":false,"bundle_layout":"","bundle_add_to_cart_form_location":"","bundle_editable_in_cart":false,"bundle_sold_individually_context":"","bundle_item_grouping":"","bundle_min_size":"","bundle_max_size":"","bundle_price":[],"bundled_items":[],"bundle_sell_ids":[],"acf":[],"_links":{"self":[{"href":"https:\/\/www.raschvin.com\/sv\/wp-json\/wp\/v2\/product\/56653","targetHints":{"allow":["GET"]}}],"collection":[{"href":"https:\/\/www.raschvin.com\/sv\/wp-json\/wp\/v2\/product"}],"about":[{"href":"https:\/\/www.raschvin.com\/sv\/wp-json\/wp\/v2\/types\/product"}],"wp:featuredmedia":[{"embeddable":true,"href":"https:\/\/www.raschvin.com\/sv\/wp-json\/wp\/v2\/media\/56771"}],"wp:attachment":[{"href":"https:\/\/www.raschvin.com\/sv\/wp-json\/wp\/v2\/media?parent=56653"}],"wp:term":[{"taxonomy":"product_brand","embeddable":true,"href":"https:\/\/www.raschvin.com\/sv\/wp-json\/wp\/v2\/product_brand?post=56653"},{"taxonomy":"product_cat","embeddable":true,"href":"https:\/\/www.raschvin.com\/sv\/wp-json\/wp\/v2\/product_cat?post=56653"},{"taxonomy":"product_tag","embeddable":true,"href":"https:\/\/www.raschvin.com\/sv\/wp-json\/wp\/v2\/product_tag?post=56653"}],"curies":[{"name":"wp","href":"https:\/\/api.w.org\/{rel}","templated":true}]}}