{"id":56650,"date":"2024-05-29T17:27:08","date_gmt":"2024-05-29T15:27:08","guid":{"rendered":"https:\/\/www.raschvin.com\/produkt\/scrappys-bitters-fire-tincture-15-cl-443\/"},"modified":"2024-05-29T17:27:08","modified_gmt":"2024-05-29T15:27:08","slug":"scrappys-bitters-fire-tincture-15-cl-443","status":"publish","type":"product","link":"https:\/\/www.raschvin.com\/sv\/produkt\/scrappys-bitters-fire-tincture-15-cl-443\/","title":{"rendered":"Scrappy\u2019s Bitters Fire Tincture 15 cl. 44,3%"},"content":{"rendered":"<p>Scrappy&#8217;s Bitters Firewater Tincture \u00e4r en cocktailingrediens som sticker ut lite fr\u00e5n resten av bitterexpertens portf\u00f6lj. Eldvatten \u00e4r inte en bitter, utan en tinktur gjord av habanero chili. Den \u00e4r inte bitter, men den \u00e4r ganska stark, s\u00e5 vi rekommenderar noggrann anv\u00e4ndning i cocktails med rom, tequila och mezcal d\u00e4r man vill ha lite extra hetta.<\/p>\n<p>Serveringsf\u00f6rslag: Anv\u00e4nd i mycket sm\u00e5 m\u00e4ngder i cocktails och long drinks.<\/p>\n<p>Bitter \u00e4r inte bara en ingrediens i klassiker som Old Fashioned och Manhattan, de \u00e4r ocks\u00e5 en genv\u00e4g till helt nya smaker och djup komplexitet i din drink. Den extra dimension som bitter kan ge en cocktail har gett upphov till smeknamnet &#8221;bartenderns salt och peppar&#8221;. N\u00e5gra droppar i till exempel en gin &#038; tonic kan f\u00f6r\u00e4ndra upplevelsen drastiskt!<\/p>\n<p>Fire Tincture \u00e4r Scrappys f\u00f6rsta officiella icke-bitra produktsl\u00e4pp! Perfekt f\u00f6r att tills\u00e4tta ren krydda och v\u00e4rme till alla drycker eller r\u00e4tter utan att kompromissa med integriteten hos basingredienserna, denna Firewater habanero-tinktur balanserar v\u00e4rmen fr\u00e5n habanero-peppar med delikata blomtoner och subtil s\u00f6tma. Det b\u00f6r noteras att vara f\u00f6rsiktig vid hantering och anv\u00e4ndning mycket sparsamt eftersom denna tinktur \u00e4r extremt kryddig.<\/p>\n<p>BOLLINGARE<br \/>\nOFFICIELL COCKTAIL<br \/>\nSval och uppfriskande, kryddig finish<br \/>\n2 OZ GIN<br \/>\n1 SKIVA LERGURKA<br \/>\n2 CITRONKLIPAR G\u00c5R<br \/>\n1\/2 OZ GUL CHARTREUSE<br \/>\nENKEL SIRP ATT SMAKKA<br \/>\n1 SKRAPPYS BRANDTINKTURE<br \/>\nSKAKA OCH SITTA \u00d6VER IS<\/p>\n<p>Scrappy&#8217;s Bitters grundades av bartendern Miles Thomas, som var tr\u00f6tt p\u00e5 bitters av tvivelaktig kvalitet och best\u00e4mde sig f\u00f6r att ge sig in p\u00e5 sitt eget bitterprojekt. Efter \u00e5r av experimenterande med extraktioner och infusioner fick han det resultat han ville ha. Varje batch \u00e4r gjord med ekologiska ingredienser av h\u00f6gsta kvalitet, utan konstgjorda tillsatser eller f\u00e4rg\u00e4mnen.<\/p>\n","protected":false},"excerpt":{"rendered":"<p>Aromatic Cocktail Bitter<\/p>\n","protected":false},"featured_media":56801,"template":"","meta":{"_acf_changed":false,"rs_blank_template":"","rs_page_bg_color":"","slide_template_v7":""},"product_brand":[],"product_cat":[2394],"product_tag":[],"class_list":{"0":"post-56650","1":"product","2":"type-product","3":"status-publish","4":"has-post-thumbnail","6":"product_cat-bitter-sv","7":"pa_land-usa-sv","8":"pa_procent-44-3-sv","9":"pa_producent-scrappys-bitters-sv","10":"pa_region-washington-state-sv","11":"pa_volume-15-sv","13":"first","14":"instock","15":"sale","16":"taxable","17":"shipping-taxable","18":"purchasable","19":"product-type-simple"},"bundled_by":[],"bundle_stock_status":"instock","bundle_stock_quantity":null,"bundle_virtual":false,"bundle_layout":"","bundle_add_to_cart_form_location":"","bundle_editable_in_cart":false,"bundle_sold_individually_context":"","bundle_item_grouping":"","bundle_min_size":"","bundle_max_size":"","bundle_price":[],"bundled_items":[],"bundle_sell_ids":[],"acf":[],"_links":{"self":[{"href":"https:\/\/www.raschvin.com\/sv\/wp-json\/wp\/v2\/product\/56650","targetHints":{"allow":["GET"]}}],"collection":[{"href":"https:\/\/www.raschvin.com\/sv\/wp-json\/wp\/v2\/product"}],"about":[{"href":"https:\/\/www.raschvin.com\/sv\/wp-json\/wp\/v2\/types\/product"}],"wp:featuredmedia":[{"embeddable":true,"href":"https:\/\/www.raschvin.com\/sv\/wp-json\/wp\/v2\/media\/56801"}],"wp:attachment":[{"href":"https:\/\/www.raschvin.com\/sv\/wp-json\/wp\/v2\/media?parent=56650"}],"wp:term":[{"taxonomy":"product_brand","embeddable":true,"href":"https:\/\/www.raschvin.com\/sv\/wp-json\/wp\/v2\/product_brand?post=56650"},{"taxonomy":"product_cat","embeddable":true,"href":"https:\/\/www.raschvin.com\/sv\/wp-json\/wp\/v2\/product_cat?post=56650"},{"taxonomy":"product_tag","embeddable":true,"href":"https:\/\/www.raschvin.com\/sv\/wp-json\/wp\/v2\/product_tag?post=56650"}],"curies":[{"name":"wp","href":"https:\/\/api.w.org\/{rel}","templated":true}]}}