{"id":56647,"date":"2024-05-29T16:47:44","date_gmt":"2024-05-29T14:47:44","guid":{"rendered":"https:\/\/www.raschvin.com\/produkt\/scrappys-bitters-seville-orange-15-cl-475\/"},"modified":"2024-05-29T16:47:44","modified_gmt":"2024-05-29T14:47:44","slug":"scrappys-bitters-seville-orange-15-cl-475","status":"publish","type":"product","link":"https:\/\/www.raschvin.com\/sv\/produkt\/scrappys-bitters-seville-orange-15-cl-475\/","title":{"rendered":"Scrappy\u2019s Bitters Seville Orange 15 cl. 47,5%"},"content":{"rendered":"<p>Sevilla Orange \u00e4r den klassiska vintercitrusfrukten. Med mer djup och komplexitet \u00e4n en traditionell apelsin, p\u00e5minner Scrappy&#8217;s Seville Orange Bitters om marmelad och tr\u00f6stande vinterkryddor med subtila blommiga toner. Tillverkad av f\u00e4rskt Sevillas apelsinskal, denna beska \u00e4r hypers\u00e4songsbetonad, endast tillg\u00e4nglig p\u00e5 vintern och \u00e4r den perfekta beskan f\u00f6r din semestermat och dryck.<\/p>\n<p>SEVILLANOS<br \/>\nOFFICIELL COCKTAIL<br \/>\nVackert och aromatiskt orange uttryck<br \/>\n2 OZ R\u00c5GWHISKY<br \/>\n1\/2 OZ MARASCHINO<br \/>\n1\/2 OZ GR\u00d6N CHARTREUSE<br \/>\n3-4 GATOR AV SCRAPPY&#8217;S SEVILLE ORANGE BITTER<br \/>\nR\u00d6R OCH SERVERA MED ETT CITRONSKAL.<\/p>\n<p>Scrappy&#8217;s Bitters grundades av bartendern Miles Thomas, som var tr\u00f6tt p\u00e5 bitters av tvivelaktig kvalitet och best\u00e4mde sig f\u00f6r att ge sig in p\u00e5 sitt eget bitterprojekt. Efter \u00e5r av experimenterande med extraktioner och infusioner fick han det resultat han ville ha. Varje batch \u00e4r gjord med ekologiska ingredienser av h\u00f6gsta kvalitet, utan konstgjorda tillsatser eller f\u00e4rg\u00e4mnen.<\/p>\n","protected":false},"excerpt":{"rendered":"<p>Aromatic Cocktail Bitter<\/p>\n","protected":false},"featured_media":56734,"template":"","meta":{"_acf_changed":false,"rs_blank_template":"","rs_page_bg_color":"","slide_template_v7":""},"product_brand":[],"product_cat":[2394],"product_tag":[],"class_list":{"0":"post-56647","1":"product","2":"type-product","3":"status-publish","4":"has-post-thumbnail","6":"product_cat-bitter-sv","7":"pa_land-usa-sv","8":"pa_procent-47-5-sv","9":"pa_producent-scrappys-bitters-sv","10":"pa_region-washington-state-sv","11":"pa_volume-15-sv","13":"first","14":"instock","15":"sale","16":"taxable","17":"shipping-taxable","18":"purchasable","19":"product-type-simple"},"bundled_by":[],"bundle_stock_status":"instock","bundle_stock_quantity":null,"bundle_virtual":false,"bundle_layout":"","bundle_add_to_cart_form_location":"","bundle_editable_in_cart":false,"bundle_sold_individually_context":"","bundle_item_grouping":"","bundle_min_size":"","bundle_max_size":"","bundle_price":[],"bundled_items":[],"bundle_sell_ids":[],"acf":[],"_links":{"self":[{"href":"https:\/\/www.raschvin.com\/sv\/wp-json\/wp\/v2\/product\/56647","targetHints":{"allow":["GET"]}}],"collection":[{"href":"https:\/\/www.raschvin.com\/sv\/wp-json\/wp\/v2\/product"}],"about":[{"href":"https:\/\/www.raschvin.com\/sv\/wp-json\/wp\/v2\/types\/product"}],"wp:featuredmedia":[{"embeddable":true,"href":"https:\/\/www.raschvin.com\/sv\/wp-json\/wp\/v2\/media\/56734"}],"wp:attachment":[{"href":"https:\/\/www.raschvin.com\/sv\/wp-json\/wp\/v2\/media?parent=56647"}],"wp:term":[{"taxonomy":"product_brand","embeddable":true,"href":"https:\/\/www.raschvin.com\/sv\/wp-json\/wp\/v2\/product_brand?post=56647"},{"taxonomy":"product_cat","embeddable":true,"href":"https:\/\/www.raschvin.com\/sv\/wp-json\/wp\/v2\/product_cat?post=56647"},{"taxonomy":"product_tag","embeddable":true,"href":"https:\/\/www.raschvin.com\/sv\/wp-json\/wp\/v2\/product_tag?post=56647"}],"curies":[{"name":"wp","href":"https:\/\/api.w.org\/{rel}","templated":true}]}}