{"id":56646,"date":"2024-05-29T17:14:45","date_gmt":"2024-05-29T15:14:45","guid":{"rendered":"https:\/\/www.raschvin.com\/produkt\/scrappys-bitters-celery-15-cl-51\/"},"modified":"2024-05-29T17:14:45","modified_gmt":"2024-05-29T15:14:45","slug":"scrappys-bitters-celery-15-cl-51","status":"publish","type":"product","link":"https:\/\/www.raschvin.com\/sv\/produkt\/scrappys-bitters-celery-15-cl-51\/","title":{"rendered":"Scrappy\u2019s Bitters Celery 15 cl. 51%"},"content":{"rendered":"<p>Scrappy&#8217;s Bitters Celery \u00e4r en cocktailbitter som f\u00f6rutom en l\u00e4tt beska har starka toner av selleri och citrus. Den \u00e4r gjord efter ett &#8221;antikrecept&#8221;, vilket s\u00e5klart \u00e4r hemligt. Vi tycker att denna selleribitter fungerar bra i gin &#038; tonics, bloody marys och cocktails med gin, tequila eller chartreuse. Sl\u00e5 inte p\u00e5 det f\u00f6rr\u00e4n du har provat det!<\/p>\n<p>Serveringsf\u00f6rslag: Anv\u00e4nd i mycket sm\u00e5 m\u00e4ngder i cocktails, gin &#038; tonics eller kolsyrat vatten.<\/p>\n<p>Bitter \u00e4r inte bara en ingrediens i klassiker som Old Fashioned och Manhattan, de \u00e4r ocks\u00e5 en genv\u00e4g till helt nya smaker och djup komplexitet i din drink. Den extra dimension som bitter kan ge en cocktail har gett upphov till smeknamnet &#8221;bartenderns salt och peppar&#8221;. N\u00e5gra droppar i till exempel en gin &#038; tonic kan f\u00f6r\u00e4ndra upplevelsen drastiskt!<\/p>\n<p>Med hj\u00e4lp av ett antikt recept \u00e5beropade vi den gamla smaken av en bar fr\u00e5n 1800-talet. Nu kan du g\u00f6ra detsamma med en touch av sellerifr\u00f6 med toner av citrus.<\/p>\n<p>GR\u00d6NT GLAS<br \/>\nOFFICIELL COCKTAIL<br \/>\nUnik kombination av ljust och v\u00e4lsmakande<br \/>\n2 OZ GIN<br \/>\n1\/2 OZ DRY VERMOUTH<br \/>\n1\/2 OZ ST. TYSK<br \/>\n1-2 RADER SCRAPPY&#8217;S SELLERIBITAR<br \/>\nPRIMA EN KLIVA LIME. R\u00d6R \u00d6VER GASS OCH SERVERA MED EN CITRONVIND<\/p>\n<p>Scrappy&#8217;s Bitters grundades av bartendern Miles Thomas, som var tr\u00f6tt p\u00e5 bitters av tvivelaktig kvalitet och best\u00e4mde sig f\u00f6r att ge sig in p\u00e5 sitt eget bitterprojekt. Efter \u00e5r av experimenterande med extraktioner och infusioner fick han det resultat han ville ha. Varje batch \u00e4r gjord med ekologiska ingredienser av h\u00f6gsta kvalitet, utan konstgjorda tillsatser eller f\u00e4rg\u00e4mnen.<\/p>\n","protected":false},"excerpt":{"rendered":"<p>Aromatic Cocktail Bitter<\/p>\n","protected":false},"featured_media":56765,"template":"","meta":{"_acf_changed":false,"rs_blank_template":"","rs_page_bg_color":"","slide_template_v7":""},"product_brand":[],"product_cat":[2394],"product_tag":[],"class_list":{"0":"post-56646","1":"product","2":"type-product","3":"status-publish","4":"has-post-thumbnail","6":"product_cat-bitter-sv","7":"pa_land-usa-sv","8":"pa_procent-51-sv","9":"pa_producent-scrappys-bitters-sv","10":"pa_region-washington-state-sv","11":"pa_volume-15-sv","13":"first","14":"instock","15":"sale","16":"taxable","17":"shipping-taxable","18":"purchasable","19":"product-type-simple"},"bundled_by":[],"bundle_stock_status":"instock","bundle_stock_quantity":null,"bundle_virtual":false,"bundle_layout":"","bundle_add_to_cart_form_location":"","bundle_editable_in_cart":false,"bundle_sold_individually_context":"","bundle_item_grouping":"","bundle_min_size":"","bundle_max_size":"","bundle_price":[],"bundled_items":[],"bundle_sell_ids":[],"acf":[],"_links":{"self":[{"href":"https:\/\/www.raschvin.com\/sv\/wp-json\/wp\/v2\/product\/56646","targetHints":{"allow":["GET"]}}],"collection":[{"href":"https:\/\/www.raschvin.com\/sv\/wp-json\/wp\/v2\/product"}],"about":[{"href":"https:\/\/www.raschvin.com\/sv\/wp-json\/wp\/v2\/types\/product"}],"wp:featuredmedia":[{"embeddable":true,"href":"https:\/\/www.raschvin.com\/sv\/wp-json\/wp\/v2\/media\/56765"}],"wp:attachment":[{"href":"https:\/\/www.raschvin.com\/sv\/wp-json\/wp\/v2\/media?parent=56646"}],"wp:term":[{"taxonomy":"product_brand","embeddable":true,"href":"https:\/\/www.raschvin.com\/sv\/wp-json\/wp\/v2\/product_brand?post=56646"},{"taxonomy":"product_cat","embeddable":true,"href":"https:\/\/www.raschvin.com\/sv\/wp-json\/wp\/v2\/product_cat?post=56646"},{"taxonomy":"product_tag","embeddable":true,"href":"https:\/\/www.raschvin.com\/sv\/wp-json\/wp\/v2\/product_tag?post=56646"}],"curies":[{"name":"wp","href":"https:\/\/api.w.org\/{rel}","templated":true}]}}