{"id":56640,"date":"2024-05-29T17:01:14","date_gmt":"2024-05-29T15:01:14","guid":{"rendered":"https:\/\/www.raschvin.com\/produkt\/scrappys-bitters-lavender-15-cl-508\/"},"modified":"2024-05-29T17:01:14","modified_gmt":"2024-05-29T15:01:14","slug":"scrappys-bitters-lavender-15-cl-508","status":"publish","type":"product","link":"https:\/\/www.raschvin.com\/sv\/produkt\/scrappys-bitters-lavender-15-cl-508\/","title":{"rendered":"Scrappy\u2019s Bitters Lavender 15 cl. 50,8%"},"content":{"rendered":"<p>Scrappy&#8217;s Bitters Lavender \u00e4r en cocktailbitter gjord p\u00e5 lavendel &#8211; en notoriskt sv\u00e5r smak att &#8221;f\u00e5nga&#8221; i sprit utan att den smakar artificiellt parfymerad. Scrappys lavendelbitter \u00e4r ett litet m\u00e4sterverk: fr\u00e4scht, s\u00f6tt och med rundade blommiga toner. Prova det i cocktails med gin, vodka, olagrad armagnac eller tequila.<\/p>\n<p>Serveringsf\u00f6rslag: Anv\u00e4nd i mycket sm\u00e5 m\u00e4ngder i cocktails, gin &#038; tonics eller kolsyrat vatten.<\/p>\n<p>Bitter \u00e4r inte bara en ingrediens i klassiker som Old Fashioned och Manhattan, de \u00e4r ocks\u00e5 en genv\u00e4g till helt nya smaker och djup komplexitet i din drink. Den extra dimension som bitter kan ge en cocktail har gett upphov till smeknamnet &#8221;bartenderns salt och peppar&#8221;. N\u00e5gra droppar i till exempel en gin &#038; tonic kan f\u00f6r\u00e4ndra upplevelsen drastiskt!<\/p>\n<p>V\u00e5r flaggskeppsblandning. Vi \u00e4r skaparna av lavendelbitter. Ljus, s\u00f6t men \u00e4nd\u00e5 anm\u00e4rkningsv\u00e4rt v\u00e4l avrundad. Vi f\u00e5ngade v\u00e5ren i en flaska, vilket g\u00f6r att du kan placera lavendelblommans sj\u00e4l i ett glas.<\/p>\n<p>L\u00d6S DAM<br \/>\nOFFICIELL COCKTAIL<br \/>\nSk\u00f6nt lyxigt och skummigt<br \/>\n2 OZ GIN<br \/>\n1\/2 OZ LIMESAFT<br \/>\n1\/2 OZ ENKEL SIRAP<br \/>\n1\/8 OZ TRANB\u00c4RSJUICE<br \/>\n1 \u00c4GGVITA<br \/>\n2-3 STRIPSAR SCRAPPYS LAVENDELBITS<br \/>\nSKAKA TILL SKUMMAR OCH SERVERA MED M\u00c4RKEDE K\u00d6RSB\u00c4R<\/p>\n<p>Scrappy&#8217;s Bitters grundades av bartendern Miles Thomas, som var tr\u00f6tt p\u00e5 bitters av tvivelaktig kvalitet och best\u00e4mde sig f\u00f6r att ge sig in p\u00e5 sitt eget bitterprojekt. Efter \u00e5r av experimenterande med extraktioner och infusioner fick han det resultat han ville ha. Varje batch \u00e4r gjord med ekologiska ingredienser av h\u00f6gsta kvalitet, utan konstgjorda tillsatser eller f\u00e4rg\u00e4mnen.<\/p>\n","protected":false},"excerpt":{"rendered":"<p>Aromatic Cocktail Bitter<\/p>\n","protected":false},"featured_media":56743,"template":"","meta":{"_acf_changed":false,"rs_blank_template":"","rs_page_bg_color":"","slide_template_v7":""},"product_brand":[],"product_cat":[2394,2743],"product_tag":[],"class_list":{"0":"post-56640","1":"product","2":"type-product","3":"status-publish","4":"has-post-thumbnail","6":"product_cat-bitter-sv","7":"product_cat-brannvin-sv","8":"pa_land-usa-sv","9":"pa_procent-50-8-sv","10":"pa_producent-scrappys-bitters-sv","11":"pa_region-washington-state-sv","12":"pa_volume-15-sv","14":"first","15":"instock","16":"sale","17":"taxable","18":"shipping-taxable","19":"purchasable","20":"product-type-simple"},"bundled_by":[],"bundle_stock_status":"instock","bundle_stock_quantity":null,"bundle_virtual":false,"bundle_layout":"","bundle_add_to_cart_form_location":"","bundle_editable_in_cart":false,"bundle_sold_individually_context":"","bundle_item_grouping":"","bundle_min_size":"","bundle_max_size":"","bundle_price":[],"bundled_items":[],"bundle_sell_ids":[],"acf":[],"_links":{"self":[{"href":"https:\/\/www.raschvin.com\/sv\/wp-json\/wp\/v2\/product\/56640","targetHints":{"allow":["GET"]}}],"collection":[{"href":"https:\/\/www.raschvin.com\/sv\/wp-json\/wp\/v2\/product"}],"about":[{"href":"https:\/\/www.raschvin.com\/sv\/wp-json\/wp\/v2\/types\/product"}],"wp:featuredmedia":[{"embeddable":true,"href":"https:\/\/www.raschvin.com\/sv\/wp-json\/wp\/v2\/media\/56743"}],"wp:attachment":[{"href":"https:\/\/www.raschvin.com\/sv\/wp-json\/wp\/v2\/media?parent=56640"}],"wp:term":[{"taxonomy":"product_brand","embeddable":true,"href":"https:\/\/www.raschvin.com\/sv\/wp-json\/wp\/v2\/product_brand?post=56640"},{"taxonomy":"product_cat","embeddable":true,"href":"https:\/\/www.raschvin.com\/sv\/wp-json\/wp\/v2\/product_cat?post=56640"},{"taxonomy":"product_tag","embeddable":true,"href":"https:\/\/www.raschvin.com\/sv\/wp-json\/wp\/v2\/product_tag?post=56640"}],"curies":[{"name":"wp","href":"https:\/\/api.w.org\/{rel}","templated":true}]}}