{"id":56637,"date":"2024-05-29T16:54:36","date_gmt":"2024-05-29T14:54:36","guid":{"rendered":"https:\/\/www.raschvin.com\/produkt\/scrappys-bitters-cardamom-15-cl-52\/"},"modified":"2024-05-29T16:54:36","modified_gmt":"2024-05-29T14:54:36","slug":"scrappys-bitters-cardamom-15-cl-52","status":"publish","type":"product","link":"https:\/\/www.raschvin.com\/sv\/produkt\/scrappys-bitters-cardamom-15-cl-52\/","title":{"rendered":"Scrappy\u2019s Bitters Cardamom 15 cl. 52%"},"content":{"rendered":"<p>Scrappy&#8217;s Bitters Cardamom \u00e4r en cocktailbitter gjord med kardemumma som det prim\u00e4ra smak\u00e4mnet. De varma, kryddiga kardemummantonerna st\u00f6ds av en frisk fl\u00e4kt av citrus. Scrappy&#8217;s rekommenderar den f\u00f6r rompunch eller i en het toddy. Det fungerar \u00e4ven bra i cocktails med bourbon eller tequila.<\/p>\n<p>Serveringsf\u00f6rslag: Anv\u00e4nd i mycket sm\u00e5 m\u00e4ngder i cocktails, gin &#038; tonics eller kolsyrat vatten.<\/p>\n<p>Sl\u00e4pp den rena essensen av kardemumma balanserad med delikat citrus. Oavsett om du g\u00f6r en berusande rompunch eller l\u00e4ngtansfull v\u00e4rmande toddy, ger kardemummabitter en kraftfull kick till din mix.<\/p>\n<p>DE ELEGANTA KRYDDERNA<br \/>\nOFFICIELL COCKTAIL<br \/>\nDen f\u00e4rska grapefrukten och limejuicen h\u00e5ller den l\u00e4tt och fr\u00e4sch, men tillsatsen av lite kardemummabitter ger bara en touch av krydda och v\u00e4rme.<br \/>\n1 1\/2 OZ VIT ROM<br \/>\n2 1\/2 OZ F\u00c4RSK GRAPEFRUKTSJUICE<br \/>\n1\/2 OZ COINTREAU<br \/>\n1\/2 OZ DRY VERMOUTH<br \/>\n1-2 RADER SCRAPPY&#8217;S KARDEMUMMABITS<br \/>\nKLIMAT AV KALK<br \/>\nSKAKA OCH SERVERA I ETT H\u00d6GT GLAS MED IS.<\/p>\n<p>Bitter \u00e4r inte bara en ingrediens i klassiker som Old Fashioned och Manhattan, de \u00e4r ocks\u00e5 en genv\u00e4g till helt nya smaker och djup komplexitet i din drink. Den extra dimension som bitter kan ge en cocktail har gett upphov till smeknamnet &#8221;bartenderns salt och peppar&#8221;. N\u00e5gra droppar i till exempel en gin &#038; tonic kan f\u00f6r\u00e4ndra upplevelsen drastiskt!<\/p>\n<p>Scrappy&#8217;s Bitters grundades av bartendern Miles Thomas, som var tr\u00f6tt p\u00e5 bitters av tvivelaktig kvalitet och best\u00e4mde sig f\u00f6r att ge sig in p\u00e5 sitt eget bitterprojekt. Efter \u00e5r av experimenterande med extraktioner och infusioner fick han det resultat han ville ha. Varje batch \u00e4r gjord med ekologiska ingredienser av h\u00f6gsta kvalitet, utan konstgjorda tillsatser eller f\u00e4rg\u00e4mnen.<\/p>\n","protected":false},"excerpt":{"rendered":"<p>Aromatic Cocktail Bitter<\/p>\n","protected":false},"featured_media":56725,"template":"","meta":{"_acf_changed":false,"rs_blank_template":"","rs_page_bg_color":"","slide_template_v7":""},"product_brand":[],"product_cat":[2394],"product_tag":[],"class_list":{"0":"post-56637","1":"product","2":"type-product","3":"status-publish","4":"has-post-thumbnail","6":"product_cat-bitter-sv","7":"pa_land-usa-sv","8":"pa_procent-52-sv","9":"pa_producent-scrappys-bitters-sv","10":"pa_region-washington-state-sv","11":"pa_volume-15-sv","13":"first","14":"instock","15":"sale","16":"taxable","17":"shipping-taxable","18":"purchasable","19":"product-type-simple"},"bundled_by":[],"bundle_stock_status":"instock","bundle_stock_quantity":null,"bundle_virtual":false,"bundle_layout":"","bundle_add_to_cart_form_location":"","bundle_editable_in_cart":false,"bundle_sold_individually_context":"","bundle_item_grouping":"","bundle_min_size":"","bundle_max_size":"","bundle_price":[],"bundled_items":[],"bundle_sell_ids":[],"acf":[],"_links":{"self":[{"href":"https:\/\/www.raschvin.com\/sv\/wp-json\/wp\/v2\/product\/56637","targetHints":{"allow":["GET"]}}],"collection":[{"href":"https:\/\/www.raschvin.com\/sv\/wp-json\/wp\/v2\/product"}],"about":[{"href":"https:\/\/www.raschvin.com\/sv\/wp-json\/wp\/v2\/types\/product"}],"wp:featuredmedia":[{"embeddable":true,"href":"https:\/\/www.raschvin.com\/sv\/wp-json\/wp\/v2\/media\/56725"}],"wp:attachment":[{"href":"https:\/\/www.raschvin.com\/sv\/wp-json\/wp\/v2\/media?parent=56637"}],"wp:term":[{"taxonomy":"product_brand","embeddable":true,"href":"https:\/\/www.raschvin.com\/sv\/wp-json\/wp\/v2\/product_brand?post=56637"},{"taxonomy":"product_cat","embeddable":true,"href":"https:\/\/www.raschvin.com\/sv\/wp-json\/wp\/v2\/product_cat?post=56637"},{"taxonomy":"product_tag","embeddable":true,"href":"https:\/\/www.raschvin.com\/sv\/wp-json\/wp\/v2\/product_tag?post=56637"}],"curies":[{"name":"wp","href":"https:\/\/api.w.org\/{rel}","templated":true}]}}