{"id":56630,"date":"2024-05-29T16:41:57","date_gmt":"2024-05-29T14:41:57","guid":{"rendered":"https:\/\/www.raschvin.com\/produkt\/scrappys-bitters-chocolate-15-cl-476\/"},"modified":"2024-05-29T16:41:57","modified_gmt":"2024-05-29T14:41:57","slug":"scrappys-bitters-chocolate-15-cl-476","status":"publish","type":"product","link":"https:\/\/www.raschvin.com\/sv\/produkt\/scrappys-bitters-chocolate-15-cl-476\/","title":{"rendered":"Scrappy&#8217;s Bitters Chocolate 15 cl. 47,6%"},"content":{"rendered":"<p>Scrappy&#8217;s Bitters Chocolate \u00e4r en cocktailbitter gjord med rostade, ekologiska kakaonibs, accentuerade av utvalda kryddor som Scrappy&#8217;s f\u00f6redrar att h\u00e5lla hemliga. Den fina chokladsmaken fungerar bra i cocktails med m\u00f6rk sprit som bourbon, rom eller konjak, men \u00e4r ocks\u00e5 hemma i tequila, b\u00e5de blancos och lagrade versioner.<\/p>\n<p>Serveringsf\u00f6rslag: Anv\u00e4nd i mycket sm\u00e5 m\u00e4ngder i cocktails, gin &#038; tonics eller kolsyrat vatten.<\/p>\n<p>Ekologiska rostade kakaonibs v\u00e4cker denna blandning till liv, och med bara en touch av krydda och ek f\u00f6rmedlar essensen av choklad till alla drycker. Verkligen ett m\u00e5ste i vilken v\u00e4lsorterad bar som helst.<\/p>\n<p>PERFEKT<br \/>\nOFFICIELL COCKTAIL<br \/>\nKomplex men \u00e4nd\u00e5 elegant kakaofinish<br \/>\n2 OZ RUSSIAN VODKA<br \/>\n1\u20442 OZ DRY VERMOUTH<br \/>\n1\u20442 OZ S\u00d6T VERMOUTH<br \/>\n1\u20444 OZ LIQUOR 43<br \/>\n2-3 ST\u00c4MMER SCRAPPY&#8217;S CHOKLADBITTER<br \/>\nR\u00d6R \u00d6VER GASS OCH SERVERA MED CITRONSTRETCH.<\/p>\n<p>Bitter \u00e4r inte bara en ingrediens i klassiker som Old Fashioned och Manhattan, de \u00e4r ocks\u00e5 en genv\u00e4g till helt nya smaker och djup komplexitet i din drink. Den extra dimension som bitter kan ge en cocktail har gett upphov till smeknamnet &#8221;bartenderns salt och peppar&#8221;. N\u00e5gra droppar i till exempel en gin &#038; tonic kan f\u00f6r\u00e4ndra upplevelsen drastiskt!<\/p>\n","protected":false},"excerpt":{"rendered":"<p>Aromatic Cocktail Bitter<\/p>\n","protected":false},"featured_media":56713,"template":"","meta":{"_acf_changed":false,"rs_blank_template":"","rs_page_bg_color":"","slide_template_v7":""},"product_brand":[],"product_cat":[2394],"product_tag":[],"class_list":{"0":"post-56630","1":"product","2":"type-product","3":"status-publish","4":"has-post-thumbnail","6":"product_cat-bitter-sv","7":"pa_land-usa-sv","8":"pa_procent-47-6-sv","9":"pa_producent-scrappys-bitters-sv","10":"pa_region-washington-state-sv","11":"pa_volume-15-sv","13":"first","14":"instock","15":"sale","16":"taxable","17":"shipping-taxable","18":"purchasable","19":"product-type-simple"},"bundled_by":[],"bundle_stock_status":"instock","bundle_stock_quantity":null,"bundle_virtual":false,"bundle_layout":"","bundle_add_to_cart_form_location":"","bundle_editable_in_cart":false,"bundle_sold_individually_context":"","bundle_item_grouping":"","bundle_min_size":"","bundle_max_size":"","bundle_price":[],"bundled_items":[],"bundle_sell_ids":[],"acf":[],"_links":{"self":[{"href":"https:\/\/www.raschvin.com\/sv\/wp-json\/wp\/v2\/product\/56630","targetHints":{"allow":["GET"]}}],"collection":[{"href":"https:\/\/www.raschvin.com\/sv\/wp-json\/wp\/v2\/product"}],"about":[{"href":"https:\/\/www.raschvin.com\/sv\/wp-json\/wp\/v2\/types\/product"}],"wp:featuredmedia":[{"embeddable":true,"href":"https:\/\/www.raschvin.com\/sv\/wp-json\/wp\/v2\/media\/56713"}],"wp:attachment":[{"href":"https:\/\/www.raschvin.com\/sv\/wp-json\/wp\/v2\/media?parent=56630"}],"wp:term":[{"taxonomy":"product_brand","embeddable":true,"href":"https:\/\/www.raschvin.com\/sv\/wp-json\/wp\/v2\/product_brand?post=56630"},{"taxonomy":"product_cat","embeddable":true,"href":"https:\/\/www.raschvin.com\/sv\/wp-json\/wp\/v2\/product_cat?post=56630"},{"taxonomy":"product_tag","embeddable":true,"href":"https:\/\/www.raschvin.com\/sv\/wp-json\/wp\/v2\/product_tag?post=56630"}],"curies":[{"name":"wp","href":"https:\/\/api.w.org\/{rel}","templated":true}]}}