{"id":56623,"date":"2024-05-29T16:29:46","date_gmt":"2024-05-29T14:29:46","guid":{"rendered":"https:\/\/www.raschvin.com\/produkt\/scrappys-bitters-orleans-15-cl-47\/"},"modified":"2024-05-29T16:29:46","modified_gmt":"2024-05-29T14:29:46","slug":"scrappys-bitters-orleans-15-cl-47","status":"publish","type":"product","link":"https:\/\/www.raschvin.com\/sv\/produkt\/scrappys-bitters-orleans-15-cl-47\/","title":{"rendered":"Scrappy&#8217;s Bitters Orleans 15 cl. 47%"},"content":{"rendered":"<p>Scrappy&#8217;s Orleans Bitters \u00e4r den senaste produktutg\u00e5van till denna linje av klassiska bittra smaker. Orleans \u00e4r en bitter i New Orleans-stil med en fr\u00e4sch bukett och en stark anismak kompletterad med toner av citrus, kanel och en bitter blommig finish, denna bitter \u00e4r perfekt f\u00f6r din Sazerac, Vieux Carres och allt d\u00e4remellan.<\/p>\n<p>SAZERAC<br \/>\nOFFICIELL COCKTAIL<br \/>\nEn riktig klassiker med moderna uppgraderingar<br \/>\n3 OZ R\u00c5G WHISKEY<br \/>\n3\/4 OZ ENKEL SIRAP<br \/>\n3-4 RADER SCRAPPY&#8217;S ORLEANS BITTER<br \/>\nR\u00d6R I ETT KYLT GLAS MED EN ABSINTSK\u00d6LJNING.<br \/>\nGARNERA MED ETT CITRONSKAL<\/p>\n<p>Scrappy&#8217;s Bitters grundades av bartendern Miles Thomas, som var tr\u00f6tt p\u00e5 bitters av tvivelaktig kvalitet och best\u00e4mde sig f\u00f6r att ge sig in p\u00e5 sitt eget bitterprojekt. Efter \u00e5r av experimenterande med extraktioner och infusioner fick han det resultat han ville ha. Varje batch \u00e4r gjord med ekologiska ingredienser av h\u00f6gsta kvalitet, utan konstgjorda tillsatser eller f\u00e4rg\u00e4mnen.<\/p>\n","protected":false},"excerpt":{"rendered":"<p>Aromatic Cocktail Bitter<\/p>\n","protected":false},"featured_media":56746,"template":"","meta":{"_acf_changed":false,"rs_blank_template":"","rs_page_bg_color":"","slide_template_v7":""},"product_brand":[],"product_cat":[2394],"product_tag":[],"class_list":{"0":"post-56623","1":"product","2":"type-product","3":"status-publish","4":"has-post-thumbnail","6":"product_cat-bitter-sv","7":"pa_land-usa-sv","8":"pa_procent-47-sv","9":"pa_producent-scrappys-bitters-sv","10":"pa_region-washington-state-sv","11":"pa_volume-15-sv","13":"first","14":"instock","15":"sale","16":"taxable","17":"shipping-taxable","18":"purchasable","19":"product-type-simple"},"bundled_by":[],"bundle_stock_status":"instock","bundle_stock_quantity":null,"bundle_virtual":false,"bundle_layout":"","bundle_add_to_cart_form_location":"","bundle_editable_in_cart":false,"bundle_sold_individually_context":"","bundle_item_grouping":"","bundle_min_size":"","bundle_max_size":"","bundle_price":[],"bundled_items":[],"bundle_sell_ids":[],"acf":[],"_links":{"self":[{"href":"https:\/\/www.raschvin.com\/sv\/wp-json\/wp\/v2\/product\/56623","targetHints":{"allow":["GET"]}}],"collection":[{"href":"https:\/\/www.raschvin.com\/sv\/wp-json\/wp\/v2\/product"}],"about":[{"href":"https:\/\/www.raschvin.com\/sv\/wp-json\/wp\/v2\/types\/product"}],"wp:featuredmedia":[{"embeddable":true,"href":"https:\/\/www.raschvin.com\/sv\/wp-json\/wp\/v2\/media\/56746"}],"wp:attachment":[{"href":"https:\/\/www.raschvin.com\/sv\/wp-json\/wp\/v2\/media?parent=56623"}],"wp:term":[{"taxonomy":"product_brand","embeddable":true,"href":"https:\/\/www.raschvin.com\/sv\/wp-json\/wp\/v2\/product_brand?post=56623"},{"taxonomy":"product_cat","embeddable":true,"href":"https:\/\/www.raschvin.com\/sv\/wp-json\/wp\/v2\/product_cat?post=56623"},{"taxonomy":"product_tag","embeddable":true,"href":"https:\/\/www.raschvin.com\/sv\/wp-json\/wp\/v2\/product_tag?post=56623"}],"curies":[{"name":"wp","href":"https:\/\/api.w.org\/{rel}","templated":true}]}}