{"id":56527,"date":"2024-05-28T20:12:58","date_gmt":"2024-05-28T18:12:58","guid":{"rendered":"https:\/\/www.raschvin.com\/produkt\/chichibu-2016-single-cask-4701-spanish-new-vibrations-70-cl-631\/"},"modified":"2024-05-28T20:34:51","modified_gmt":"2024-05-28T18:34:51","slug":"chichibu-2016-single-cask-4701-spanish-new-vibrations-70-cl-631","status":"publish","type":"product","link":"https:\/\/www.raschvin.com\/sv\/produkt\/chichibu-2016-single-cask-4701-spanish-new-vibrations-70-cl-631\/","title":{"rendered":"Chichibu 2016 Single Cask #6959 Spanish New Vibrations 70 cl. 63,1%"},"content":{"rendered":"<p>Chichibu LMDW New Vibrations 2016 Cask #6959 \u00e4r en japansk single malt whisky fr\u00e5n Chichibu. The New Vibrations Collection fr\u00e5n La Maison du Whisky inneh\u00e5ller fyra buteljeringar p\u00e5 ett fat fr\u00e5n Chichibu-destilleriet, gjorda med olika kornvarianter och fattyper. De naturinspirerade etiketterna i New Vibrations Collection har skapats av den prisbel\u00f6nta japanska konstn\u00e4ren och grafiska designern Katsumi Komagata, k\u00e4nd f\u00f6r sitt livliga pappershantverk. Chichibu LMDW New Vibrations 2016 Cask #6959 destillerades 2016 och mognade i en andra fyllning av spansk ek sherry hogshead. Den buteljerades 2023 till 63,1 %. Endast 289 flaskor har sl\u00e4ppts.<\/p>\n","protected":false},"excerpt":{"rendered":"<p>Single Malt Japanese Whisky<\/p>\n","protected":false},"featured_media":56564,"template":"","meta":{"_acf_changed":false,"rs_blank_template":"","rs_page_bg_color":"","slide_template_v7":""},"product_brand":[],"product_cat":[2387,4651,2392],"product_tag":[],"class_list":{"0":"post-56527","1":"product","2":"type-product","3":"status-publish","4":"has-post-thumbnail","6":"product_cat-avec-sv","7":"product_cat-single-malt-sv","8":"product_cat-whisky-sv","9":"pa_land-japan-sv","10":"pa_procent-63-1-sv","11":"pa_producent-chichibu-distillery-sv","12":"pa_region-honshu-sv","13":"pa_vintage-2016-sv","14":"pa_volume-70-sv-2","16":"first","17":"instock","18":"taxable","19":"shipping-taxable","20":"purchasable","21":"product-type-simple"},"bundled_by":[],"bundle_stock_status":"instock","bundle_stock_quantity":null,"bundle_virtual":false,"bundle_layout":"","bundle_add_to_cart_form_location":"","bundle_editable_in_cart":false,"bundle_sold_individually_context":"","bundle_item_grouping":"","bundle_min_size":"","bundle_max_size":"","bundle_price":[],"bundled_items":[],"bundle_sell_ids":[],"acf":[],"_links":{"self":[{"href":"https:\/\/www.raschvin.com\/sv\/wp-json\/wp\/v2\/product\/56527","targetHints":{"allow":["GET"]}}],"collection":[{"href":"https:\/\/www.raschvin.com\/sv\/wp-json\/wp\/v2\/product"}],"about":[{"href":"https:\/\/www.raschvin.com\/sv\/wp-json\/wp\/v2\/types\/product"}],"wp:featuredmedia":[{"embeddable":true,"href":"https:\/\/www.raschvin.com\/sv\/wp-json\/wp\/v2\/media\/56564"}],"wp:attachment":[{"href":"https:\/\/www.raschvin.com\/sv\/wp-json\/wp\/v2\/media?parent=56527"}],"wp:term":[{"taxonomy":"product_brand","embeddable":true,"href":"https:\/\/www.raschvin.com\/sv\/wp-json\/wp\/v2\/product_brand?post=56527"},{"taxonomy":"product_cat","embeddable":true,"href":"https:\/\/www.raschvin.com\/sv\/wp-json\/wp\/v2\/product_cat?post=56527"},{"taxonomy":"product_tag","embeddable":true,"href":"https:\/\/www.raschvin.com\/sv\/wp-json\/wp\/v2\/product_tag?post=56527"}],"curies":[{"name":"wp","href":"https:\/\/api.w.org\/{rel}","templated":true}]}}