{"id":56524,"date":"2024-05-28T20:06:30","date_gmt":"2024-05-28T18:06:30","guid":{"rendered":"https:\/\/www.raschvin.com\/produkt\/chichibu-2015-single-cask-4701-peat-new-vibrations-70-cl-633\/"},"modified":"2024-05-28T20:07:43","modified_gmt":"2024-05-28T18:07:43","slug":"chichibu-2015-single-cask-4701-peat-new-vibrations-70-cl-633","status":"publish","type":"product","link":"https:\/\/www.raschvin.com\/sv\/produkt\/chichibu-2015-single-cask-4701-peat-new-vibrations-70-cl-633\/","title":{"rendered":"Chichibu 2015 Single Cask #4701 Peat New Vibrations 70 cl. 63,3%"},"content":{"rendered":"<p>Chichibu 7 Years Old LMDW New Vibrations 2015 Cask #4701 \u00e4r en kraftigt torvd singelmalt fr\u00e5n Chichibu-destilleriet i Japan, sl\u00e4ppt speciellt f\u00f6r La Maison du Whiskys 2023-kollektion New Vibrations. Singelmalten destillerades 2015 och mognade i 7 \u00e5r i ett f\u00f6rsta-fill bourbonfat. Den buteljerades 2023 till 63,3 %. Destilleriet Chichibu grundades 2007 av Ichiro Akuto och startade produktionen \u00e5ret efter. Som det f\u00f6rsta nya japanska destilleriet sedan 1973 startade Chichibu ett nytt kapitel i Japans whiskyhistoria. En av 192 flaskor.<\/p>\n","protected":false},"excerpt":{"rendered":"<p>Single Malt Japanese Whisky<\/p>\n","protected":false},"featured_media":56573,"template":"","meta":{"_acf_changed":false,"rs_blank_template":"","rs_page_bg_color":"","slide_template_v7":""},"product_brand":[],"product_cat":[2392,9263,9266],"product_tag":[],"class_list":{"0":"post-56524","1":"product","2":"type-product","3":"status-publish","4":"has-post-thumbnail","6":"product_cat-whisky-sv","7":"product_cat-world-whisky","8":"product_cat-japanese-whisky","9":"pa_land-japan-sv","10":"pa_procent-63-3-sv","11":"pa_producent-chichibu-distillery-sv","12":"pa_region-honshu-sv","13":"pa_vintage-2015-sv","14":"pa_volume-70-sv-2","16":"first","17":"instock","18":"taxable","19":"shipping-taxable","20":"purchasable","21":"product-type-simple"},"bundled_by":[],"bundle_stock_status":"instock","bundle_stock_quantity":null,"bundle_virtual":false,"bundle_layout":"","bundle_add_to_cart_form_location":"","bundle_editable_in_cart":false,"bundle_sold_individually_context":"","bundle_item_grouping":"","bundle_min_size":"","bundle_max_size":"","bundle_price":[],"bundled_items":[],"bundle_sell_ids":[],"acf":[],"_links":{"self":[{"href":"https:\/\/www.raschvin.com\/sv\/wp-json\/wp\/v2\/product\/56524","targetHints":{"allow":["GET"]}}],"collection":[{"href":"https:\/\/www.raschvin.com\/sv\/wp-json\/wp\/v2\/product"}],"about":[{"href":"https:\/\/www.raschvin.com\/sv\/wp-json\/wp\/v2\/types\/product"}],"wp:featuredmedia":[{"embeddable":true,"href":"https:\/\/www.raschvin.com\/sv\/wp-json\/wp\/v2\/media\/56573"}],"wp:attachment":[{"href":"https:\/\/www.raschvin.com\/sv\/wp-json\/wp\/v2\/media?parent=56524"}],"wp:term":[{"taxonomy":"product_brand","embeddable":true,"href":"https:\/\/www.raschvin.com\/sv\/wp-json\/wp\/v2\/product_brand?post=56524"},{"taxonomy":"product_cat","embeddable":true,"href":"https:\/\/www.raschvin.com\/sv\/wp-json\/wp\/v2\/product_cat?post=56524"},{"taxonomy":"product_tag","embeddable":true,"href":"https:\/\/www.raschvin.com\/sv\/wp-json\/wp\/v2\/product_tag?post=56524"}],"curies":[{"name":"wp","href":"https:\/\/api.w.org\/{rel}","templated":true}]}}