{"id":56521,"date":"2024-05-28T19:59:44","date_gmt":"2024-05-28T17:59:44","guid":{"rendered":"https:\/\/www.raschvin.com\/produkt\/chichibu-2015-single-cask-12508-koshu-new-vibrations-70-cl-628\/"},"modified":"2024-05-28T19:59:44","modified_gmt":"2024-05-28T17:59:44","slug":"chichibu-2015-single-cask-12508-koshu-new-vibrations-70-cl-628","status":"publish","type":"product","link":"https:\/\/www.raschvin.com\/sv\/produkt\/chichibu-2015-single-cask-12508-koshu-new-vibrations-70-cl-628\/","title":{"rendered":"Chichibu 2015 Single Cask #12508 Koshu New Vibrations 70 cl. 62,8%"},"content":{"rendered":"<p>Chichibu LMDW New Vibrations 2015 Cask #12508 \u00e4r en japansk single malt whisky fr\u00e5n Chichibu. The New Vibrations Collection fr\u00e5n La Maison du Whisky inneh\u00e5ller fyra enfatstappningar fr\u00e5n Chichibu-destilleriet, gjorda med olika kornvarianter och fattyper. De naturinspirerade etiketterna i New Vibrations Collection har skapats av den prisbel\u00f6nta japanska konstn\u00e4ren och grafiska designern Katsumi Komagata, k\u00e4nd f\u00f6r sitt livliga pappershantverk. Chichibu LMDW New Vibrations 2015 Cask #12508 destillerades 2015 och mognade p\u00e5 ett fat som tidigare inneh\u00f6ll Koshu, ett japanskt vitt vin. Single malten buteljerades 2023 till 62,8 %. Endast 274 flaskor har sl\u00e4ppts.<\/p>\n<p>De officiella smaknoterna beskriver en livlig och distingerad n\u00e4sa med en ton av peppar, v\u00e4rme, citron och vanilj. P\u00e5 gommen \u00e4r den fyllig och intensiv med en vacker choklad- och maltbeska f\u00f6ljt av delikata blommiga och exotiska frukttoner. Avslutningen \u00e4r l\u00e5ng och rik, med koncentrerade smaker av frukt, kryddor och honung, med inslag av medicinska, kr\u00e4miga och rustika inslag. Den t\u00e4ta eftersmaken avsl\u00f6jar inslag av lakrits och \u00e4dla kryddor.<\/p>\n","protected":false},"excerpt":{"rendered":"<p>Single Malt Japanese Whisky<\/p>\n","protected":false},"featured_media":56579,"template":"","meta":{"_acf_changed":false,"rs_blank_template":"","rs_page_bg_color":"","slide_template_v7":""},"product_brand":[],"product_cat":[2392,9263,9266],"product_tag":[],"class_list":{"0":"post-56521","1":"product","2":"type-product","3":"status-publish","4":"has-post-thumbnail","6":"product_cat-whisky-sv","7":"product_cat-world-whisky","8":"product_cat-japanese-whisky","9":"pa_land-japan-sv","10":"pa_procent-62-8-sv","11":"pa_producent-chichibu-distillery-sv","12":"pa_region-honshu-sv","13":"pa_traefad-koshu-sv","14":"pa_vintage-2015-sv","15":"pa_volume-70-sv-2","17":"first","18":"instock","19":"taxable","20":"shipping-taxable","21":"purchasable","22":"product-type-simple"},"bundled_by":[],"bundle_stock_status":"instock","bundle_stock_quantity":null,"bundle_virtual":false,"bundle_layout":"","bundle_add_to_cart_form_location":"","bundle_editable_in_cart":false,"bundle_sold_individually_context":"","bundle_item_grouping":"","bundle_min_size":"","bundle_max_size":"","bundle_price":[],"bundled_items":[],"bundle_sell_ids":[],"acf":[],"_links":{"self":[{"href":"https:\/\/www.raschvin.com\/sv\/wp-json\/wp\/v2\/product\/56521","targetHints":{"allow":["GET"]}}],"collection":[{"href":"https:\/\/www.raschvin.com\/sv\/wp-json\/wp\/v2\/product"}],"about":[{"href":"https:\/\/www.raschvin.com\/sv\/wp-json\/wp\/v2\/types\/product"}],"wp:featuredmedia":[{"embeddable":true,"href":"https:\/\/www.raschvin.com\/sv\/wp-json\/wp\/v2\/media\/56579"}],"wp:attachment":[{"href":"https:\/\/www.raschvin.com\/sv\/wp-json\/wp\/v2\/media?parent=56521"}],"wp:term":[{"taxonomy":"product_brand","embeddable":true,"href":"https:\/\/www.raschvin.com\/sv\/wp-json\/wp\/v2\/product_brand?post=56521"},{"taxonomy":"product_cat","embeddable":true,"href":"https:\/\/www.raschvin.com\/sv\/wp-json\/wp\/v2\/product_cat?post=56521"},{"taxonomy":"product_tag","embeddable":true,"href":"https:\/\/www.raschvin.com\/sv\/wp-json\/wp\/v2\/product_tag?post=56521"}],"curies":[{"name":"wp","href":"https:\/\/api.w.org\/{rel}","templated":true}]}}