{"id":56518,"date":"2024-05-28T19:51:13","date_gmt":"2024-05-28T17:51:13","guid":{"rendered":"https:\/\/www.raschvin.com\/produkt\/chichibu-whisky-magazine-ib-collection-hua-yang-70-cl-623\/"},"modified":"2024-05-28T19:51:13","modified_gmt":"2024-05-28T17:51:13","slug":"chichibu-whisky-magazine-ib-collection-hua-yang-70-cl-623","status":"publish","type":"product","link":"https:\/\/www.raschvin.com\/sv\/produkt\/chichibu-whisky-magazine-ib-collection-hua-yang-70-cl-623\/","title":{"rendered":"Chichibu Whisky Magazine IB Collection Hua Yang 70 cl. 62,3%"},"content":{"rendered":"<p>Chichibu 2015 7 Year Old Whisky Magazine Collection \u00e4r en tappning i samarbete mellan buteljeraren Hua Yang och det ber\u00f6mda Whiskey Magazine. I deras triptyk om Japan hittar vi det ber\u00f6mda Saitama-destilleriet, Chichibu. Denna singelmalt kommer fr\u00e5n mognad i ett Koshu ex-Chardonnay vinfat (fat 12509). Buteljerat p\u00e5 62,3 % avsl\u00f6jar detta enstaka fat en gener\u00f6s och kontrasterande karakt\u00e4r. Ett m\u00e5ste f\u00f6r destillerifantaster!<\/p>\n","protected":false},"excerpt":{"rendered":"<p>Single Malt Japanese Whisky<\/p>\n","protected":false},"featured_media":56570,"template":"","meta":{"_acf_changed":false,"rs_blank_template":"","rs_page_bg_color":"","slide_template_v7":""},"product_brand":[],"product_cat":[2392,9263,9266],"product_tag":[],"class_list":{"0":"post-56518","1":"product","2":"type-product","3":"status-publish","4":"has-post-thumbnail","6":"product_cat-whisky-sv","7":"product_cat-world-whisky","8":"product_cat-japanese-whisky","9":"pa_land-japan-sv","10":"pa_procent-62-3-sv","11":"pa_producent-chichibu-distillery-sv","12":"pa_region-honshu-sv","13":"pa_volume-70-sv-2","15":"first","16":"instock","17":"taxable","18":"shipping-taxable","19":"purchasable","20":"product-type-simple"},"bundled_by":[],"bundle_stock_status":"instock","bundle_stock_quantity":null,"bundle_virtual":false,"bundle_layout":"","bundle_add_to_cart_form_location":"","bundle_editable_in_cart":false,"bundle_sold_individually_context":"","bundle_item_grouping":"","bundle_min_size":"","bundle_max_size":"","bundle_price":[],"bundled_items":[],"bundle_sell_ids":[],"acf":[],"_links":{"self":[{"href":"https:\/\/www.raschvin.com\/sv\/wp-json\/wp\/v2\/product\/56518","targetHints":{"allow":["GET"]}}],"collection":[{"href":"https:\/\/www.raschvin.com\/sv\/wp-json\/wp\/v2\/product"}],"about":[{"href":"https:\/\/www.raschvin.com\/sv\/wp-json\/wp\/v2\/types\/product"}],"wp:featuredmedia":[{"embeddable":true,"href":"https:\/\/www.raschvin.com\/sv\/wp-json\/wp\/v2\/media\/56570"}],"wp:attachment":[{"href":"https:\/\/www.raschvin.com\/sv\/wp-json\/wp\/v2\/media?parent=56518"}],"wp:term":[{"taxonomy":"product_brand","embeddable":true,"href":"https:\/\/www.raschvin.com\/sv\/wp-json\/wp\/v2\/product_brand?post=56518"},{"taxonomy":"product_cat","embeddable":true,"href":"https:\/\/www.raschvin.com\/sv\/wp-json\/wp\/v2\/product_cat?post=56518"},{"taxonomy":"product_tag","embeddable":true,"href":"https:\/\/www.raschvin.com\/sv\/wp-json\/wp\/v2\/product_tag?post=56518"}],"curies":[{"name":"wp","href":"https:\/\/api.w.org\/{rel}","templated":true}]}}