{"id":56514,"date":"2024-05-28T19:43:01","date_gmt":"2024-05-28T17:43:01","guid":{"rendered":"https:\/\/www.raschvin.com\/produkt\/ichiros-malt-chichibu-red-wine-cask-2023-70-cl-505\/"},"modified":"2024-05-28T19:43:01","modified_gmt":"2024-05-28T17:43:01","slug":"ichiros-malt-chichibu-red-wine-cask-2023-70-cl-505","status":"publish","type":"product","link":"https:\/\/www.raschvin.com\/sv\/produkt\/ichiros-malt-chichibu-red-wine-cask-2023-70-cl-505\/","title":{"rendered":"Ichiro\u2019s Malt Chichibu Red Wine Cask 2023 70 cl. 50,5%"},"content":{"rendered":"<p>Chichibu Red Wine Cask 2023 Single Malt Whisky<\/p>\n<p>Chichibu Red Wine Cask 2023 lagrades p\u00e5 r\u00f6dvinsfat fr\u00e5n Frankrike, USA, Nya Zeeland och Japan, resultatet blev en djup Single Malt med komplexa smaker.<\/p>\n<p>     N\u00e4sa: S\u00f6tma, malt, vanilj, l\u00e4tt pepprig kardemumma, br\u00e4nd kola, r\u00f6d frukt.<\/p>\n<p>     Smak: S\u00f6tma fr\u00e5n m\u00e4ltat korn, kola, scone och fat. Klara tanniner och syltig r\u00f6d frukt.<\/p>\n<p>     Finish: L\u00e5ng finish, syltig r\u00f6d och svart frukt, melass, peppar.<\/p>\n","protected":false},"excerpt":{"rendered":"<p>Single Malt Japanese Whisky<\/p>\n","protected":false},"featured_media":56585,"template":"","meta":{"_acf_changed":false,"rs_blank_template":"","rs_page_bg_color":"","slide_template_v7":""},"product_brand":[],"product_cat":[2392,9263,9266],"product_tag":[],"class_list":{"0":"post-56514","1":"product","2":"type-product","3":"status-publish","4":"has-post-thumbnail","6":"product_cat-whisky-sv","7":"product_cat-world-whisky","8":"product_cat-japanese-whisky","9":"pa_aargang-2023-sv","10":"pa_land-japan-sv","11":"pa_procent-50-5-sv","12":"pa_producent-chichibu-distillery-sv","13":"pa_region-honshu-sv","14":"pa_traefad-red-wine-sv","15":"pa_volume-70-sv-2","17":"first","18":"instock","19":"taxable","20":"shipping-taxable","21":"purchasable","22":"product-type-simple"},"bundled_by":[],"bundle_stock_status":"instock","bundle_stock_quantity":null,"bundle_virtual":false,"bundle_layout":"","bundle_add_to_cart_form_location":"","bundle_editable_in_cart":false,"bundle_sold_individually_context":"","bundle_item_grouping":"","bundle_min_size":"","bundle_max_size":"","bundle_price":[],"bundled_items":[],"bundle_sell_ids":[],"acf":[],"_links":{"self":[{"href":"https:\/\/www.raschvin.com\/sv\/wp-json\/wp\/v2\/product\/56514","targetHints":{"allow":["GET"]}}],"collection":[{"href":"https:\/\/www.raschvin.com\/sv\/wp-json\/wp\/v2\/product"}],"about":[{"href":"https:\/\/www.raschvin.com\/sv\/wp-json\/wp\/v2\/types\/product"}],"wp:featuredmedia":[{"embeddable":true,"href":"https:\/\/www.raschvin.com\/sv\/wp-json\/wp\/v2\/media\/56585"}],"wp:attachment":[{"href":"https:\/\/www.raschvin.com\/sv\/wp-json\/wp\/v2\/media?parent=56514"}],"wp:term":[{"taxonomy":"product_brand","embeddable":true,"href":"https:\/\/www.raschvin.com\/sv\/wp-json\/wp\/v2\/product_brand?post=56514"},{"taxonomy":"product_cat","embeddable":true,"href":"https:\/\/www.raschvin.com\/sv\/wp-json\/wp\/v2\/product_cat?post=56514"},{"taxonomy":"product_tag","embeddable":true,"href":"https:\/\/www.raschvin.com\/sv\/wp-json\/wp\/v2\/product_tag?post=56514"}],"curies":[{"name":"wp","href":"https:\/\/api.w.org\/{rel}","templated":true}]}}